{"id":25950,"date":"2021-06-27T08:20:16","date_gmt":"2021-06-27T08:20:16","guid":{"rendered":"https:\/\/www.agroruralsurf.com\/actividades-por-grupos\/"},"modified":"2025-09-03T15:03:23","modified_gmt":"2025-09-03T15:03:23","slug":"actividades-para-grupos-surf-paddle-surf-aniversarios-despedidas-team-buildings","status":"publish","type":"page","link":"https:\/\/www.agroruralsurf.com\/es\/actividades-para-grupos-surf-paddle-surf-aniversarios-despedidas-team-buildings\/","title":{"rendered":"Actividades para grupos"},"content":{"rendered":"<p>[vc_row row_type=\u00bbrow\u00bb use_row_as_full_screen_section=\u00bbno\u00bb type=\u00bbfull_width\u00bb angled_section=\u00bbno\u00bb text_align=\u00bbleft\u00bb background_image_as_pattern=\u00bbwithout_pattern\u00bb z_index=\u00bb\u00bb][vc_column][vc_single_image image=\u00bb30835&#8243;][\/vc_column][\/vc_row][vc_row css_animation=\u00bbelement_from_fade\u00bb row_type=\u00bbrow\u00bb use_row_as_full_screen_section=\u00bbno\u00bb type=\u00bbfull_width\u00bb angled_section=\u00bbno\u00bb text_align=\u00bbleft\u00bb background_image_as_pattern=\u00bbwithout_pattern\u00bb z_index=\u00bb\u00bb css=\u00bb.vc_custom_1733988884728{padding-top: 5% !important;padding-right: 7% !important;padding-bottom: 5% !important;padding-left: 7% !important;}\u00bb][vc_column css_animation=\u00bbfadeIn\u00bb][vc_column_text]<\/p>\n<h1 style=\"text-align: left;\">SURF FOR FUN<\/h1>\n<p>[\/vc_column_text][vc_column_text]<\/p>\n<h3 style=\"text-align: left;\">Actividades para grupos, paddle surf, surf, ioga, despedidas de soltero\/a, aniversarios o team buildings.<\/h3>\n<p>[\/vc_column_text][vc_column_text css=\u00bb.vc_custom_1686838099606{padding-top: 35px !important;}\u00bb]<\/p>\n<p style=\"text-align: left;\">Ofrecemos eventos l\u00fadicos relacionados con las actividades que trabajamos en la escuela y enfocados a grupos de adultos o infnados con ganas de pasar un d\u00eda practicando una actividad diferente, en un medio poco habitual, ya sea por una despedida de soltero\/a, por cumplea\u00f1os, celebraciones varias, team buildings o actividades por empresas. Utilizaremos diferentes elementos de agua como el surf o el paddle surf y\/o sesiones de yoga o skate. Durante el verano tenemos a disposici\u00f3n un espacio adaptado para disfrutar una vez haya terminado la actividad, con pista de voley, sombrera, ya posibilidad de quedarse a hacer el pic-nic.<\/p>\n<p>[\/vc_column_text][\/vc_column][\/vc_row][vc_row css_animation=\u00bbelement_from_fade\u00bb row_type=\u00bbrow\u00bb use_row_as_full_screen_section=\u00bbno\u00bb type=\u00bbfull_width\u00bb angled_section=\u00bbno\u00bb text_align=\u00bbleft\u00bb background_image_as_pattern=\u00bbwithout_pattern\u00bb z_index=\u00bb\u00bb css=\u00bb.vc_custom_1733989368684{padding-top: 5% !important;padding-right: 7% !important;padding-bottom: 5% !important;padding-left: 7% !important;background-color: #f2dab2 !important;}\u00bb][vc_column css_animation=\u00bbfadeIn\u00bb][vc_column_text]<\/p>\n<h3 style=\"text-align: left;\">Eventos a medida, escoja la actividad que m\u00e1s encaje con vosotros!<\/h3>\n<p>[\/vc_column_text][\/vc_column][\/vc_row][vc_row row_type=\u00bbrow\u00bb use_row_as_full_screen_section=\u00bbno\u00bb type=\u00bbfull_width\u00bb angled_section=\u00bbno\u00bb text_align=\u00bbcenter\u00bb background_image_as_pattern=\u00bbwithout_pattern\u00bb z_index=\u00bb\u00bb css=\u00bb.vc_custom_1733988906936{padding-top: 5% !important;padding-right: 7% !important;padding-bottom: 5% !important;padding-left: 7% !important;}\u00bb][vc_column css_animation=\u00bbfadeIn\u00bb width=\u00bb1\/3&#8243; css=\u00bb.vc_custom_1682329493878{margin-right: 10px !important;padding-top: 35px !important;}\u00bb][vc_icon icon_fontawesome=\u00bbfas fa-snowboarding\u00bb color=\u00bbcustom\u00bb size=\u00bblg\u00bb css_animation=\u00bbnone\u00bb custom_color=\u00bb#f2dab2&#8243;][vc_column_text css=\u00bb.vc_custom_1686838184720{padding-bottom: 3% !important;}\u00bb]<\/p>\n<h3 style=\"text-align: left;\">Qu\u00e9 hacemos?<\/h3>\n<p>[\/vc_column_text][vc_column_text css=\u00bb.vc_custom_1686838200555{padding-bottom: 3% !important;}\u00bb]<\/p>\n<p style=\"text-align: left;\">Haga sol, lluvia, olas grandes o mar llano, el abanico de posibilidades que tenemos es enorme. Empezando por juegos b\u00e1sicos de equilibrio y competiciones por parejas dentro del local o en la casita de la playa, partidos de voley playa, gimkanas o team buildings dentro del agua o fuera. Salidas de paddle surf, sesiones de iniciaci\u00f3n al surf, clases de skate o surfskate o din\u00e1micas de grupo con juegos en el agua utilizando tablas de paddle y surf.<\/p>\n<p>[\/vc_column_text][\/vc_column][vc_column width=\u00bb1\/3&#8243; css=\u00bb.vc_custom_1682329638842{padding-top: 35px !important;}\u00bb][vc_icon icon_fontawesome=\u00bbfas fa-feather-alt\u00bb color=\u00bbcustom\u00bb size=\u00bblg\u00bb css_animation=\u00bbnone\u00bb custom_color=\u00bb#f2dab2&#8243;][vc_column_text css=\u00bb.vc_custom_1756911708908{padding-bottom: 3% !important;}\u00bb]<\/p>\n<h3 style=\"text-align: left;\">Cu\u00e1ndo lo hacemos?<\/h3>\n<p>[\/vc_column_text][vc_column_text css=\u00bb.vc_custom_1686838212973{padding-bottom: 3% !important;}\u00bb]<\/p>\n<p style=\"text-align: left;\">Si tenemos en cuenta que trabajamos con el medio natural, la variedad de condiciones meteorol\u00f3gicas que podemos encontrarnos es inmensamente amplia y que depender\u00e1 del tipo de actividad que podamos realizar. Cada d\u00eda adaptamos nuestras actividades a las condiciones que nos encontramos, pero puede estar seguros de que no faltar\u00e1 din\u00e1mica, que aprender\u00e1 cosas nuevas sobre su cuerpo, que se sorprender\u00e1 viendo a sus compa\u00f1eros y que se hartar\u00e1 de risa.<\/p>\n<p>[\/vc_column_text][\/vc_column][vc_column width=\u00bb1\/3&#8243; css=\u00bb.vc_custom_1682329644871{padding-top: 35px !important;}\u00bb][vc_icon icon_fontawesome=\u00bbfar fa-money-bill-alt\u00bb color=\u00bbcustom\u00bb size=\u00bblg\u00bb css_animation=\u00bbnone\u00bb custom_color=\u00bb#f2dab2&#8243;][vc_column_text css=\u00bb.vc_custom_1686838179334{padding-bottom: 3% !important;}\u00bb]<\/p>\n<h3 style=\"text-align: left;\">Cu\u00e1nto vale?<\/h3>\n<p>[\/vc_column_text][vc_column_text css=\u00bb.vc_custom_1756911717067{padding-bottom: 3% !important;}\u00bb]<\/p>\n<p style=\"text-align: left;\">Precio de la actividad por prisi\u00f3n (m\u00ednimo 10): 25,00\u20ac<br \/>\nPrecio de la actividad por persona (m\u00ednimo 15): 22,00\u20ac<br \/>\nPrecio de la actividad por persona (m\u00ednimo 20): 20,00\u20ac<\/p>\n<p>[\/vc_column_text][\/vc_column][\/vc_row][vc_row row_type=\u00bbrow\u00bb use_row_as_full_screen_section=\u00bbno\u00bb type=\u00bbfull_width\u00bb angled_section=\u00bbno\u00bb text_align=\u00bbcenter\u00bb background_image_as_pattern=\u00bbwithout_pattern\u00bb z_index=\u00bb\u00bb css=\u00bb.vc_custom_1733988931880{padding-top: 5% !important;padding-right: 7% !important;padding-bottom: 5% !important;padding-left: 7% !important;}\u00bb][vc_column css_animation=\u00bbfadeIn\u00bb width=\u00bb1\/3&#8243; css=\u00bb.vc_custom_1623699872425{padding-top: 5px !important;}\u00bb][vc_single_image image=\u00bb30843&#8243; img_size=\u00bb300&#215;700&#8243;][\/vc_column][vc_column width=\u00bb1\/3&#8243;][vc_single_image image=\u00bb30412&#8243; img_size=\u00bb300&#215;700&#8243;][\/vc_column][vc_column width=\u00bb1\/3&#8243;][vc_single_image image=\u00bb30249&#8243; img_size=\u00bb300&#215;700&#8243;][\/vc_column][\/vc_row][vc_row row_type=\u00bbrow\u00bb use_row_as_full_screen_section=\u00bbno\u00bb type=\u00bbfull_width\u00bb angled_section=\u00bbno\u00bb text_align=\u00bbcenter\u00bb background_image_as_pattern=\u00bbwithout_pattern\u00bb z_index=\u00bb\u00bb css=\u00bb.vc_custom_1733988948136{padding-top: 5% !important;padding-right: 7% !important;padding-bottom: 5% !important;padding-left: 7% !important;}\u00bb][vc_column css_animation=\u00bbfadeIn\u00bb width=\u00bb1\/2&#8243; css=\u00bb.vc_custom_1682329512682{margin-right: 10px !important;border-bottom-width: 2px !important;padding-top: 35px !important;border-bottom-color: #fac875 !important;border-radius: 2px !important;}\u00bb][vc_column_text css=\u00bb.vc_custom_1756911887099{padding-bottom: 3% !important;}\u00bb]<\/p>\n<h2 style=\"text-align: left;\"><strong>ANIVERSARIOS<\/strong><\/h2>\n<p>[\/vc_column_text][vc_column_text css=\u00bb.vc_custom_1756911871338{padding-bottom: 3% !important;}\u00bb]<\/p>\n<h3 style=\"text-align: left;\"><strong>Reserva la escuela para un aniversario<\/strong><\/h3>\n<p>[\/vc_column_text][vc_column_text css=\u00bb.vc_custom_1756911879799{padding-bottom: 3% !important;}\u00bb]<\/p>\n<p style=\"text-align: left;\">En \u00e9poca de invierno, las actividades de agua se realizan con neopreno, desde clases de surf, paddle o incluso una sesi\u00f3n de surf o surfkate.<\/p>\n<p style=\"text-align: left;\">En la escuela hay un espacio perfecto para grupos, hacer din\u00e1micas, gincanas y celebrar un cumplea\u00f1os en globo, pastel y pica pica.<\/p>\n<p style=\"text-align: left;\">Ll\u00e1manos para solicitar m\u00e1s informaci\u00f3n.<\/p>\n<p>[\/vc_column_text][\/vc_column][vc_column width=\u00bb1\/2&#8243; css=\u00bb.vc_custom_1733915426495{padding-top: 35px !important;}\u00bb][vc_single_image image=\u00bb30853&#8243; img_size=\u00bb500&#215;400&#8243;][\/vc_column][\/vc_row][vc_row row_type=\u00bbrow\u00bb use_row_as_full_screen_section=\u00bbno\u00bb type=\u00bbfull_width\u00bb angled_section=\u00bbno\u00bb text_align=\u00bbcenter\u00bb background_image_as_pattern=\u00bbwithout_pattern\u00bb z_index=\u00bb\u00bb css=\u00bb.vc_custom_1733988997838{padding-top: 5% !important;padding-right: 7% !important;padding-bottom: 5% !important;padding-left: 7% !important;background-color: #f2dab2 !important;}\u00bb][vc_column css_animation=\u00bbfadeIn\u00bb css=\u00bb.vc_custom_1682329512682{margin-right: 10px !important;border-bottom-width: 2px !important;padding-top: 35px !important;border-bottom-color: #fac875 !important;border-radius: 2px !important;}\u00bb][vc_column_text css=\u00bb.vc_custom_1733989018332{padding-bottom: 3% !important;}\u00bb]<\/p>\n<h2 style=\"text-align: left;\">Qu\u00e9 hay que saber<\/h2>\n<p>[\/vc_column_text][vc_column_text css=\u00bb.vc_custom_1686838255382{padding-bottom: 3% !important;}\u00bb]<\/p>\n<p style=\"text-align: left;\">La actividad tiene una duraci\u00f3n de unas 2 horas. Acostumbramos a realizar las actividades por la ma\u00f1ana de 10 a 13h o por las tardes de 17h a 20h que es cuando mejor est\u00e1 el mar. El n\u00famero m\u00ednimo de personas para la formaci\u00f3n de un grupo ser\u00e1 de 10 personas y se propone como extra la opci\u00f3n de bebidas y picoteo al finalizar la actividad. En el caso de querer quedarse a comer disponemos de un espacio para que lleve la comida y se quede con nosotros jugando a voley y durante los meses de verano. Fuera de temporada disponemos de la escuela donde se podr\u00e1 organizar la fiesta de cumplea\u00f1os. El punto de encuentro est\u00e1 en la C\/Salines, 16; donde tenemos el local de la escuela. Si es \u00e9poca de verano nos encontraremos directamente en la playa en nuestra Beach House.<\/p>\n<p>[\/vc_column_text][\/vc_column][\/vc_row][vc_row row_type=\u00bbrow\u00bb use_row_as_full_screen_section=\u00bbno\u00bb type=\u00bbfull_width\u00bb angled_section=\u00bbno\u00bb text_align=\u00bbcenter\u00bb background_image_as_pattern=\u00bbwithout_pattern\u00bb z_index=\u00bb\u00bb css=\u00bb.vc_custom_1733989032009{padding-top: 5% !important;padding-right: 7% !important;padding-left: 7% !important;}\u00bb][vc_column css_animation=\u00bbfadeIn\u00bb css=\u00bb.vc_custom_1602259261161{padding-top: 25px !important;}\u00bb][vc_column_text]<\/p>\n<h2 style=\"text-align: left;\">Para reservar<\/h2>\n<p>[\/vc_column_text][\/vc_column][\/vc_row][vc_row row_type=\u00bbrow\u00bb use_row_as_full_screen_section=\u00bbno\u00bb type=\u00bbfull_width\u00bb angled_section=\u00bbno\u00bb text_align=\u00bbcenter\u00bb background_image_as_pattern=\u00bbwithout_pattern\u00bb z_index=\u00bb\u00bb css=\u00bb.vc_custom_1733989050681{padding-top: 5% !important;padding-right: 7% !important;padding-bottom: 10% !important;padding-left: 7% !important;}\u00bb][vc_column css_animation=\u00bbfadeIn\u00bb width=\u00bb1\/3&#8243; css=\u00bb.vc_custom_1608629806031{padding-top: 10% !important;}\u00bb][vc_icon icon_fontawesome=\u00bbfas fa-envelope\u00bb color=\u00bbcustom\u00bb size=\u00bblg\u00bb css_animation=\u00bbnone\u00bb custom_color=\u00bb#f2dab2&#8243; css=\u00bb.vc_custom_1682328802004{padding-top: 10% !important;}\u00bb][vc_column_text css=\u00bb.vc_custom_1686838274026{padding-top: 5% !important;padding-bottom: 5% !important;}\u00bb]<\/p>\n<h3 style=\"text-align: left;\">1 &#8211; Contacto<\/h3>\n<p>[\/vc_column_text][vc_column_text css=\u00bb.vc_custom_1686838283780{padding-top: 5% !important;padding-bottom: 10% !important;}\u00bb]<\/p>\n<p style=\"text-align: left;\">Ponte en contacto con nosotros a trav\u00e9s de agroruralsurf@gmail.com o v\u00eda whatsapp al 660895260 para ver nuestra disponibilidad y resolver otras dudas.<\/p>\n<p>[\/vc_column_text][\/vc_column][vc_column width=\u00bb1\/3&#8243; css=\u00bb.vc_custom_1608629812949{padding-top: 10% !important;border-radius: 2px !important;}\u00bb][vc_icon icon_fontawesome=\u00bbfar fa-credit-card\u00bb color=\u00bbcustom\u00bb size=\u00bblg\u00bb css_animation=\u00bbnone\u00bb custom_color=\u00bb#f2dab2&#8243; css=\u00bb.vc_custom_1682329097065{padding-top: 10% !important;}\u00bb][vc_column_text css=\u00bb.vc_custom_1686838290691{padding-top: 5% !important;padding-bottom: 5% !important;}\u00bb]<\/p>\n<h3 style=\"text-align: left;\">2 &#8211; Pago<\/h3>\n<p>[\/vc_column_text][vc_column_text css=\u00bb.vc_custom_1686838301239{padding-top: 5% !important;padding-bottom: 10% !important;}\u00bb]<\/p>\n<p style=\"text-align: left;\">Una vez confirmada la fecha, deber\u00e1 realizarse la transferencia del 25% del total al siguiente n\u00famero de cuenta: ES25\u00a01465 0100 9517 2471 9815 con el concepto \u00abNombre y apellido + actividad grupal + fecha\u00bb. Una vez realizado el pago, deber\u00e1 adjuntar el justificante de pago al formulario de reserva.<\/p>\n<p>[\/vc_column_text][\/vc_column][vc_column css_animation=\u00bbfadeIn\u00bb width=\u00bb1\/3&#8243; css=\u00bb.vc_custom_1608629823715{padding-top: 10% !important;border-radius: 2px !important;}\u00bb][vc_icon icon_fontawesome=\u00bbfas fa-laptop\u00bb color=\u00bbcustom\u00bb size=\u00bblg\u00bb css_animation=\u00bbnone\u00bb custom_color=\u00bb#f2dab2&#8243; css=\u00bb.vc_custom_1682329119171{padding-top: 10% !important;}\u00bb][vc_column_text css=\u00bb.vc_custom_1682329032287{padding-top: 5% !important;padding-bottom: 5% !important;}\u00bb]<\/p>\n<h3 style=\"text-align: left;\">3 &#8211; Reserva<\/h3>\n<p>[\/vc_column_text][vc_column_text css=\u00bb.vc_custom_1686838320117{padding-top: 5% !important;padding-bottom: 10% !important;}\u00bb]<\/p>\n<p style=\"text-align: left;\">Para finalizar la reserva es necesario rellenar el siguiente formulario con toda la informaci\u00f3n necesaria. No olvide adjuntar el justificante de pago.<\/p>\n<p>[\/vc_column_text][vc_btn title=\u00bbReserva\u00bb style=\u00bbcustom\u00bb custom_background=\u00bb#f2dab2&#8243; custom_text=\u00bb#003e52&#8243; align=\u00bbleft\u00bb link=\u00bburl:https%3A%2F%2Fdocs.google.com%2Fforms%2Fd%2Fe%2F1FAIpQLScdJP1FMxu3pCXnl3KmZge-c8elUf8kZOvpNPonpqSV9lG3Yw%2Fviewform\u00bb css=\u00bb.vc_custom_1682329460608{padding-top: 5% !important;padding-bottom: 5% !important;}\u00bb][\/vc_column][\/vc_row]<\/p>\n","protected":false},"excerpt":{"rendered":"<p>[vc_row row_type=\u00bbrow\u00bb use_row_as_full_screen_section=\u00bbno\u00bb type=\u00bbfull_width\u00bb angled_section=\u00bbno\u00bb text_align=\u00bbleft\u00bb background_image_as_pattern=\u00bbwithout_pattern\u00bb z_index=\u00bb\u00bb][vc_column][vc_single_image image=\u00bb30835&#8243;][\/vc_column][\/vc_row][vc_row css_animation=\u00bbelement_from_fade\u00bb row_type=\u00bbrow\u00bb use_row_as_full_screen_section=\u00bbno\u00bb type=\u00bbfull_width\u00bb angled_section=\u00bbno\u00bb text_align=\u00bbleft\u00bb background_image_as_pattern=\u00bbwithout_pattern\u00bb z_index=\u00bb\u00bb css=\u00bb.vc_custom_1733988884728{padding-top: 5% !important;padding-right: 7% !important;padding-bottom: 5% !important;padding-left: 7% !important;}\u00bb][vc_column css_animation=\u00bbfadeIn\u00bb][vc_column_text] SURF FOR FUN&#8230;<\/p>\n","protected":false},"author":3,"featured_media":0,"parent":0,"menu_order":0,"comment_status":"closed","ping_status":"closed","template":"full_width.php","meta":[],"yoast_head":"<!-- This site is optimized with the Yoast SEO plugin v19.6.1 - https:\/\/yoast.com\/wordpress\/plugins\/seo\/ -->\n<title>Actividades para grupos - agroruralsurf<\/title>\n<meta name=\"description\" content=\"Hacemos actividades para grupos de surf y paddle surf ya sea por una despedida de soltero\/a, por cumplea\u00f1os, celebraciones varias, team buildings o actividades para empresas.\" \/>\n<meta name=\"robots\" content=\"index, follow, max-snippet:-1, max-image-preview:large, max-video-preview:-1\" \/>\n<link rel=\"canonical\" href=\"https:\/\/www.agroruralsurf.com\/es\/actividades-para-grupos-surf-paddle-surf-aniversarios-despedidas-team-buildings\/\" \/>\n<meta property=\"og:locale\" content=\"es_ES\" \/>\n<meta property=\"og:type\" content=\"article\" \/>\n<meta property=\"og:title\" content=\"Actividades para grupos - agroruralsurf\" \/>\n<meta property=\"og:description\" content=\"Hacemos actividades para grupos de surf y paddle surf ya sea por una despedida de soltero\/a, por cumplea\u00f1os, celebraciones varias, team buildings o actividades para empresas.\" \/>\n<meta property=\"og:url\" content=\"https:\/\/www.agroruralsurf.com\/es\/actividades-para-grupos-surf-paddle-surf-aniversarios-despedidas-team-buildings\/\" \/>\n<meta property=\"og:site_name\" content=\"agroruralsurf\" \/>\n<meta property=\"article:publisher\" content=\"https:\/\/www.facebook.com\/agroruralsurf\/\" \/>\n<meta property=\"article:modified_time\" content=\"2025-09-03T15:03:23+00:00\" \/>\n<meta property=\"og:image\" content=\"https:\/\/www.agroruralsurf.com\/wp-content\/uploads\/2021\/05\/WEB2-scaled.jpg\" \/>\n\t<meta property=\"og:image:width\" content=\"2560\" \/>\n\t<meta property=\"og:image:height\" content=\"1536\" \/>\n\t<meta property=\"og:image:type\" content=\"image\/jpeg\" \/>\n<meta name=\"twitter:card\" content=\"summary_large_image\" \/>\n<meta name=\"twitter:label1\" content=\"Tiempo de lectura\" \/>\n\t<meta name=\"twitter:data1\" content=\"8 minutos\" \/>\n<script type=\"application\/ld+json\" class=\"yoast-schema-graph\">{\"@context\":\"https:\/\/schema.org\",\"@graph\":[{\"@type\":\"WebPage\",\"@id\":\"https:\/\/www.agroruralsurf.com\/es\/actividades-para-grupos-surf-paddle-surf-aniversarios-despedidas-team-buildings\/\",\"url\":\"https:\/\/www.agroruralsurf.com\/es\/actividades-para-grupos-surf-paddle-surf-aniversarios-despedidas-team-buildings\/\",\"name\":\"Actividades para grupos - agroruralsurf\",\"isPartOf\":{\"@id\":\"https:\/\/www.agroruralsurf.com\/#website\"},\"datePublished\":\"2021-06-27T08:20:16+00:00\",\"dateModified\":\"2025-09-03T15:03:23+00:00\",\"description\":\"Hacemos actividades para grupos de surf y paddle surf ya sea por una despedida de soltero\/a, por cumplea\u00f1os, celebraciones varias, team buildings o actividades para empresas.\",\"breadcrumb\":{\"@id\":\"https:\/\/www.agroruralsurf.com\/es\/actividades-para-grupos-surf-paddle-surf-aniversarios-despedidas-team-buildings\/#breadcrumb\"},\"inLanguage\":\"es\",\"potentialAction\":[{\"@type\":\"ReadAction\",\"target\":[\"https:\/\/www.agroruralsurf.com\/es\/actividades-para-grupos-surf-paddle-surf-aniversarios-despedidas-team-buildings\/\"]}]},{\"@type\":\"BreadcrumbList\",\"@id\":\"https:\/\/www.agroruralsurf.com\/es\/actividades-para-grupos-surf-paddle-surf-aniversarios-despedidas-team-buildings\/#breadcrumb\",\"itemListElement\":[{\"@type\":\"ListItem\",\"position\":1,\"name\":\"Inici\",\"item\":\"https:\/\/www.agroruralsurf.com\/\"},{\"@type\":\"ListItem\",\"position\":2,\"name\":\"Actividades para grupos\"}]},{\"@type\":\"WebSite\",\"@id\":\"https:\/\/www.agroruralsurf.com\/#website\",\"url\":\"https:\/\/www.agroruralsurf.com\/\",\"name\":\"agroruralsurf\",\"description\":\"agroruralsurf\",\"publisher\":{\"@id\":\"https:\/\/www.agroruralsurf.com\/#organization\"},\"potentialAction\":[{\"@type\":\"SearchAction\",\"target\":{\"@type\":\"EntryPoint\",\"urlTemplate\":\"https:\/\/www.agroruralsurf.com\/?s={search_term_string}\"},\"query-input\":\"required name=search_term_string\"}],\"inLanguage\":\"es\"},{\"@type\":\"Organization\",\"@id\":\"https:\/\/www.agroruralsurf.com\/#organization\",\"name\":\"Agro Rural Surf\",\"url\":\"https:\/\/www.agroruralsurf.com\/\",\"sameAs\":[\"https:\/\/www.instagram.com\/agroruralsurf\/\",\"https:\/\/www.youtube.com\/channel\/UCqe6P2fGcAVgk66aE8VP_kA\",\"https:\/\/www.facebook.com\/agroruralsurf\/\"],\"logo\":{\"@type\":\"ImageObject\",\"inLanguage\":\"es\",\"@id\":\"https:\/\/www.agroruralsurf.com\/#\/schema\/logo\/image\/\",\"url\":\"https:\/\/www.agroruralsurf.com\/wp-content\/uploads\/2019\/11\/cropped-Logo-rodo-negre@2x.png\",\"contentUrl\":\"https:\/\/www.agroruralsurf.com\/wp-content\/uploads\/2019\/11\/cropped-Logo-rodo-negre@2x.png\",\"width\":512,\"height\":512,\"caption\":\"Agro Rural Surf\"},\"image\":{\"@id\":\"https:\/\/www.agroruralsurf.com\/#\/schema\/logo\/image\/\"}}]}<\/script>\n<!-- \/ Yoast SEO plugin. -->","yoast_head_json":{"title":"Actividades para grupos - agroruralsurf","description":"Hacemos actividades para grupos de surf y paddle surf ya sea por una despedida de soltero\/a, por cumplea\u00f1os, celebraciones varias, team buildings o actividades para empresas.","robots":{"index":"index","follow":"follow","max-snippet":"max-snippet:-1","max-image-preview":"max-image-preview:large","max-video-preview":"max-video-preview:-1"},"canonical":"https:\/\/www.agroruralsurf.com\/es\/actividades-para-grupos-surf-paddle-surf-aniversarios-despedidas-team-buildings\/","og_locale":"es_ES","og_type":"article","og_title":"Actividades para grupos - agroruralsurf","og_description":"Hacemos actividades para grupos de surf y paddle surf ya sea por una despedida de soltero\/a, por cumplea\u00f1os, celebraciones varias, team buildings o actividades para empresas.","og_url":"https:\/\/www.agroruralsurf.com\/es\/actividades-para-grupos-surf-paddle-surf-aniversarios-despedidas-team-buildings\/","og_site_name":"agroruralsurf","article_publisher":"https:\/\/www.facebook.com\/agroruralsurf\/","article_modified_time":"2025-09-03T15:03:23+00:00","og_image":[{"width":2560,"height":1536,"url":"https:\/\/www.agroruralsurf.com\/wp-content\/uploads\/2021\/05\/WEB2-scaled.jpg","type":"image\/jpeg"}],"twitter_card":"summary_large_image","twitter_misc":{"Tiempo de lectura":"8 minutos"},"schema":{"@context":"https:\/\/schema.org","@graph":[{"@type":"WebPage","@id":"https:\/\/www.agroruralsurf.com\/es\/actividades-para-grupos-surf-paddle-surf-aniversarios-despedidas-team-buildings\/","url":"https:\/\/www.agroruralsurf.com\/es\/actividades-para-grupos-surf-paddle-surf-aniversarios-despedidas-team-buildings\/","name":"Actividades para grupos - agroruralsurf","isPartOf":{"@id":"https:\/\/www.agroruralsurf.com\/#website"},"datePublished":"2021-06-27T08:20:16+00:00","dateModified":"2025-09-03T15:03:23+00:00","description":"Hacemos actividades para grupos de surf y paddle surf ya sea por una despedida de soltero\/a, por cumplea\u00f1os, celebraciones varias, team buildings o actividades para empresas.","breadcrumb":{"@id":"https:\/\/www.agroruralsurf.com\/es\/actividades-para-grupos-surf-paddle-surf-aniversarios-despedidas-team-buildings\/#breadcrumb"},"inLanguage":"es","potentialAction":[{"@type":"ReadAction","target":["https:\/\/www.agroruralsurf.com\/es\/actividades-para-grupos-surf-paddle-surf-aniversarios-despedidas-team-buildings\/"]}]},{"@type":"BreadcrumbList","@id":"https:\/\/www.agroruralsurf.com\/es\/actividades-para-grupos-surf-paddle-surf-aniversarios-despedidas-team-buildings\/#breadcrumb","itemListElement":[{"@type":"ListItem","position":1,"name":"Inici","item":"https:\/\/www.agroruralsurf.com\/"},{"@type":"ListItem","position":2,"name":"Actividades para grupos"}]},{"@type":"WebSite","@id":"https:\/\/www.agroruralsurf.com\/#website","url":"https:\/\/www.agroruralsurf.com\/","name":"agroruralsurf","description":"agroruralsurf","publisher":{"@id":"https:\/\/www.agroruralsurf.com\/#organization"},"potentialAction":[{"@type":"SearchAction","target":{"@type":"EntryPoint","urlTemplate":"https:\/\/www.agroruralsurf.com\/?s={search_term_string}"},"query-input":"required name=search_term_string"}],"inLanguage":"es"},{"@type":"Organization","@id":"https:\/\/www.agroruralsurf.com\/#organization","name":"Agro Rural Surf","url":"https:\/\/www.agroruralsurf.com\/","sameAs":["https:\/\/www.instagram.com\/agroruralsurf\/","https:\/\/www.youtube.com\/channel\/UCqe6P2fGcAVgk66aE8VP_kA","https:\/\/www.facebook.com\/agroruralsurf\/"],"logo":{"@type":"ImageObject","inLanguage":"es","@id":"https:\/\/www.agroruralsurf.com\/#\/schema\/logo\/image\/","url":"https:\/\/www.agroruralsurf.com\/wp-content\/uploads\/2019\/11\/cropped-Logo-rodo-negre@2x.png","contentUrl":"https:\/\/www.agroruralsurf.com\/wp-content\/uploads\/2019\/11\/cropped-Logo-rodo-negre@2x.png","width":512,"height":512,"caption":"Agro Rural Surf"},"image":{"@id":"https:\/\/www.agroruralsurf.com\/#\/schema\/logo\/image\/"}}]}},"_links":{"self":[{"href":"https:\/\/www.agroruralsurf.com\/es\/wp-json\/wp\/v2\/pages\/25950"}],"collection":[{"href":"https:\/\/www.agroruralsurf.com\/es\/wp-json\/wp\/v2\/pages"}],"about":[{"href":"https:\/\/www.agroruralsurf.com\/es\/wp-json\/wp\/v2\/types\/page"}],"author":[{"embeddable":true,"href":"https:\/\/www.agroruralsurf.com\/es\/wp-json\/wp\/v2\/users\/3"}],"replies":[{"embeddable":true,"href":"https:\/\/www.agroruralsurf.com\/es\/wp-json\/wp\/v2\/comments?post=25950"}],"version-history":[{"count":18,"href":"https:\/\/www.agroruralsurf.com\/es\/wp-json\/wp\/v2\/pages\/25950\/revisions"}],"predecessor-version":[{"id":31309,"href":"https:\/\/www.agroruralsurf.com\/es\/wp-json\/wp\/v2\/pages\/25950\/revisions\/31309"}],"wp:attachment":[{"href":"https:\/\/www.agroruralsurf.com\/es\/wp-json\/wp\/v2\/media?parent=25950"}],"curies":[{"name":"wp","href":"https:\/\/api.w.org\/{rel}","templated":true}]}}