{"id":25990,"date":"2020-12-17T10:21:14","date_gmt":"2020-12-17T10:21:14","guid":{"rendered":"https:\/\/www.agroruralsurf.com\/compra-vale-regalo\/"},"modified":"2023-12-12T13:25:06","modified_gmt":"2023-12-12T13:25:06","slug":"vale-regalo-surf","status":"publish","type":"page","link":"https:\/\/www.agroruralsurf.com\/es\/vale-regalo-surf\/","title":{"rendered":"Compra Vale Regalo de surf"},"content":{"rendered":"<p>[vc_row row_type=\u00bbrow\u00bb use_row_as_full_screen_section=\u00bbno\u00bb type=\u00bbfull_width\u00bb angled_section=\u00bbno\u00bb text_align=\u00bbleft\u00bb background_image_as_pattern=\u00bbwithout_pattern\u00bb z_index=\u00bb\u00bb][vc_column][rev_slider_vc alias=\u00bbvals-regal\u00bb][\/vc_column][\/vc_row][vc_row css_animation=\u00bbelement_from_fade\u00bb row_type=\u00bbrow\u00bb use_row_as_full_screen_section=\u00bbno\u00bb type=\u00bbfull_width\u00bb angled_section=\u00bbno\u00bb text_align=\u00bbleft\u00bb background_image_as_pattern=\u00bbwithout_pattern\u00bb z_index=\u00bb\u00bb css=\u00bb.vc_custom_1682073086999{padding-top: 10% !important;}\u00bb][vc_column css_animation=\u00bbfadeIn\u00bb][vc_column_text css=\u00bb.vc_custom_1682070532039{padding-bottom: 3% !important;}\u00bb]<\/p>\n<h1 style=\"text-align: left;\">Vales Regalo de surf<\/h1>\n<p>[\/vc_column_text][vc_column_text]<\/p>\n<h3 style=\"text-align: left;\">Regalar surf es una hermosa forma de compartir una buena experiencia en la Costa Brava.<\/h3>\n<p>[\/vc_column_text][vc_column_text css=\u00bb.vc_custom_1702387509038{padding-top: 35px !important;}\u00bb]<\/p>\n<p style=\"text-align: left;\">Cuando vamos a hacer un regalo nunca sabemos lo que necesitan o lo que les puede hacer ilusi\u00f3n. Hacer un vale regalo de surf como \u00e9ste es dar a conocer un estilo de vida saludable, compartir una buena experiencia y al mismo tiempo hacer deporte en compa\u00f1\u00eda.<\/p>\n<p>[\/vc_column_text][vc_column_text css=\u00bb.vc_custom_1682070730577{padding-top: 7% !important;}\u00bb]<\/p>\n<h2 style=\"text-align: left;\">Tipo de vales Regalo<\/h2>\n<p>&nbsp;<\/p>\n<p>Ofrecemos distintas opciones adaptadas a cada alumna\/alumno. Una \u00fanica sesi\u00f3n por una persona, por dos o por cuatro y por los que desean dar m\u00e1s clases de surf, vales individuales de 3, 5 o 10 sesiones. Ofrecemos tambi\u00e9n alguna oferta especial de forma puntual, como por ejemplo el d\u00eda de san jordi.<\/p>\n<p>Las fechas de los cursos se eligen en funci\u00f3n de las preferencias de los alumnos una vez que se ha comprado el vale. Estos tendr\u00e1n que ponerse en contacto con nosotros para concertar una reserva y a\u00f1adirse a uno de nuestros cursos.<\/p>\n<p>[\/vc_column_text][\/vc_column][\/vc_row][vc_row row_type=\u00bbrow\u00bb use_row_as_full_screen_section=\u00bbno\u00bb type=\u00bbfull_width\u00bb angled_section=\u00bbno\u00bb text_align=\u00bbcenter\u00bb background_image_as_pattern=\u00bbwithout_pattern\u00bb z_index=\u00bb\u00bb css=\u00bb.vc_custom_1682073105757{padding-top: 30px !important;}\u00bb][vc_column css_animation=\u00bbfadeIn\u00bb width=\u00bb1\/3&#8243; css=\u00bb.vc_custom_1682070456704{padding-top: 35px !important;}\u00bb][vc_icon icon_fontawesome=\u00bbfas fa-user\u00bb color=\u00bbcustom\u00bb size=\u00bblg\u00bb css_animation=\u00bbnone\u00bb custom_color=\u00bb#f2dab2&#8243;][vc_column_text css=\u00bb.vc_custom_1682069075482{padding-bottom: 3% !important;}\u00bb]<\/p>\n<h3 style=\"text-align: left;\">Bateig<\/h3>\n<p>[\/vc_column_text][vc_column_text css=\u00bb.vc_custom_1682069129607{padding-bottom: 3% !important;}\u00bb]<\/p>\n<p style=\"text-align: left;\">1 sessi\u00f3n para una persona<\/p>\n<p>[\/vc_column_text][vc_column_text css=\u00bb.vc_custom_1682069121205{padding-bottom: 3% !important;}\u00bb]<\/p>\n<p style=\"text-align: left;\"><strong>40\u20ac<\/strong><\/p>\n<p>[\/vc_column_text][\/vc_column][vc_column css_animation=\u00bbfadeIn\u00bb width=\u00bb1\/3&#8243; css=\u00bb.vc_custom_1682070462394{padding-top: 35px !important;}\u00bb][vc_icon icon_fontawesome=\u00bbfas fa-user-friends\u00bb color=\u00bbcustom\u00bb size=\u00bblg\u00bb css_animation=\u00bbnone\u00bb custom_color=\u00bb#f2dab2&#8243;][vc_column_text css=\u00bb.vc_custom_1682069852192{padding-bottom: 3% !important;}\u00bb]<\/p>\n<h3 style=\"text-align: left;\">Curs Duo<\/h3>\n<p>[\/vc_column_text][vc_column_text css=\u00bb.vc_custom_1682070394270{padding-bottom: 3% !important;}\u00bb]<\/p>\n<p style=\"text-align: left;\">1 sessi\u00f3n para 2 personas<\/p>\n<p>[\/vc_column_text][vc_column_text css=\u00bb.vc_custom_1682070295134{padding-bottom: 3% !important;}\u00bb]<\/p>\n<p style=\"text-align: left;\"><strong>78\u20ac<\/strong><\/p>\n<p>[\/vc_column_text][\/vc_column][vc_column width=\u00bb1\/3&#8243; css=\u00bb.vc_custom_1682070472419{padding-top: 35px !important;border-radius: 2px !important;}\u00bb][vc_icon icon_fontawesome=\u00bbfas fa-users\u00bb color=\u00bbcustom\u00bb size=\u00bblg\u00bb css_animation=\u00bbnone\u00bb custom_color=\u00bb#f2dab2&#8243;][vc_column_text css=\u00bb.vc_custom_1682070265244{padding-bottom: 3% !important;}\u00bb]<\/p>\n<h3 style=\"text-align: left;\">Pack Cuatro<\/h3>\n<p>[\/vc_column_text][vc_column_text css=\u00bb.vc_custom_1682070387014{padding-bottom: 3% !important;}\u00bb]<\/p>\n<p style=\"text-align: left;\">1 sessi\u00f3n para 4 personas<\/p>\n<p>[\/vc_column_text][vc_column_text css=\u00bb.vc_custom_1682070315564{padding-bottom: 3% !important;}\u00bb]<\/p>\n<p style=\"text-align: left;\"><strong>152\u20ac<\/strong><\/p>\n<p>[\/vc_column_text][\/vc_column][\/vc_row][vc_row row_type=\u00bbrow\u00bb use_row_as_full_screen_section=\u00bbno\u00bb type=\u00bbfull_width\u00bb angled_section=\u00bbno\u00bb text_align=\u00bbcenter\u00bb background_image_as_pattern=\u00bbwithout_pattern\u00bb z_index=\u00bb\u00bb css=\u00bb.vc_custom_1682073119104{padding-top: 30px !important;}\u00bb][vc_column css_animation=\u00bbfadeIn\u00bb width=\u00bb1\/3&#8243; css=\u00bb.vc_custom_1682070456704{padding-top: 35px !important;}\u00bb][vc_icon icon_fontawesome=\u00bbfar fa-address-card\u00bb color=\u00bbcustom\u00bb size=\u00bblg\u00bb css_animation=\u00bbnone\u00bb custom_color=\u00bb#f2dab2&#8243;][vc_column_text css=\u00bb.vc_custom_1682070716292{padding-bottom: 3% !important;}\u00bb]<\/p>\n<h3 style=\"text-align: left;\">Vale por 3<\/h3>\n<p>[\/vc_column_text][vc_column_text css=\u00bb.vc_custom_1682070781072{padding-bottom: 3% !important;}\u00bb]<\/p>\n<p style=\"text-align: left;\">3 sessiones para una persona<\/p>\n<p>[\/vc_column_text][vc_column_text css=\u00bb.vc_custom_1682070878339{padding-bottom: 3% !important;}\u00bb]<\/p>\n<p style=\"text-align: left;\"><strong>115\u20ac<\/strong><\/p>\n<p>[\/vc_column_text][\/vc_column][vc_column css_animation=\u00bbfadeIn\u00bb width=\u00bb1\/3&#8243; css=\u00bb.vc_custom_1682070462394{padding-top: 35px !important;}\u00bb][vc_icon icon_fontawesome=\u00bbfas fa-id-card\u00bb color=\u00bbcustom\u00bb size=\u00bblg\u00bb css_animation=\u00bbnone\u00bb custom_color=\u00bb#f2dab2&#8243;][vc_column_text css=\u00bb.vc_custom_1682070754992{padding-bottom: 3% !important;}\u00bb]<\/p>\n<h3 style=\"text-align: left;\">Vale por 5<\/h3>\n<p>[\/vc_column_text][vc_column_text css=\u00bb.vc_custom_1682070887468{padding-bottom: 3% !important;}\u00bb]<\/p>\n<p style=\"text-align: left;\">5 sessiones para una persona<\/p>\n<p>[\/vc_column_text][vc_column_text css=\u00bb.vc_custom_1682070903908{padding-bottom: 3% !important;}\u00bb]<\/p>\n<p style=\"text-align: left;\"><strong>175\u20ac<\/strong><\/p>\n<p>[\/vc_column_text][\/vc_column][vc_column width=\u00bb1\/3&#8243; css=\u00bb.vc_custom_1682070472419{padding-top: 35px !important;border-radius: 2px !important;}\u00bb][vc_icon icon_fontawesome=\u00bbfar fa-id-card\u00bb color=\u00bbcustom\u00bb size=\u00bblg\u00bb css_animation=\u00bbnone\u00bb custom_color=\u00bb#f2dab2&#8243;][vc_column_text css=\u00bb.vc_custom_1682070914928{padding-bottom: 3% !important;}\u00bb]<\/p>\n<h3 style=\"text-align: left;\">Vale por 10<\/h3>\n<p>[\/vc_column_text][vc_column_text css=\u00bb.vc_custom_1682070936225{padding-bottom: 3% !important;}\u00bb]<\/p>\n<p style=\"text-align: left;\">10 sessiones para una persona<\/p>\n<p>[\/vc_column_text][vc_column_text css=\u00bb.vc_custom_1682070943807{padding-bottom: 3% !important;}\u00bb]<\/p>\n<p style=\"text-align: left;\"><strong>300\u20ac<\/strong><\/p>\n<p>[\/vc_column_text][\/vc_column][\/vc_row][vc_row row_type=\u00bbrow\u00bb use_row_as_full_screen_section=\u00bbno\u00bb type=\u00bbfull_width\u00bb angled_section=\u00bbno\u00bb text_align=\u00bbcenter\u00bb background_image_as_pattern=\u00bbwithout_pattern\u00bb z_index=\u00bb\u00bb css=\u00bb.vc_custom_1682073127528{padding-top: 30px !important;}\u00bb][vc_column css_animation=\u00bbfadeIn\u00bb width=\u00bb1\/3&#8243; css=\u00bb.vc_custom_1682070456704{padding-top: 35px !important;}\u00bb][vc_icon icon_fontawesome=\u00bbfas fa-plane\u00bb color=\u00bbcustom\u00bb size=\u00bblg\u00bb css_animation=\u00bbnone\u00bb custom_color=\u00bb#f2dab2&#8243;][vc_column_text css=\u00bb.vc_custom_1702386035245{padding-bottom: 3% !important;}\u00bb]<\/p>\n<h3 style=\"text-align: left;\">Surf trip Cant\u00e1bria 2024<\/h3>\n<p>[\/vc_column_text][vc_column_text css=\u00bb.vc_custom_1702386099478{padding-bottom: 3% !important;}\u00bb]<\/p>\n<p style=\"text-align: left;\">1 viaje para una persona en Cant\u00e1bria (del 26 al 30 de agost)<\/p>\n<p>[\/vc_column_text][vc_column_text css=\u00bb.vc_custom_1702386535870{padding-bottom: 3% !important;}\u00bb]<\/p>\n<p style=\"text-align: left;\"><strong><del datetime=\"2023-04-21T09:48:09+00:00\">659\u20ac<\/del>\u00a0 \u00a0620\u20ac<\/strong><\/p>\n<p>[\/vc_column_text][\/vc_column][vc_column css_animation=\u00bbfadeIn\u00bb width=\u00bb1\/3&#8243; css=\u00bb.vc_custom_1682070462394{padding-top: 35px !important;}\u00bb][vc_icon icon_fontawesome=\u00bbfas fa-people-carry\u00bb color=\u00bbcustom\u00bb size=\u00bblg\u00bb css_animation=\u00bbnone\u00bb custom_color=\u00bb#f2dab2&#8243;][vc_column_text css=\u00bb.vc_custom_1682071114803{padding-bottom: 3% !important;}\u00bb]<\/p>\n<h3 style=\"text-align: left;\">Vale por 10 familiar<\/h3>\n<p>[\/vc_column_text][vc_column_text css=\u00bb.vc_custom_1682071144109{padding-bottom: 3% !important;}\u00bb]<\/p>\n<p style=\"text-align: left;\">10 sessiones para varias personas<\/p>\n<p>[\/vc_column_text][vc_column_text css=\u00bb.vc_custom_1682071160664{padding-bottom: 3% !important;}\u00bb]<\/p>\n<p style=\"text-align: left;\"><strong>325\u20ac<\/strong><\/p>\n<p>[\/vc_column_text][\/vc_column][vc_column width=\u00bb1\/3&#8243; css=\u00bb.vc_custom_1682070472419{padding-top: 35px !important;border-radius: 2px !important;}\u00bb][vc_icon icon_fontawesome=\u00bbfas fa-star\u00bb color=\u00bbcustom\u00bb size=\u00bblg\u00bb css_animation=\u00bbnone\u00bb custom_color=\u00bb#f2dab2&#8243;][vc_column_text css=\u00bb.vc_custom_1682071167828{padding-bottom: 3% !important;}\u00bb]<\/p>\n<h3 style=\"text-align: left;\">Vale por 20<\/h3>\n<p>[\/vc_column_text][vc_column_text css=\u00bb.vc_custom_1682071175449{padding-bottom: 3% !important;}\u00bb]<\/p>\n<p style=\"text-align: left;\">20 sessiones para una persona<\/p>\n<p>[\/vc_column_text][vc_column_text css=\u00bb.vc_custom_1682071181192{padding-bottom: 3% !important;}\u00bb]<\/p>\n<p style=\"text-align: left;\"><strong>500\u20ac<\/strong><\/p>\n<p>[\/vc_column_text][\/vc_column][\/vc_row][vc_row css_animation=\u00bbelement_from_fade\u00bb row_type=\u00bbrow\u00bb use_row_as_full_screen_section=\u00bbno\u00bb type=\u00bbgrid\u00bb angled_section=\u00bbno\u00bb text_align=\u00bbleft\u00bb background_image_as_pattern=\u00bbwithout_pattern\u00bb z_index=\u00bb\u00bb css=\u00bb.vc_custom_1682073135390{padding-top: 5% !important;padding-bottom: 35px !important;}\u00bb][vc_column css_animation=\u00bbfadeIn\u00bb css=\u00bb.vc_custom_1682073070971{padding-bottom: 5% !important;}\u00bb][vc_column_text css=\u00bb.vc_custom_1682070076492{padding-top: 15px !important;padding-bottom: 35px !important;}\u00bb]<\/p>\n<p>Es importante saber que estos vales corresponden a sesiones grupales. En ning\u00fan caso son sesiones privadas. En caso de querer una sesi\u00f3n particular pida m\u00e1s informaci\u00f3n.<\/p>\n<p>Tienes 1 a\u00f1o desde el d\u00eda de la compra para hacer uso del bono. Una vez empezado el vale tienes 1 a\u00f1o para terminar todas las sesiones restantes.<\/p>\n<p>[\/vc_column_text][\/vc_column][\/vc_row][vc_row row_type=\u00bbparallax\u00bb parallax_content_width=\u00bbfull_width\u00bb text_align=\u00bbcenter\u00bb full_screen_section_height=\u00bbno\u00bb][vc_column css_animation=\u00bbfadeIn\u00bb][rev_slider_vc alias=\u00bbsurf-academy\u00bb][\/vc_column][\/vc_row][vc_row row_type=\u00bbrow\u00bb use_row_as_full_screen_section=\u00bbno\u00bb type=\u00bbfull_width\u00bb angled_section=\u00bbno\u00bb text_align=\u00bbcenter\u00bb background_image_as_pattern=\u00bbwithout_pattern\u00bb z_index=\u00bb\u00bb css=\u00bb.vc_custom_1682073143424{padding-top: 7% !important;}\u00bb][vc_column css_animation=\u00bbfadeIn\u00bb css=\u00bb.vc_custom_1602259261161{padding-top: 25px !important;}\u00bb][vc_column_text]<\/p>\n<h2 style=\"text-align: left;\"><strong>Reserva<\/strong><\/h2>\n<p>[\/vc_column_text][vc_column_text]<\/p>\n<h3 style=\"text-align: left;\">Para comprar los vales regalo, sigue los siguientes pasos:<\/h3>\n<p>[\/vc_column_text][\/vc_column][\/vc_row][vc_row row_type=\u00bbrow\u00bb use_row_as_full_screen_section=\u00bbno\u00bb type=\u00bbfull_width\u00bb angled_section=\u00bbno\u00bb text_align=\u00bbcenter\u00bb background_image_as_pattern=\u00bbwithout_pattern\u00bb z_index=\u00bb\u00bb css=\u00bb.vc_custom_1682073150635{padding-bottom: 15% !important;}\u00bb][vc_column css_animation=\u00bbfadeIn\u00bb width=\u00bb1\/3&#8243; css=\u00bb.vc_custom_1608629806031{padding-top: 10% !important;}\u00bb][vc_icon icon_fontawesome=\u00bbfar fa-credit-card\u00bb color=\u00bbcustom\u00bb size=\u00bblg\u00bb css_animation=\u00bbnone\u00bb custom_color=\u00bb#f2dab2&#8243; css=\u00bb.vc_custom_1682071254870{padding-top: 10% !important;}\u00bb][vc_column_text css=\u00bb.vc_custom_1682071428208{padding-top: 5% !important;padding-bottom: 5% !important;}\u00bb]<\/p>\n<h3 style=\"text-align: left;\">1 &#8211; Pago<\/h3>\n<p>[\/vc_column_text][vc_column_text css=\u00bb.vc_custom_1682071468365{padding-top: 5% !important;padding-bottom: 10% !important;}\u00bb]<\/p>\n<p style=\"text-align: left;\">Hacer la <strong>transferencia<\/strong> bancaria al n\u00famero ES2514650100951724719815 con el importe correspondiente, indicando \u00abnombre y apellido del participante + NOMBRE DEL PRODUCTO\u00bb. El resguardo de pago deber\u00e1 adjuntarse como justificante en el formulario de reserva, en el siguiente paso.<\/p>\n<p>[\/vc_column_text][\/vc_column][vc_column width=\u00bb1\/3&#8243; css=\u00bb.vc_custom_1608629812949{padding-top: 10% !important;border-radius: 2px !important;}\u00bb][vc_icon icon_fontawesome=\u00bbfas fa-file-alt\u00bb color=\u00bbcustom\u00bb size=\u00bblg\u00bb css_animation=\u00bbnone\u00bb custom_color=\u00bb#f2dab2&#8243; css=\u00bb.vc_custom_1682072121080{padding-top: 10% !important;}\u00bb][vc_column_text css=\u00bb.vc_custom_1682071423659{padding-top: 5% !important;padding-bottom: 5% !important;}\u00bb]<\/p>\n<h3 style=\"text-align: left;\">2 &#8211; Datos<\/h3>\n<p>[\/vc_column_text][vc_column_text css=\u00bb.vc_custom_1682071475729{padding-top: 5% !important;padding-bottom: 10% !important;}\u00bb]<\/p>\n<p style=\"text-align: left;\">Rellenar el <strong>formulario<\/strong> de compra y adjuntar la transferencia bancaria como acuse de pago, en formato .pdf .png. jpg. Una vez finalizado se le enviar\u00e1 un e-mail con Val en formato pdf.<\/p>\n<p>[\/vc_column_text][vc_btn title=\u00bbFormulario\u00bb style=\u00bbcustom\u00bb custom_background=\u00bb#f2dab2&#8243; custom_text=\u00bb#003e52&#8243; align=\u00bbleft\u00bb i_icon_fontawesome=\u00bbfar fa-file-alt\u00bb add_icon=\u00bbtrue\u00bb link=\u00bburl:https%3A%2F%2Fdocs.google.com%2Fforms%2Fd%2Fe%2F1FAIpQLSeoR4QFoVoVti7JnUbnFzL2m1QaVKWQg18O61RHOF10SdqtVg%2Fviewform\u00bb][\/vc_column][vc_column width=\u00bb1\/3&#8243; css=\u00bb.vc_custom_1608550491409{padding-top: 10% !important;}\u00bb][vc_icon icon_fontawesome=\u00bbfab fa-whatsapp\u00bb color=\u00bbcustom\u00bb size=\u00bblg\u00bb css_animation=\u00bbnone\u00bb custom_color=\u00bb#f2dab2&#8243; css=\u00bb.vc_custom_1682072146683{padding-top: 10% !important;}\u00bb][vc_column_text css=\u00bb.vc_custom_1682071453021{padding-top: 5% !important;padding-bottom: 5% !important;}\u00bb]<\/p>\n<h3 style=\"text-align: left;\">3 &#8211; Reserva<\/h3>\n<p>[\/vc_column_text][vc_column_text css=\u00bb.vc_custom_1682071483913{padding-top: 5% !important;padding-bottom: 10% !important;}\u00bb]<\/p>\n<p style=\"text-align: left;\">Una vez entregado el Vale Regalo, es importante que los beneficiarios env\u00eden un <strong>WhatsApp<\/strong> indicando su \u00abnombre y apellido\u00bb pidiendo que les a\u00f1adamos a la \u00abLista de difusi\u00f3n de los cursos de surf\u00bb. De esta manera, le llegar\u00e1 un mensaje cuando tengamos previsi\u00f3n de olas y podr\u00e1 activar su vale regalo.<\/p>\n<p>[\/vc_column_text][vc_btn title=\u00bbReserva\u00bb style=\u00bbcustom\u00bb custom_background=\u00bb#f2dab2&#8243; custom_text=\u00bb#003e52&#8243; align=\u00bbleft\u00bb i_icon_fontawesome=\u00bbfar fa-file-alt\u00bb add_icon=\u00bbtrue\u00bb link=\u00bburl:https%3A%2F%2Fapi.whatsapp.com%2Fsend%3Fphone%3D34660895260%26text%3DBones!!%250A%250AEns%2520agradaria%2520poder%2520rebre%2520informaci%25C3%25B3%2520de%2520quan%2520hi%2520haur%25C3%25A0%2520cursos%2520de%2520surf.%250A%250AGr%25C3%25A0cies\u00bb][\/vc_column][\/vc_row]<\/p>\n","protected":false},"excerpt":{"rendered":"<p>[vc_row row_type=\u00bbrow\u00bb use_row_as_full_screen_section=\u00bbno\u00bb type=\u00bbfull_width\u00bb angled_section=\u00bbno\u00bb text_align=\u00bbleft\u00bb background_image_as_pattern=\u00bbwithout_pattern\u00bb z_index=\u00bb\u00bb][vc_column][rev_slider_vc alias=\u00bbvals-regal\u00bb][\/vc_column][\/vc_row][vc_row css_animation=\u00bbelement_from_fade\u00bb row_type=\u00bbrow\u00bb use_row_as_full_screen_section=\u00bbno\u00bb type=\u00bbfull_width\u00bb angled_section=\u00bbno\u00bb text_align=\u00bbleft\u00bb background_image_as_pattern=\u00bbwithout_pattern\u00bb z_index=\u00bb\u00bb css=\u00bb.vc_custom_1682073086999{padding-top: 10% !important;}\u00bb][vc_column css_animation=\u00bbfadeIn\u00bb][vc_column_text css=\u00bb.vc_custom_1682070532039{padding-bottom: 3% !important;}\u00bb] Vales Regalo de surf [\/vc_column_text][vc_column_text] Regalar&#8230;<\/p>\n","protected":false},"author":3,"featured_media":0,"parent":0,"menu_order":0,"comment_status":"closed","ping_status":"closed","template":"","meta":[],"yoast_head":"<!-- This site is optimized with the Yoast SEO plugin v19.6.1 - https:\/\/yoast.com\/wordpress\/plugins\/seo\/ -->\n<title>Compra Vale Regalo de surf - agroruralsurf<\/title>\n<meta name=\"description\" content=\"Regalar surf es una hermosa forma de compartir una buena experiencia con un familiar o amigo en la Costa brava\" \/>\n<meta name=\"robots\" content=\"index, follow, max-snippet:-1, max-image-preview:large, max-video-preview:-1\" \/>\n<link rel=\"canonical\" href=\"https:\/\/www.agroruralsurf.com\/es\/vale-regalo-surf\/\" \/>\n<meta property=\"og:locale\" content=\"es_ES\" \/>\n<meta property=\"og:type\" content=\"article\" \/>\n<meta property=\"og:title\" content=\"Compra Vale Regalo de surf - agroruralsurf\" \/>\n<meta property=\"og:description\" content=\"Regalar surf es una hermosa forma de compartir una buena experiencia con un familiar o amigo en la Costa brava\" \/>\n<meta property=\"og:url\" content=\"https:\/\/www.agroruralsurf.com\/es\/vale-regalo-surf\/\" \/>\n<meta property=\"og:site_name\" content=\"agroruralsurf\" \/>\n<meta property=\"article:publisher\" content=\"https:\/\/www.facebook.com\/agroruralsurf\/\" \/>\n<meta property=\"article:modified_time\" content=\"2023-12-12T13:25:06+00:00\" \/>\n<meta property=\"og:image\" content=\"https:\/\/www.agroruralsurf.com\/wp-content\/uploads\/2021\/05\/WEB2-scaled.jpg\" \/>\n\t<meta property=\"og:image:width\" content=\"2560\" \/>\n\t<meta property=\"og:image:height\" content=\"1536\" \/>\n\t<meta property=\"og:image:type\" content=\"image\/jpeg\" \/>\n<meta name=\"twitter:card\" content=\"summary_large_image\" \/>\n<meta name=\"twitter:label1\" content=\"Tiempo de lectura\" \/>\n\t<meta name=\"twitter:data1\" content=\"9 minutos\" \/>\n<script type=\"application\/ld+json\" class=\"yoast-schema-graph\">{\"@context\":\"https:\/\/schema.org\",\"@graph\":[{\"@type\":\"WebPage\",\"@id\":\"https:\/\/www.agroruralsurf.com\/es\/vale-regalo-surf\/\",\"url\":\"https:\/\/www.agroruralsurf.com\/es\/vale-regalo-surf\/\",\"name\":\"Compra Vale Regalo de surf - agroruralsurf\",\"isPartOf\":{\"@id\":\"https:\/\/www.agroruralsurf.com\/#website\"},\"datePublished\":\"2020-12-17T10:21:14+00:00\",\"dateModified\":\"2023-12-12T13:25:06+00:00\",\"description\":\"Regalar surf es una hermosa forma de compartir una buena experiencia con un familiar o amigo en la Costa brava\",\"breadcrumb\":{\"@id\":\"https:\/\/www.agroruralsurf.com\/es\/vale-regalo-surf\/#breadcrumb\"},\"inLanguage\":\"es\",\"potentialAction\":[{\"@type\":\"ReadAction\",\"target\":[\"https:\/\/www.agroruralsurf.com\/es\/vale-regalo-surf\/\"]}]},{\"@type\":\"BreadcrumbList\",\"@id\":\"https:\/\/www.agroruralsurf.com\/es\/vale-regalo-surf\/#breadcrumb\",\"itemListElement\":[{\"@type\":\"ListItem\",\"position\":1,\"name\":\"Inici\",\"item\":\"https:\/\/www.agroruralsurf.com\/\"},{\"@type\":\"ListItem\",\"position\":2,\"name\":\"Compra Vale Regalo de surf\"}]},{\"@type\":\"WebSite\",\"@id\":\"https:\/\/www.agroruralsurf.com\/#website\",\"url\":\"https:\/\/www.agroruralsurf.com\/\",\"name\":\"agroruralsurf\",\"description\":\"agroruralsurf\",\"publisher\":{\"@id\":\"https:\/\/www.agroruralsurf.com\/#organization\"},\"potentialAction\":[{\"@type\":\"SearchAction\",\"target\":{\"@type\":\"EntryPoint\",\"urlTemplate\":\"https:\/\/www.agroruralsurf.com\/?s={search_term_string}\"},\"query-input\":\"required name=search_term_string\"}],\"inLanguage\":\"es\"},{\"@type\":\"Organization\",\"@id\":\"https:\/\/www.agroruralsurf.com\/#organization\",\"name\":\"Agro Rural Surf\",\"url\":\"https:\/\/www.agroruralsurf.com\/\",\"sameAs\":[\"https:\/\/www.instagram.com\/agroruralsurf\/\",\"https:\/\/www.youtube.com\/channel\/UCqe6P2fGcAVgk66aE8VP_kA\",\"https:\/\/www.facebook.com\/agroruralsurf\/\"],\"logo\":{\"@type\":\"ImageObject\",\"inLanguage\":\"es\",\"@id\":\"https:\/\/www.agroruralsurf.com\/#\/schema\/logo\/image\/\",\"url\":\"https:\/\/www.agroruralsurf.com\/wp-content\/uploads\/2019\/11\/cropped-Logo-rodo-negre@2x.png\",\"contentUrl\":\"https:\/\/www.agroruralsurf.com\/wp-content\/uploads\/2019\/11\/cropped-Logo-rodo-negre@2x.png\",\"width\":512,\"height\":512,\"caption\":\"Agro Rural Surf\"},\"image\":{\"@id\":\"https:\/\/www.agroruralsurf.com\/#\/schema\/logo\/image\/\"}}]}<\/script>\n<!-- \/ Yoast SEO plugin. -->","yoast_head_json":{"title":"Compra Vale Regalo de surf - agroruralsurf","description":"Regalar surf es una hermosa forma de compartir una buena experiencia con un familiar o amigo en la Costa brava","robots":{"index":"index","follow":"follow","max-snippet":"max-snippet:-1","max-image-preview":"max-image-preview:large","max-video-preview":"max-video-preview:-1"},"canonical":"https:\/\/www.agroruralsurf.com\/es\/vale-regalo-surf\/","og_locale":"es_ES","og_type":"article","og_title":"Compra Vale Regalo de surf - agroruralsurf","og_description":"Regalar surf es una hermosa forma de compartir una buena experiencia con un familiar o amigo en la Costa brava","og_url":"https:\/\/www.agroruralsurf.com\/es\/vale-regalo-surf\/","og_site_name":"agroruralsurf","article_publisher":"https:\/\/www.facebook.com\/agroruralsurf\/","article_modified_time":"2023-12-12T13:25:06+00:00","og_image":[{"width":2560,"height":1536,"url":"https:\/\/www.agroruralsurf.com\/wp-content\/uploads\/2021\/05\/WEB2-scaled.jpg","type":"image\/jpeg"}],"twitter_card":"summary_large_image","twitter_misc":{"Tiempo de lectura":"9 minutos"},"schema":{"@context":"https:\/\/schema.org","@graph":[{"@type":"WebPage","@id":"https:\/\/www.agroruralsurf.com\/es\/vale-regalo-surf\/","url":"https:\/\/www.agroruralsurf.com\/es\/vale-regalo-surf\/","name":"Compra Vale Regalo de surf - agroruralsurf","isPartOf":{"@id":"https:\/\/www.agroruralsurf.com\/#website"},"datePublished":"2020-12-17T10:21:14+00:00","dateModified":"2023-12-12T13:25:06+00:00","description":"Regalar surf es una hermosa forma de compartir una buena experiencia con un familiar o amigo en la Costa brava","breadcrumb":{"@id":"https:\/\/www.agroruralsurf.com\/es\/vale-regalo-surf\/#breadcrumb"},"inLanguage":"es","potentialAction":[{"@type":"ReadAction","target":["https:\/\/www.agroruralsurf.com\/es\/vale-regalo-surf\/"]}]},{"@type":"BreadcrumbList","@id":"https:\/\/www.agroruralsurf.com\/es\/vale-regalo-surf\/#breadcrumb","itemListElement":[{"@type":"ListItem","position":1,"name":"Inici","item":"https:\/\/www.agroruralsurf.com\/"},{"@type":"ListItem","position":2,"name":"Compra Vale Regalo de surf"}]},{"@type":"WebSite","@id":"https:\/\/www.agroruralsurf.com\/#website","url":"https:\/\/www.agroruralsurf.com\/","name":"agroruralsurf","description":"agroruralsurf","publisher":{"@id":"https:\/\/www.agroruralsurf.com\/#organization"},"potentialAction":[{"@type":"SearchAction","target":{"@type":"EntryPoint","urlTemplate":"https:\/\/www.agroruralsurf.com\/?s={search_term_string}"},"query-input":"required name=search_term_string"}],"inLanguage":"es"},{"@type":"Organization","@id":"https:\/\/www.agroruralsurf.com\/#organization","name":"Agro Rural Surf","url":"https:\/\/www.agroruralsurf.com\/","sameAs":["https:\/\/www.instagram.com\/agroruralsurf\/","https:\/\/www.youtube.com\/channel\/UCqe6P2fGcAVgk66aE8VP_kA","https:\/\/www.facebook.com\/agroruralsurf\/"],"logo":{"@type":"ImageObject","inLanguage":"es","@id":"https:\/\/www.agroruralsurf.com\/#\/schema\/logo\/image\/","url":"https:\/\/www.agroruralsurf.com\/wp-content\/uploads\/2019\/11\/cropped-Logo-rodo-negre@2x.png","contentUrl":"https:\/\/www.agroruralsurf.com\/wp-content\/uploads\/2019\/11\/cropped-Logo-rodo-negre@2x.png","width":512,"height":512,"caption":"Agro Rural Surf"},"image":{"@id":"https:\/\/www.agroruralsurf.com\/#\/schema\/logo\/image\/"}}]}},"_links":{"self":[{"href":"https:\/\/www.agroruralsurf.com\/es\/wp-json\/wp\/v2\/pages\/25990"}],"collection":[{"href":"https:\/\/www.agroruralsurf.com\/es\/wp-json\/wp\/v2\/pages"}],"about":[{"href":"https:\/\/www.agroruralsurf.com\/es\/wp-json\/wp\/v2\/types\/page"}],"author":[{"embeddable":true,"href":"https:\/\/www.agroruralsurf.com\/es\/wp-json\/wp\/v2\/users\/3"}],"replies":[{"embeddable":true,"href":"https:\/\/www.agroruralsurf.com\/es\/wp-json\/wp\/v2\/comments?post=25990"}],"version-history":[{"count":3,"href":"https:\/\/www.agroruralsurf.com\/es\/wp-json\/wp\/v2\/pages\/25990\/revisions"}],"predecessor-version":[{"id":30000,"href":"https:\/\/www.agroruralsurf.com\/es\/wp-json\/wp\/v2\/pages\/25990\/revisions\/30000"}],"wp:attachment":[{"href":"https:\/\/www.agroruralsurf.com\/es\/wp-json\/wp\/v2\/media?parent=25990"}],"curies":[{"name":"wp","href":"https:\/\/api.w.org\/{rel}","templated":true}]}}