{"id":26014,"date":"2020-03-14T09:38:18","date_gmt":"2020-03-14T09:38:18","guid":{"rendered":"https:\/\/www.agroruralsurf.com\/escuela-de-surf-costa-brava\/"},"modified":"2023-12-19T09:50:51","modified_gmt":"2023-12-19T09:50:51","slug":"escuela-de-surf-costa-brava","status":"publish","type":"page","link":"https:\/\/www.agroruralsurf.com\/es\/escuela-de-surf-costa-brava\/","title":{"rendered":"Escuela de Surf Costa Brava"},"content":{"rendered":"<p>[vc_row css_animation=\u00bb\u00bb row_type=\u00bbrow\u00bb use_row_as_full_screen_section=\u00bbno\u00bb type=\u00bbfull_width\u00bb angled_section=\u00bbno\u00bb text_align=\u00bbleft\u00bb background_image_as_pattern=\u00bbwithout_pattern\u00bb][vc_column][rev_slider_vc alias=\u00bbhigh-banner\u00bb][\/vc_column][\/vc_row][vc_row css_animation=\u00bb\u00bb row_type=\u00bbrow\u00bb use_row_as_full_screen_section=\u00bbno\u00bb type=\u00bbfull_width\u00bb angled_section=\u00bbno\u00bb text_align=\u00bbleft\u00bb background_image_as_pattern=\u00bbwithout_pattern\u00bb css=\u00bb.vc_custom_1584017688352{padding-top: 5% !important;padding-right: 7% !important;padding-bottom: 7% !important;padding-left: 7% !important;}\u00bb z_index=\u00bb\u00bb][vc_column width=\u00bb1\/2&#8243; css=\u00bb.vc_custom_1584016563652{padding-top: 10% !important;}\u00bb][vc_single_image image=\u00bb18742&#8243; img_size=\u00bbfull\u00bb alignment=\u00bbcenter\u00bb qode_css_animation=\u00bb\u00bb][\/vc_column][vc_column width=\u00bb1\/2&#8243; css=\u00bb.vc_custom_1584016546914{padding-top: 10% !important;}\u00bb][vc_column_text css=\u00bb.vc_custom_1623754610001{padding-bottom: 35px !important;}\u00bb]<\/p>\n<h1 style=\"text-align: center;\">Bienvenidos a Agro Rural Surf<\/h1>\n<p>[\/vc_column_text][vc_column_text css=\u00bb.vc_custom_1587401387181{padding-top: 20px !important;padding-bottom: 30px !important;}\u00bb]<\/p>\n<p style=\"text-align: center;\">Nos situamos dentro del <strong>Parque Natural del Montgr\u00ed<\/strong>, las <strong>Islas Medas<\/strong> y el <strong>Baix Ter<\/strong>, un entorno magn\u00edfico con mucha diversidad de paisajes, de flora y de fauna. En la playa de L&#8217;<strong>Estartit<\/strong> nace un proyecto, integrador con la voluntad de difundir un <strong>estilo de vida<\/strong> rodeada de mar.<\/p>\n<p>&nbsp;<\/p>\n<p style=\"text-align: center;\">Desde <strong>Agro RuralSurf<\/strong>tenemos un abanico de posibilidades para que mayores y peque\u00f1os puedan disfrutar del <strong>mar<\/strong>desde una perspectiva diferente a lo vivido hasta el d\u00eda de hoy. De una forma totalmente <strong>inclusiva<\/strong>, la escuela quiere dar a todo el mundo la oportunidad de compartir <strong>experiencias<\/strong> con otras personas, y poder convivir en armon\u00eda con el <strong>entorno<\/strong>, <strong>aprender<\/strong> de lo que el mar nos ofrece los 365 d\u00edas del a\u00f1o.<\/p>\n<p>[\/vc_column_text][\/vc_column][\/vc_row][vc_row css_animation=\u00bb\u00bb row_type=\u00bbrow\u00bb use_row_as_full_screen_section=\u00bbno\u00bb type=\u00bbfull_width\u00bb angled_section=\u00bbno\u00bb text_align=\u00bbleft\u00bb background_image_as_pattern=\u00bbwithout_pattern\u00bb][vc_column][rev_slider_vc alias=\u00bbh-seas-bann-2&#8243;][\/vc_column][\/vc_row][vc_row css_animation=\u00bb\u00bb row_type=\u00bbrow\u00bb use_row_as_full_screen_section=\u00bbno\u00bb type=\u00bbfull_width\u00bb angled_section=\u00bbno\u00bb text_align=\u00bbleft\u00bb background_image_as_pattern=\u00bbwithout_pattern\u00bb css=\u00bb.vc_custom_1584017452701{padding-top: 10% !important;padding-right: 7% !important;padding-left: 7% !important;}\u00bb z_index=\u00bb\u00bb][vc_column][vc_column_text css=\u00bb.vc_custom_1584177762853{padding-bottom: 35px !important;}\u00bb]<\/p>\n<h1 style=\"text-align: center;\">\u00bfQu\u00e9 hacemos durante la High Season?<\/h1>\n<p>[\/vc_column_text][vc_column_text css=\u00bb.vc_custom_1587401575706{padding-top: 20px !important;padding-bottom: 30px !important;}\u00bb]<\/p>\n<p style=\"text-align: center;\">Cuando coincide con las vacaciones escolares, aprovechamos el final de la primavera, todo el verano y el inicio del oto\u00f1o para ofrecer diferentes actividades para todos. Grandes y peque\u00f1os podr\u00e1n practicar deporte, disfrutar del mar y hacerlo con la mejor compa\u00f1\u00eda. En l&#8217;Estartit ofrecemos Campos para ni\u00f1os y salidas con paddle surf a la meda para todos los adultos.<\/p>\n<p style=\"text-align: center;\">Durante esta \u00e9poca en que la temperatura del agua es muy buena, ofrecemos cursos de surf, de paddle surf y de windsurf en el Agroruralsurf Beach House que se encuentra situada en la playa de maspinell, entre los humedales de dentro del Parque natural .<\/p>\n<p>[\/vc_column_text][\/vc_column][\/vc_row][vc_row css_animation=\u00bb\u00bb row_type=\u00bbrow\u00bb use_row_as_full_screen_section=\u00bbno\u00bb type=\u00bbgrid\u00bb angled_section=\u00bbno\u00bb text_align=\u00bbleft\u00bb background_image_as_pattern=\u00bbwithout_pattern\u00bb z_index=\u00bb\u00bb css=\u00bb.vc_custom_1584179160817{padding-top: 2px !important;}\u00bb][vc_column css_animation=\u00bbslideInLeft\u00bb width=\u00bb1\/3&#8243; css=\u00bb.vc_custom_1584017627108{padding-top: 20px !important;}\u00bb]<div class=\"qode-banner qode-banner-va-center\"><a class=\"qode-banner-link\" href=\"https:\/\/www.agroruralsurf.com\/els-millors-cursos-de-surf-a-la-costa-brava\/\" target=\"_self\"><\/a><div class=\"qode-banner-image\"><img itemprop=\"image\" src=\"https:\/\/www.agroruralsurf.com\/wp-content\/uploads\/2020\/03\/surf-foto-maspinell-agroruralsurf.jpg\" alt=\"\" \/><\/div><div class=\"qode-banner-content\"><div class=\"qode-banner-content-inner\"><div class=\"qode-banner-text-holder\">\n<h1>Surf<\/h1>\n<p>Cursos &#8211; alquileres<\/div><\/div><\/div><\/div>[\/vc_column][vc_column css_animation=\u00bbslideInUp\u00bb width=\u00bb1\/3&#8243; css=\u00bb.vc_custom_1586772126255{padding-top: 20px !important;}\u00bb]<div class=\"qode-banner qode-banner-va-center\"><a class=\"qode-banner-link\" href=\"https:\/\/www.agroruralsurf.com\/nw-paddle-surf\/\" target=\"_self\"><\/a><div class=\"qode-banner-image\"><img itemprop=\"image\" src=\"https:\/\/www.agroruralsurf.com\/wp-content\/uploads\/2020\/03\/Paddlesurf2-foto-maspinell-agroruralsurf.jpg\" alt=\"\" \/><\/div><div class=\"qode-banner-content\"><div class=\"qode-banner-content-inner\"><div class=\"qode-banner-text-holder\">\n<h1>Paddle surf<\/h1>\n<p>Cursos<\/div><\/div><\/div><\/div>[\/vc_column][vc_column css_animation=\u00bbslideInRight\u00bb width=\u00bb1\/3&#8243; css=\u00bb.vc_custom_1586772004983{padding-top: 20px !important;}\u00bb]<div class=\"qode-banner qode-banner-va-center\"><a class=\"qode-banner-link\" href=\"https:\/\/www.agroruralsurf.com\/sup-ioga\/\" target=\"_self\"><\/a><div class=\"qode-banner-image\"><img itemprop=\"image\" src=\"https:\/\/www.agroruralsurf.com\/wp-content\/uploads\/2021\/06\/supyogabrava2-1.jpeg\" alt=\"\" \/><\/div><div class=\"qode-banner-content\"><div class=\"qode-banner-content-inner\"><div class=\"qode-banner-text-holder\">\n<h1>Actividades<\/h1>\n<p>\u00a1Inscr\u00edbete!<\/div><\/div><\/div><\/div>[\/vc_column][\/vc_row][vc_row css_animation=\u00bb\u00bb row_type=\u00bbrow\u00bb use_row_as_full_screen_section=\u00bbno\u00bb type=\u00bbgrid\u00bb angled_section=\u00bbno\u00bb text_align=\u00bbleft\u00bb background_image_as_pattern=\u00bbwithout_pattern\u00bb z_index=\u00bb\u00bb][vc_column css_animation=\u00bbslideInLeft\u00bb width=\u00bb1\/2&#8243; css=\u00bb.vc_custom_1586772013839{padding-top: 20px !important;}\u00bb]<div class=\"qode-banner qode-banner-va-center\"><a class=\"qode-banner-link\" href=\"https:\/\/www.agroruralsurf.com\/ars-camps-casals-de-surf-i-skate\/\" target=\"_self\"><\/a><div class=\"qode-banner-image\"><img itemprop=\"image\" src=\"https:\/\/www.agroruralsurf.com\/wp-content\/uploads\/2020\/03\/Camps-foto-maspinell-agroruralsurf.jpg\" alt=\"\" \/><\/div><div class=\"qode-banner-content\"><div class=\"qode-banner-content-inner\"><div class=\"qode-banner-text-holder\">\n<h1>Campos<\/h1>\n<p>Todo el Verano<\/div><\/div><\/div><\/div>[\/vc_column][vc_column css_animation=\u00bbslideInRight\u00bb width=\u00bb1\/2&#8243; css=\u00bb.vc_custom_1586772027231{padding-top: 20px !important;}\u00bb]<div class=\"qode-banner qode-banner-va-center\"><a class=\"qode-banner-link\" href=\"https:\/\/www.agroruralsurf.com\/nw-viatges-de-surf\/\" target=\"_self\"><\/a><div class=\"qode-banner-image\"><img itemprop=\"image\" src=\"https:\/\/www.agroruralsurf.com\/wp-content\/uploads\/2020\/03\/opensurf-foto-costabrava-agroruralsurf.jpg\" alt=\"\" \/><\/div><div class=\"qode-banner-content\"><div class=\"qode-banner-content-inner\"><div class=\"qode-banner-text-holder\">\n<h1>Surftrip Cantabria<\/h1>\n<p>De 14 a 18 a\u00f1os<\/div><\/div><\/div><\/div>[\/vc_column][\/vc_row][vc_row css_animation=\u00bb\u00bb row_type=\u00bbrow\u00bb use_row_as_full_screen_section=\u00bbno\u00bb type=\u00bbgrid\u00bb angled_section=\u00bbno\u00bb text_align=\u00bbleft\u00bb background_image_as_pattern=\u00bbwithout_pattern\u00bb z_index=\u00bb\u00bb css=\u00bb.vc_custom_1586771699811{padding-bottom: 10% !important;}\u00bb][vc_column css_animation=\u00bbslideInLeft\u00bb width=\u00bb1\/3&#8243; css=\u00bb.vc_custom_1584179746207{padding-top: 20px !important;}\u00bb]<div class=\"qode-banner qode-banner-va-center\"><a class=\"qode-banner-link\" href=\"https:\/\/www.agroruralsurf.com\/activitats-per-grups\/\" target=\"_self\"><\/a><div class=\"qode-banner-image\"><img itemprop=\"image\" src=\"https:\/\/www.agroruralsurf.com\/wp-content\/uploads\/2020\/03\/Grups-foto-maspinell-agroruralsurf.jpg\" alt=\"\" \/><\/div><div class=\"qode-banner-content\"><div class=\"qode-banner-content-inner\"><div class=\"qode-banner-text-holder\">\n<h1>Grupos<\/h1>\n<p>Fiestas &#8211; despedidas<\/div><\/div><\/div><\/div>[\/vc_column][vc_column css_animation=\u00bbslideInUp\u00bb width=\u00bb1\/3&#8243; css=\u00bb.vc_custom_1586772114045{padding-top: 20px !important;}\u00bb]<div class=\"qode-banner qode-banner-va-center\"><a class=\"qode-banner-link\" href=\"https:\/\/www.agroruralsurf.com\/nw-esdeveniments\/\" target=\"_self\"><\/a><div class=\"qode-banner-image\"><img itemprop=\"image\" src=\"https:\/\/www.agroruralsurf.com\/wp-content\/uploads\/2020\/03\/Events-foto-maspinell-agroruralsurf.jpg\" alt=\"\" \/><\/div><div class=\"qode-banner-content\"><div class=\"qode-banner-content-inner\"><div class=\"qode-banner-text-holder\">\n<h1>Calendario<\/h1>\n<p>De verano<\/div><\/div><\/div><\/div>[\/vc_column][vc_column css_animation=\u00bbslideInRight\u00bb width=\u00bb1\/3&#8243; css=\u00bb.vc_custom_1586772061791{padding-top: 20px !important;}\u00bb]<div class=\"qode-banner qode-banner-va-center\"><a class=\"qode-banner-link\" href=\"https:\/\/www.agroruralsurf.com\/nw-escola\/\" target=\"_self\"><\/a><div class=\"qode-banner-image\"><img itemprop=\"image\" src=\"https:\/\/www.agroruralsurf.com\/wp-content\/uploads\/2020\/03\/Escola-foto-maspinell-agroruralsurf.jpg\" alt=\"\" \/><\/div><div class=\"qode-banner-content\"><div class=\"qode-banner-content-inner\"><div class=\"qode-banner-text-holder\">\n<h1>La Escuela<\/h1>\n<p>Qui\u00e9n y d\u00f3nde estamos<\/div><\/div><\/div><\/div>[\/vc_column][\/vc_row][vc_row css_animation=\u00bb\u00bb row_type=\u00bbrow\u00bb use_row_as_full_screen_section=\u00bbno\u00bb type=\u00bbfull_width\u00bb angled_section=\u00bbno\u00bb text_align=\u00bbleft\u00bb background_image_as_pattern=\u00bbwithout_pattern\u00bb][vc_column][rev_slider_vc alias=\u00bbhig-season-banner\u00bb][\/vc_column][\/vc_row]<\/p>\n","protected":false},"excerpt":{"rendered":"<p>[vc_row css_animation=\u00bb\u00bb row_type=\u00bbrow\u00bb use_row_as_full_screen_section=\u00bbno\u00bb type=\u00bbfull_width\u00bb angled_section=\u00bbno\u00bb text_align=\u00bbleft\u00bb background_image_as_pattern=\u00bbwithout_pattern\u00bb][vc_column][rev_slider_vc alias=\u00bbhigh-banner\u00bb][\/vc_column][\/vc_row][vc_row css_animation=\u00bb\u00bb row_type=\u00bbrow\u00bb use_row_as_full_screen_section=\u00bbno\u00bb type=\u00bbfull_width\u00bb angled_section=\u00bbno\u00bb text_align=\u00bbleft\u00bb background_image_as_pattern=\u00bbwithout_pattern\u00bb css=\u00bb.vc_custom_1584017688352{padding-top: 5% !important;padding-right: 7% !important;padding-bottom: 7% !important;padding-left: 7% !important;}\u00bb z_index=\u00bb\u00bb][vc_column width=\u00bb1\/2&#8243; css=\u00bb.vc_custom_1584016563652{padding-top: 10% !important;}\u00bb][vc_single_image&#8230;<\/p>\n","protected":false},"author":3,"featured_media":0,"parent":0,"menu_order":0,"comment_status":"closed","ping_status":"closed","template":"full_width.php","meta":[],"yoast_head":"<!-- This site is optimized with the Yoast SEO plugin v19.6.1 - https:\/\/yoast.com\/wordpress\/plugins\/seo\/ -->\n<title>Escuela de Surf Costa Brava - agroruralsurf<\/title>\n<meta name=\"description\" content=\"Escola de Surf de l&#039;Empord\u00e0 gaudeix del surf i el paddle surf a la Costa Brava amb Agro Rural Surf.\" \/>\n<meta name=\"robots\" content=\"index, follow, max-snippet:-1, max-image-preview:large, max-video-preview:-1\" \/>\n<link rel=\"canonical\" href=\"https:\/\/www.agroruralsurf.com\/nw-high-season\/\" \/>\n<meta property=\"og:locale\" content=\"es_ES\" \/>\n<meta property=\"og:type\" content=\"article\" \/>\n<meta property=\"og:title\" content=\"Escuela de Surf Costa Brava - agroruralsurf\" \/>\n<meta property=\"og:description\" content=\"Escola de Surf de l&#039;Empord\u00e0 gaudeix del surf i el paddle surf a la Costa Brava amb Agro Rural Surf.\" \/>\n<meta property=\"og:url\" content=\"https:\/\/www.agroruralsurf.com\/nw-high-season\/\" \/>\n<meta property=\"og:site_name\" content=\"agroruralsurf\" \/>\n<meta property=\"article:publisher\" content=\"https:\/\/www.facebook.com\/agroruralsurf\/\" \/>\n<meta property=\"article:modified_time\" content=\"2023-12-19T09:50:51+00:00\" \/>\n<meta property=\"og:image\" content=\"https:\/\/www.agroruralsurf.com\/wp-content\/uploads\/2021\/05\/WEB2-scaled.jpg\" \/>\n\t<meta property=\"og:image:width\" content=\"2560\" \/>\n\t<meta property=\"og:image:height\" content=\"1536\" \/>\n\t<meta property=\"og:image:type\" content=\"image\/jpeg\" \/>\n<meta name=\"twitter:card\" content=\"summary_large_image\" \/>\n<meta name=\"twitter:label1\" content=\"Tiempo de lectura\" \/>\n\t<meta name=\"twitter:data1\" content=\"4 minutos\" \/>\n<script type=\"application\/ld+json\" class=\"yoast-schema-graph\">{\"@context\":\"https:\/\/schema.org\",\"@graph\":[{\"@type\":\"WebPage\",\"@id\":\"https:\/\/www.agroruralsurf.com\/nw-high-season\/\",\"url\":\"https:\/\/www.agroruralsurf.com\/nw-high-season\/\",\"name\":\"Escuela de Surf Costa Brava - agroruralsurf\",\"isPartOf\":{\"@id\":\"https:\/\/www.agroruralsurf.com\/#website\"},\"datePublished\":\"2020-03-14T09:38:18+00:00\",\"dateModified\":\"2023-12-19T09:50:51+00:00\",\"description\":\"Escola de Surf de l'Empord\u00e0 gaudeix del surf i el paddle surf a la Costa Brava amb Agro Rural Surf.\",\"breadcrumb\":{\"@id\":\"https:\/\/www.agroruralsurf.com\/nw-high-season\/#breadcrumb\"},\"inLanguage\":\"es\",\"potentialAction\":[{\"@type\":\"ReadAction\",\"target\":[\"https:\/\/www.agroruralsurf.com\/nw-high-season\/\"]}]},{\"@type\":\"BreadcrumbList\",\"@id\":\"https:\/\/www.agroruralsurf.com\/nw-high-season\/#breadcrumb\",\"itemListElement\":[{\"@type\":\"ListItem\",\"position\":1,\"name\":\"Inici\",\"item\":\"https:\/\/www.agroruralsurf.com\/\"},{\"@type\":\"ListItem\",\"position\":2,\"name\":\"Escuela de Surf Costa Brava\"}]},{\"@type\":\"WebSite\",\"@id\":\"https:\/\/www.agroruralsurf.com\/#website\",\"url\":\"https:\/\/www.agroruralsurf.com\/\",\"name\":\"agroruralsurf\",\"description\":\"agroruralsurf\",\"publisher\":{\"@id\":\"https:\/\/www.agroruralsurf.com\/#organization\"},\"potentialAction\":[{\"@type\":\"SearchAction\",\"target\":{\"@type\":\"EntryPoint\",\"urlTemplate\":\"https:\/\/www.agroruralsurf.com\/?s={search_term_string}\"},\"query-input\":\"required name=search_term_string\"}],\"inLanguage\":\"es\"},{\"@type\":\"Organization\",\"@id\":\"https:\/\/www.agroruralsurf.com\/#organization\",\"name\":\"Agro Rural Surf\",\"url\":\"https:\/\/www.agroruralsurf.com\/\",\"sameAs\":[\"https:\/\/www.instagram.com\/agroruralsurf\/\",\"https:\/\/www.youtube.com\/channel\/UCqe6P2fGcAVgk66aE8VP_kA\",\"https:\/\/www.facebook.com\/agroruralsurf\/\"],\"logo\":{\"@type\":\"ImageObject\",\"inLanguage\":\"es\",\"@id\":\"https:\/\/www.agroruralsurf.com\/#\/schema\/logo\/image\/\",\"url\":\"https:\/\/www.agroruralsurf.com\/wp-content\/uploads\/2019\/11\/cropped-Logo-rodo-negre@2x.png\",\"contentUrl\":\"https:\/\/www.agroruralsurf.com\/wp-content\/uploads\/2019\/11\/cropped-Logo-rodo-negre@2x.png\",\"width\":512,\"height\":512,\"caption\":\"Agro Rural Surf\"},\"image\":{\"@id\":\"https:\/\/www.agroruralsurf.com\/#\/schema\/logo\/image\/\"}}]}<\/script>\n<!-- \/ Yoast SEO plugin. -->","yoast_head_json":{"title":"Escuela de Surf Costa Brava - agroruralsurf","description":"Escola de Surf de l'Empord\u00e0 gaudeix del surf i el paddle surf a la Costa Brava amb Agro Rural Surf.","robots":{"index":"index","follow":"follow","max-snippet":"max-snippet:-1","max-image-preview":"max-image-preview:large","max-video-preview":"max-video-preview:-1"},"canonical":"https:\/\/www.agroruralsurf.com\/nw-high-season\/","og_locale":"es_ES","og_type":"article","og_title":"Escuela de Surf Costa Brava - agroruralsurf","og_description":"Escola de Surf de l'Empord\u00e0 gaudeix del surf i el paddle surf a la Costa Brava amb Agro Rural Surf.","og_url":"https:\/\/www.agroruralsurf.com\/nw-high-season\/","og_site_name":"agroruralsurf","article_publisher":"https:\/\/www.facebook.com\/agroruralsurf\/","article_modified_time":"2023-12-19T09:50:51+00:00","og_image":[{"width":2560,"height":1536,"url":"https:\/\/www.agroruralsurf.com\/wp-content\/uploads\/2021\/05\/WEB2-scaled.jpg","type":"image\/jpeg"}],"twitter_card":"summary_large_image","twitter_misc":{"Tiempo de lectura":"4 minutos"},"schema":{"@context":"https:\/\/schema.org","@graph":[{"@type":"WebPage","@id":"https:\/\/www.agroruralsurf.com\/nw-high-season\/","url":"https:\/\/www.agroruralsurf.com\/nw-high-season\/","name":"Escuela de Surf Costa Brava - agroruralsurf","isPartOf":{"@id":"https:\/\/www.agroruralsurf.com\/#website"},"datePublished":"2020-03-14T09:38:18+00:00","dateModified":"2023-12-19T09:50:51+00:00","description":"Escola de Surf de l'Empord\u00e0 gaudeix del surf i el paddle surf a la Costa Brava amb Agro Rural Surf.","breadcrumb":{"@id":"https:\/\/www.agroruralsurf.com\/nw-high-season\/#breadcrumb"},"inLanguage":"es","potentialAction":[{"@type":"ReadAction","target":["https:\/\/www.agroruralsurf.com\/nw-high-season\/"]}]},{"@type":"BreadcrumbList","@id":"https:\/\/www.agroruralsurf.com\/nw-high-season\/#breadcrumb","itemListElement":[{"@type":"ListItem","position":1,"name":"Inici","item":"https:\/\/www.agroruralsurf.com\/"},{"@type":"ListItem","position":2,"name":"Escuela de Surf Costa Brava"}]},{"@type":"WebSite","@id":"https:\/\/www.agroruralsurf.com\/#website","url":"https:\/\/www.agroruralsurf.com\/","name":"agroruralsurf","description":"agroruralsurf","publisher":{"@id":"https:\/\/www.agroruralsurf.com\/#organization"},"potentialAction":[{"@type":"SearchAction","target":{"@type":"EntryPoint","urlTemplate":"https:\/\/www.agroruralsurf.com\/?s={search_term_string}"},"query-input":"required name=search_term_string"}],"inLanguage":"es"},{"@type":"Organization","@id":"https:\/\/www.agroruralsurf.com\/#organization","name":"Agro Rural Surf","url":"https:\/\/www.agroruralsurf.com\/","sameAs":["https:\/\/www.instagram.com\/agroruralsurf\/","https:\/\/www.youtube.com\/channel\/UCqe6P2fGcAVgk66aE8VP_kA","https:\/\/www.facebook.com\/agroruralsurf\/"],"logo":{"@type":"ImageObject","inLanguage":"es","@id":"https:\/\/www.agroruralsurf.com\/#\/schema\/logo\/image\/","url":"https:\/\/www.agroruralsurf.com\/wp-content\/uploads\/2019\/11\/cropped-Logo-rodo-negre@2x.png","contentUrl":"https:\/\/www.agroruralsurf.com\/wp-content\/uploads\/2019\/11\/cropped-Logo-rodo-negre@2x.png","width":512,"height":512,"caption":"Agro Rural Surf"},"image":{"@id":"https:\/\/www.agroruralsurf.com\/#\/schema\/logo\/image\/"}}]}},"_links":{"self":[{"href":"https:\/\/www.agroruralsurf.com\/es\/wp-json\/wp\/v2\/pages\/26014"}],"collection":[{"href":"https:\/\/www.agroruralsurf.com\/es\/wp-json\/wp\/v2\/pages"}],"about":[{"href":"https:\/\/www.agroruralsurf.com\/es\/wp-json\/wp\/v2\/types\/page"}],"author":[{"embeddable":true,"href":"https:\/\/www.agroruralsurf.com\/es\/wp-json\/wp\/v2\/users\/3"}],"replies":[{"embeddable":true,"href":"https:\/\/www.agroruralsurf.com\/es\/wp-json\/wp\/v2\/comments?post=26014"}],"version-history":[{"count":3,"href":"https:\/\/www.agroruralsurf.com\/es\/wp-json\/wp\/v2\/pages\/26014\/revisions"}],"predecessor-version":[{"id":30060,"href":"https:\/\/www.agroruralsurf.com\/es\/wp-json\/wp\/v2\/pages\/26014\/revisions\/30060"}],"wp:attachment":[{"href":"https:\/\/www.agroruralsurf.com\/es\/wp-json\/wp\/v2\/media?parent=26014"}],"curies":[{"name":"wp","href":"https:\/\/api.w.org\/{rel}","templated":true}]}}