{"id":26023,"date":"2021-09-06T13:43:12","date_gmt":"2021-09-06T13:43:12","guid":{"rendered":"https:\/\/www.agroruralsurf.com\/extraescolares-de-skate\/"},"modified":"2025-09-03T15:35:23","modified_gmt":"2025-09-03T15:35:23","slug":"extraescolares-de-skate","status":"publish","type":"page","link":"https:\/\/www.agroruralsurf.com\/es\/extraescolares-de-skate\/","title":{"rendered":"Extraescolares de Skate"},"content":{"rendered":"<p>[vc_row full_width=\u00bbstretch_row\u00bb row_type=\u00bbrow\u00bb use_row_as_full_screen_section=\u00bbno\u00bb type=\u00bbfull_width\u00bb angled_section=\u00bbno\u00bb text_align=\u00bbleft\u00bb background_image_as_pattern=\u00bbwithout_pattern\u00bb z_index=\u00bb\u00bb css=\u00bb.vc_custom_1693937020922{padding-top: 7% !important;padding-right: 7% !important;padding-bottom: 7% !important;padding-left: 7% !important;}\u00bb][vc_column][vc_single_image image=\u00bb18501&#8243; img_size=\u00bb1600&#8243;][\/vc_column][\/vc_row][vc_row row_type=\u00bbrow\u00bb use_row_as_full_screen_section=\u00bbno\u00bb type=\u00bbfull_width\u00bb angled_section=\u00bbno\u00bb text_align=\u00bbleft\u00bb background_image_as_pattern=\u00bbwithout_pattern\u00bb z_index=\u00bb\u00bb css=\u00bb.vc_custom_1693934308681{padding-right: 7% !important;padding-bottom: 25px !important;padding-left: 7% !important;}\u00bb][vc_column css=\u00bb.vc_custom_1662461806109{padding-top: 35px !important;}\u00bb][vc_column_text css=\u00bb.vc_custom_1725351076257{padding-bottom: 25px !important;}\u00bb]<\/p>\n<h1 style=\"text-align: left;\">Extraescolares de skate en la provincia de Girona<\/h1>\n<p>[\/vc_column_text][vc_column_text css=\u00bb.vc_custom_1725351093445{padding-bottom: 25px !important;}\u00bb]<\/p>\n<h3 style=\"text-align: left;\">Ofrecemos extraescolares de skate en las escuelas de toda la provincia de Girona y en los distintos skateparks.<\/h3>\n<p>[\/vc_column_text][vc_column_text css=\u00bb.vc_custom_1725351113881{padding-bottom: 10px !important;}\u00bb]<\/p>\n<p style=\"text-align: left;\">La escuela de surf y skate Agroruralsurf lleva m\u00e1s de 8 a\u00f1os ofreciendo extraescolares de skate en todas las escuelas de la provincia de Girona. Nuestro objetivo es mostrar a los ni\u00f1os y j\u00f3venes los beneficios de esta actividad y romper con los estereotipos que se han asociado hist\u00f3ricamente.<\/p>\n<p style=\"text-align: left;\">Entendemos que el skate es una actividad nueva para muchos ni\u00f1os, por eso nos dedicamos a ense\u00f1arla desde una base educativa s\u00f3lida. Esto implica que nuestros instructores est\u00e1n altamente capacitados para proporcionar una ense\u00f1anza de calidad y adaptada a las necesidades de cada estudiante.<\/p>\n<p>[\/vc_column_text][vc_column_text css=\u00bb.vc_custom_1725351138282{padding-bottom: 10px !important;}\u00bb]<\/p>\n<p style=\"text-align: left;\">En nuestras extraescolares de skate, los ni\u00f1os aprenden los cimientos de este deporte, incluyendo t\u00e9cnicas b\u00e1sicas de equilibrio y movimientos que les permitir\u00e1n ser m\u00e1s precisos en los trucos. Adem\u00e1s, tambi\u00e9n les ense\u00f1amos muchos valores del skate como el respeto, el esfuerzo o la perseverancia.<\/p>\n<p style=\"text-align: left;\">Nuestros programas de extraescolares se dirigen a alumnos de distintas edades y niveles de habilidad. Entendemos que cada ni\u00f1o es \u00fanico, por eso trabajamos para crear una experiencia personalizada que se adapte a sus objetivos individuales.<\/p>\n<p style=\"text-align: left;\">Si crees que puede incluir a trav\u00e9s de la AFA de la escuela esta extraescolar de skate y deseas m\u00e1s informaci\u00f3n, no dudes en contactarnos. Estamos encantados de ayudarte a que tus alumnos experimenten la emoci\u00f3n y los beneficios de practicar skate de forma segura y seg\u00fan una perspectiva educativa.<\/p>\n<p style=\"text-align: left;\">Para m\u00e1s informaci\u00f3n: info@agroruralsurf.com<\/p>\n<p>[\/vc_column_text][\/vc_column][\/vc_row][vc_row row_type=\u00bbrow\u00bb use_row_as_full_screen_section=\u00bbno\u00bb type=\u00bbfull_width\u00bb angled_section=\u00bbno\u00bb text_align=\u00bbleft\u00bb background_image_as_pattern=\u00bbwithout_pattern\u00bb z_index=\u00bb\u00bb css=\u00bb.vc_custom_1693934327434{padding-right: 7% !important;padding-bottom: 25px !important;padding-left: 7% !important;}\u00bb][vc_column css=\u00bb.vc_custom_1662461806109{padding-top: 35px !important;}\u00bb][vc_icon icon_fontawesome=\u00bbfas fa-city\u00bb color=\u00bbcustom\u00bb custom_color=\u00bb#f2dab2&#8243; css=\u00bb.vc_custom_1693936964775{padding-top: 7% !important;}\u00bb][vc_column_text]<\/p>\n<h2 style=\"text-align: left;\">Horario semanal de las sesiones de skate en los diferentes skateparks y escuelas del Giron\u00e8s, Baix y Alt Empord\u00e0.<\/h2>\n<p>[\/vc_column_text][\/vc_column][\/vc_row][vc_row row_type=\u00bbrow\u00bb use_row_as_full_screen_section=\u00bbno\u00bb type=\u00bbfull_width\u00bb angled_section=\u00bbno\u00bb text_align=\u00bbleft\u00bb background_image_as_pattern=\u00bbwithout_pattern\u00bb css=\u00bb.vc_custom_1693941338174{padding-right: 7% !important;padding-left: 7% !important;}\u00bb z_index=\u00bb\u00bb][vc_column width=\u00bb1\/5&#8243; css=\u00bb.vc_custom_1693941382293{padding-top: 25px !important;}\u00bb][vc_column_text css=\u00bb.vc_custom_1725351198836{padding-bottom: 5% !important;}\u00bb]<\/p>\n<h3 style=\"text-align: left;\">Lunes<\/h3>\n<p>[\/vc_column_text][vc_cta h2=\u00bbGUILLEM DE MONTGR\u00cd\u00bb h2_font_container=\u00bbtag:h2|font_size:20px|text_align:left|color:%23ffffff|line_height:20px\u00bb h2_use_theme_fonts=\u00bbyes\u00bb h4=\u00bb12.30h i 13.30h (45&#8242;) &#8211; 30\u20ac\u00bb h4_font_container=\u00bbtag:p|text_align:left|color:%23ffffff\u00bb style=\u00bbcustom\u00bb use_custom_fonts_h2=\u00bbtrue\u00bb use_custom_fonts_h4=\u00bbtrue\u00bb custom_background=\u00bb#0f6dbf\u00bb custom_text=\u00bb#ffffff\u00bb][\/vc_cta][\/vc_column][vc_column width=\u00bb1\/5&#8243; css=\u00bb.vc_custom_1694168073305{padding-top: 25px !important;}\u00bb][vc_column_text css=\u00bb.vc_custom_1725351208295{padding-bottom: 5% !important;}\u00bb]<\/p>\n<h3 style=\"text-align: left;\">Martes<\/h3>\n<p>[\/vc_column_text][vc_cta h2=\u00bbEMPORDANET LA BISBAL D&#8217;EMPORD\u00c0\u00bb h2_font_container=\u00bbtag:h2|font_size:20px|text_align:left|color:%23ffffff|line_height:20px\u00bb h2_use_theme_fonts=\u00bbyes\u00bb h4=\u00bb12.30h i 13.30h (45&#8242;) &#8211; 29\u20ac\u00bb h4_font_container=\u00bbtag:p|text_align:left|color:%23ffffff\u00bb style=\u00bbcustom\u00bb use_custom_fonts_h2=\u00bbtrue\u00bb use_custom_fonts_h4=\u00bbtrue\u00bb custom_background=\u00bb#0f6dbf\u00bb custom_text=\u00bb#ffffff\u00bb][\/vc_cta][vc_cta h2=\u00bbFALGUERES DE CELR\u00c0\u00bb h2_font_container=\u00bbtag:h2|font_size:20px|text_align:left|color:%23ffffff|line_height:20px\u00bb h2_use_theme_fonts=\u00bbyes\u00bb h4=\u00bb16.30h (1h30&#8242;) &#8211; 39\u20ac\u00bb h4_font_container=\u00bbtag:p|text_align:left|color:%23ffffff\u00bb style=\u00bbcustom\u00bb use_custom_fonts_h2=\u00bbtrue\u00bb use_custom_fonts_h4=\u00bbtrue\u00bb custom_background=\u00bb#0f6dbf\u00bb custom_text=\u00bb#ffffff\u00bb][\/vc_cta][vc_cta h2=\u00bbTECNIFICACI\u00d3 DIFERENTS SKATEPARKS\u00bb h2_font_container=\u00bbtag:h2|font_size:20px|text_align:left|color:%23ffffff|line_height:20px\u00bb h2_use_theme_fonts=\u00bbyes\u00bb h4=\u00bb17.30h (1h30&#8242;) &#8211; 39\u20ac\u00bb h4_font_container=\u00bbtag:p|text_align:left|color:%23ffffff\u00bb style=\u00bbcustom\u00bb use_custom_fonts_h2=\u00bbtrue\u00bb use_custom_fonts_h4=\u00bbtrue\u00bb custom_background=\u00bb#c4a90f\u00bb custom_text=\u00bb#ffffff\u00bb][\/vc_cta][\/vc_column][vc_column width=\u00bb1\/5&#8243; css=\u00bb.vc_custom_1721725745581{padding-top: 25px !important;}\u00bb][vc_column_text css=\u00bb.vc_custom_1725351218027{padding-bottom: 5% !important;}\u00bb]<\/p>\n<h3 style=\"text-align: left;\">Mi\u00e9rcoles<\/h3>\n<p>[\/vc_column_text][vc_cta h2=\u00bbFORN D&#8217;ANELLS FORNELLS DE LA SELVA\u00bb h2_font_container=\u00bbtag:h2|font_size:20px|text_align:left|color:%23ffffff|line_height:20px\u00bb h2_use_theme_fonts=\u00bbyes\u00bb h4=\u00bb12.30h i 13.30h (45&#8242;) &#8211; 29\u20ac\u00bb h4_font_container=\u00bbtag:p|text_align:left|color:%23ffffff\u00bb style=\u00bbcustom\u00bb use_custom_fonts_h2=\u00bbtrue\u00bb use_custom_fonts_h4=\u00bbtrue\u00bb custom_background=\u00bb#0f6dbf\u00bb custom_text=\u00bb#ffffff\u00bb][\/vc_cta][\/vc_column][vc_column width=\u00bb1\/5&#8243; css=\u00bb.vc_custom_1693941361314{padding-top: 25px !important;}\u00bb][vc_column_text css=\u00bb.vc_custom_1725351224782{padding-bottom: 5% !important;}\u00bb]<\/p>\n<h3 style=\"text-align: left;\">Jueves<\/h3>\n<p>[\/vc_column_text][vc_cta h2=\u00bbL&#8217;ESCULAPI DE L&#8217;ESCALA\u00bb h2_font_container=\u00bbtag:h2|font_size:20px|text_align:left|color:%23ffffff|line_height:20px\u00bb h2_use_theme_fonts=\u00bbyes\u00bb h4=\u00bb12.30h i 13.30h (45&#8242;) &#8211; 30\u20ac\u00bb h4_font_container=\u00bbtag:p|text_align:left|color:%23ffffff\u00bb style=\u00bbcustom\u00bb use_custom_fonts_h2=\u00bbtrue\u00bb use_custom_fonts_h4=\u00bbtrue\u00bb custom_background=\u00bb#0f6dbf\u00bb custom_text=\u00bb#ffffff\u00bb][\/vc_cta][\/vc_column][vc_column width=\u00bb1\/5&#8243; css=\u00bb.vc_custom_1694173744201{padding-top: 25px !important;}\u00bb][vc_column_text css=\u00bb.vc_custom_1725351230952{padding-bottom: 5% !important;}\u00bb]<\/p>\n<h3 style=\"text-align: left;\">Viernes<\/h3>\n<p>[\/vc_column_text][vc_cta h2=\u00bbMIGDIA DE GIRONA\u00bb h2_font_container=\u00bbtag:h2|font_size:20px|text_align:left|color:%23ffffff|line_height:20px\u00bb h2_use_theme_fonts=\u00bbyes\u00bb h4=\u00bb12.30h i 13.30h (45&#8242;) &#8211; 30\u20ac\u00bb h4_font_container=\u00bbtag:p|text_align:left|color:%23ffffff\u00bb style=\u00bbcustom\u00bb use_custom_fonts_h2=\u00bbtrue\u00bb use_custom_fonts_h4=\u00bbtrue\u00bb custom_background=\u00bb#0f6dbf\u00bb custom_text=\u00bb#ffffff\u00bb][\/vc_cta][vc_cta h2=\u00bbCELR\u00c0 SKATEPARK\u00bb h2_font_container=\u00bbtag:h2|font_size:20px|text_align:left|color:%23ffffff|line_height:20px\u00bb h2_use_theme_fonts=\u00bbyes\u00bb h4=\u00bb17h (1h30&#8242;) &#8211; 39\u20ac\u00bb h4_font_container=\u00bbtag:p|text_align:left|color:%23ffffff\u00bb style=\u00bbcustom\u00bb use_custom_fonts_h2=\u00bbtrue\u00bb use_custom_fonts_h4=\u00bbtrue\u00bb custom_background=\u00bb#c4a90f\u00bb custom_text=\u00bb#ffffff\u00bb][\/vc_cta][\/vc_column][\/vc_row][vc_row row_type=\u00bbrow\u00bb use_row_as_full_screen_section=\u00bbno\u00bb type=\u00bbfull_width\u00bb angled_section=\u00bbno\u00bb text_align=\u00bbleft\u00bb background_image_as_pattern=\u00bbwithout_pattern\u00bb css=\u00bb.vc_custom_1693934318977{padding-top: 25px !important;padding-right: 7% !important;padding-left: 7% !important;}\u00bb z_index=\u00bb\u00bb][vc_column width=\u00bb1\/3&#8243; css=\u00bb.vc_custom_1630580651044{padding-bottom: 25px !important;}\u00bb][vc_icon icon_fontawesome=\u00bbfas fa-map-pin\u00bb color=\u00bbcustom\u00bb custom_color=\u00bb#f2dab2&#8243;][vc_column_text]<\/p>\n<h4 style=\"text-align: left;\"><a href=\"https:\/\/forms.gle\/6fV6pzPfAPN3Uu8Q9\">Girona<\/a><\/h4>\n<p>[\/vc_column_text][vc_column_text]<\/p>\n<h4 style=\"text-align: left;\"><a href=\"https:\/\/forms.gle\/6fV6pzPfAPN3Uu8Q9\">Celr\u00e0<\/a><\/h4>\n<p>[\/vc_column_text][vc_column_text]<\/p>\n<h4 style=\"text-align: left;\">La Bisbal d&#8217;Empord\u00e0<\/h4>\n<p>[\/vc_column_text][vc_column_text]<\/p>\n<h4 style=\"text-align: left;\"><a href=\"https:\/\/forms.gle\/6fV6pzPfAPN3Uu8Q9\">L&#8217;Escala<\/a><\/h4>\n<h4 style=\"text-align: left;\"><\/h4>\n<p>[\/vc_column_text][vc_column_text]<\/p>\n<h4 style=\"text-align: left;\"><strong><a href=\"https:\/\/forms.gle\/QPoX9Q4HMvGDmPoa6\">Torroella de Montgr\u00ed<\/a><\/strong><\/h4>\n<p>[\/vc_column_text][vc_column_text]<\/p>\n<h4 style=\"text-align: left;\">Fornells<\/h4>\n<p>[\/vc_column_text][\/vc_column][vc_column width=\u00bb1\/3&#8243; css=\u00bb.vc_custom_1725272352523{padding-top: 25px !important;}\u00bb][vc_single_image image=\u00bb21337&#8243; img_size=\u00bb600&#215;850&#8243;][\/vc_column][vc_column width=\u00bb1\/3&#8243; css=\u00bb.vc_custom_1725271428655{padding-top: 25px !important;}\u00bb][vc_single_image image=\u00bb21789&#8243; img_size=\u00bb600&#215;850&#8243;][\/vc_column][\/vc_row][vc_row row_type=\u00bbrow\u00bb use_row_as_full_screen_section=\u00bbno\u00bb type=\u00bbfull_width\u00bb angled_section=\u00bbno\u00bb text_align=\u00bbleft\u00bb background_image_as_pattern=\u00bbwithout_pattern\u00bb z_index=\u00bb\u00bb css=\u00bb.vc_custom_1693934370119{padding-top: 25px !important;padding-right: 7% !important;padding-bottom: 25px !important;padding-left: 7% !important;}\u00bb][vc_column css=\u00bb.vc_custom_1662461806109{padding-top: 35px !important;}\u00bb][vc_icon icon_fontawesome=\u00bbfas fa-money-check\u00bb color=\u00bbcustom\u00bb custom_color=\u00bb#f2dab2&#8243; css=\u00bb.vc_custom_1693934402011{padding-top: 7% !important;}\u00bb][vc_column_text css=\u00bb.vc_custom_1725351291053{padding-bottom: 5% !important;}\u00bb]<\/p>\n<h2 style=\"text-align: left;\">Precios de las extraescolares<\/h2>\n<p>[\/vc_column_text][vc_column_text css=\u00bb.vc_custom_1725351444445{padding-bottom: 10% !important;}\u00bb]<\/p>\n<div class=\"vc_row wpb_row vc_row-fluid vc_custom_1693316681608\">\n<div class=\"wpb_column vc_column_container vc_col-sm-12\">\n<div class=\"vc_column-inner vc_custom_1587929712599\">\n<div class=\"wpb_wrapper\">\n<div class=\"wpb_text_column wpb_content_element vc_custom_1693316722680\">\n<div class=\"wpb_wrapper\">\n<p style=\"text-align: left;\">Precio de una sesi\u00f3n puntual &#8211; <strong>19<\/strong> \u20ac.<\/p>\n<p style=\"text-align: left;\">Precio abono mensual 1 d\u00eda a la semana\u2013 <strong>39<\/strong>\u20ac<\/p>\n<p style=\"text-align: left;\">Cuota socio \u2013 <strong>25<\/strong>\u20ac\u00a0antiguo alumno \/\u00a0<strong>35<\/strong>\u20ac nuevo alumno (esta se paga una sola vez a principios de curso, incluye una camiseta y descuentos de un 10% en compras en tienda.<\/p>\n<p style=\"text-align: left;\">(aqu\u00ed incluye seguro, instructor y material necesario).<\/p>\n<p style=\"text-align: left;\">Las cuotas se pasar\u00e1n a trav\u00e9s del n\u00famero de cuenta que nos pase a trav\u00e9s del formulario a principios de cada mes. En octubre se cobrar\u00e1 la matr\u00edcula + el mes en curso.<\/p>\n<p style=\"text-align: left;\">Si alguien no puede asistir a una de las sesiones \u00e9sta no podr\u00e1 ser recuperada. En caso de hacer la inscripci\u00f3n una vez comenzado el mes entrando el coste del abono ser\u00e1 el mismo. Siempre que se quiera se podr\u00e1 realizar el pago de la sesi\u00f3n individual hasta empezar el siguiente mes.<\/p>\n<p style=\"text-align: left;\">Las extraescolares organizadas por escuelas que realizan la actividad al mediod\u00eda el precio tendr\u00e1 un coste reducido de <strong>29<\/strong>\u20ac a <strong>30<\/strong>\u20ac dependiendo de cada lugar. Esta actividad tiene una duraci\u00f3n de 45&#8242; y se realizar\u00e1n dos grupos al mediod\u00eda. Las edades ser\u00e1n de 1\u00ba a 6\u00ba de primaria. En alg\u00fan caso se aceptar\u00e1n alumnos de infantil pero el contenido ser\u00e1 adaptado y har\u00e1n psico-skate. No hay matr\u00edcula. Es posible que se cobre la cuota trimestralmente. Vea m\u00e1s informaci\u00f3n de cada escuela.<\/p>\n<p style=\"text-align: left;\">Para las extraescolares que se realizan en las escuelas por la tarde a las <strong>16:30 o 17h<\/strong> el precio de la actividad ser\u00e1 de <strong>39<\/strong>\u20ac dependiendo de la escuela y la duraci\u00f3n ser\u00e1 de <strong>1h 30&#8242;<\/strong>. En ese caso no habr\u00e1 matr\u00edcula. Es posible que se cobre la cuota trimestralmente.<\/p>\n<\/div>\n<\/div>\n<\/div>\n<\/div>\n<\/div>\n<\/div>\n<p>[\/vc_column_text][vc_icon icon_fontawesome=\u00bbfas fa-file-alt\u00bb color=\u00bbcustom\u00bb custom_color=\u00bb#f2dab2&#8243; css=\u00bb.vc_custom_1693936777867{padding-top: 7% !important;}\u00bb][vc_column_text css=\u00bb.vc_custom_1725351486471{padding-bottom: 5% !important;}\u00bb]<\/p>\n<h2 style=\"text-align: left;\">Inscripciones a las extraescolares de skate<\/h2>\n<p>[\/vc_column_text][vc_column_text css=\u00bb.vc_custom_1725351479924{padding-bottom: 25px !important;}\u00bb]<\/p>\n<h3 style=\"text-align: left;\">Ap\u00fantate a cualquiera de nuestras extraescolares de skate. Si es una escuela ap\u00fantate a trav\u00e9s de la AFA.<\/h3>\n<p>[\/vc_column_text][vc_column_text css=\u00bb.vc_custom_1725351509689{padding-bottom: 10px !important;}\u00bb]<\/p>\n<p style=\"text-align: left;\">En todas las extraescolares de skate que Agro Rural Suf gestiona y organiza en los skateparks, cualquier ni\u00f1o podr\u00e1 apuntarse el d\u00eda y lugar que desee.<\/p>\n<p style=\"text-align: left;\">En el caso de querer hacer la inscripci\u00f3n en una actividad que organizamos conjuntamente con las diferentes escuelas debe ponerse directamente en contacto con las AFA&#8217;s de cada centro.<\/p>\n<p>[\/vc_column_text][vc_btn title=\u00bbInscriu-te\u00bb style=\u00bbcustom\u00bb custom_background=\u00bb#f2dab2&#8243; custom_text=\u00bb#0f4655&#8243; align=\u00bbleft\u00bb link=\u00bburl:https%3A%2F%2Fdocs.google.com%2Fforms%2Fd%2Fe%2F1FAIpQLSfVnw9bFDL7rdqIet4G7SR5hnYEEEhb1FTIcf4AnlckCpfXYA%2Fviewform%3Fusp%3Dsend_form\u00bb css=\u00bb.vc_custom_1693939245854{padding-top: 7% !important;}\u00bb][\/vc_column][\/vc_row]<\/p>\n","protected":false},"excerpt":{"rendered":"<p>[vc_row full_width=\u00bbstretch_row\u00bb row_type=\u00bbrow\u00bb use_row_as_full_screen_section=\u00bbno\u00bb type=\u00bbfull_width\u00bb angled_section=\u00bbno\u00bb text_align=\u00bbleft\u00bb background_image_as_pattern=\u00bbwithout_pattern\u00bb z_index=\u00bb\u00bb css=\u00bb.vc_custom_1693937020922{padding-top: 7% !important;padding-right: 7% !important;padding-bottom: 7% !important;padding-left: 7% !important;}\u00bb][vc_column][vc_single_image image=\u00bb18501&#8243; img_size=\u00bb1600&#8243;][\/vc_column][\/vc_row][vc_row row_type=\u00bbrow\u00bb use_row_as_full_screen_section=\u00bbno\u00bb type=\u00bbfull_width\u00bb angled_section=\u00bbno\u00bb text_align=\u00bbleft\u00bb background_image_as_pattern=\u00bbwithout_pattern\u00bb z_index=\u00bb\u00bb css=\u00bb.vc_custom_1693934308681{padding-right: 7% !important;padding-bottom:&#8230;<\/p>\n","protected":false},"author":3,"featured_media":0,"parent":0,"menu_order":0,"comment_status":"closed","ping_status":"closed","template":"full_width.php","meta":[],"yoast_head":"<!-- This site is optimized with the Yoast SEO plugin v19.6.1 - https:\/\/yoast.com\/wordpress\/plugins\/seo\/ -->\n<title>Extraescolares de Skate - agroruralsurf<\/title>\n<meta name=\"description\" content=\"Extraescolares de skate para ni\u00f1os y ni\u00f1as de Girona, y el Empord\u00e0. Aprenderemos las nociones b\u00e1sicas y tecnificaremos para ser mejores.\" \/>\n<meta name=\"robots\" content=\"index, follow, max-snippet:-1, max-image-preview:large, max-video-preview:-1\" \/>\n<link rel=\"canonical\" href=\"https:\/\/www.agroruralsurf.com\/es\/extraescolares-de-skate\/\" \/>\n<meta property=\"og:locale\" content=\"es_ES\" \/>\n<meta property=\"og:type\" content=\"article\" \/>\n<meta property=\"og:title\" content=\"Extraescolares de Skate - agroruralsurf\" \/>\n<meta property=\"og:description\" content=\"Extraescolares de skate para ni\u00f1os y ni\u00f1as de Girona, y el Empord\u00e0. Aprenderemos las nociones b\u00e1sicas y tecnificaremos para ser mejores.\" \/>\n<meta property=\"og:url\" content=\"https:\/\/www.agroruralsurf.com\/es\/extraescolares-de-skate\/\" \/>\n<meta property=\"og:site_name\" content=\"agroruralsurf\" \/>\n<meta property=\"article:publisher\" content=\"https:\/\/www.facebook.com\/agroruralsurf\/\" \/>\n<meta property=\"article:modified_time\" content=\"2025-09-03T15:35:23+00:00\" \/>\n<meta property=\"og:image\" content=\"https:\/\/www.agroruralsurf.com\/wp-content\/uploads\/2021\/05\/WEB2-scaled.jpg\" \/>\n\t<meta property=\"og:image:width\" content=\"2560\" \/>\n\t<meta property=\"og:image:height\" content=\"1536\" \/>\n\t<meta property=\"og:image:type\" content=\"image\/jpeg\" \/>\n<meta name=\"twitter:card\" content=\"summary_large_image\" \/>\n<meta name=\"twitter:label1\" content=\"Tiempo de lectura\" \/>\n\t<meta name=\"twitter:data1\" content=\"3 minutos\" \/>\n<script type=\"application\/ld+json\" class=\"yoast-schema-graph\">{\"@context\":\"https:\/\/schema.org\",\"@graph\":[{\"@type\":\"WebPage\",\"@id\":\"https:\/\/www.agroruralsurf.com\/es\/extraescolares-de-skate\/\",\"url\":\"https:\/\/www.agroruralsurf.com\/es\/extraescolares-de-skate\/\",\"name\":\"Extraescolares de Skate - agroruralsurf\",\"isPartOf\":{\"@id\":\"https:\/\/www.agroruralsurf.com\/#website\"},\"datePublished\":\"2021-09-06T13:43:12+00:00\",\"dateModified\":\"2025-09-03T15:35:23+00:00\",\"description\":\"Extraescolares de skate para ni\u00f1os y ni\u00f1as de Girona, y el Empord\u00e0. Aprenderemos las nociones b\u00e1sicas y tecnificaremos para ser mejores.\",\"breadcrumb\":{\"@id\":\"https:\/\/www.agroruralsurf.com\/es\/extraescolares-de-skate\/#breadcrumb\"},\"inLanguage\":\"es\",\"potentialAction\":[{\"@type\":\"ReadAction\",\"target\":[\"https:\/\/www.agroruralsurf.com\/es\/extraescolares-de-skate\/\"]}]},{\"@type\":\"BreadcrumbList\",\"@id\":\"https:\/\/www.agroruralsurf.com\/es\/extraescolares-de-skate\/#breadcrumb\",\"itemListElement\":[{\"@type\":\"ListItem\",\"position\":1,\"name\":\"Inici\",\"item\":\"https:\/\/www.agroruralsurf.com\/\"},{\"@type\":\"ListItem\",\"position\":2,\"name\":\"Extraescolares de Skate\"}]},{\"@type\":\"WebSite\",\"@id\":\"https:\/\/www.agroruralsurf.com\/#website\",\"url\":\"https:\/\/www.agroruralsurf.com\/\",\"name\":\"agroruralsurf\",\"description\":\"agroruralsurf\",\"publisher\":{\"@id\":\"https:\/\/www.agroruralsurf.com\/#organization\"},\"potentialAction\":[{\"@type\":\"SearchAction\",\"target\":{\"@type\":\"EntryPoint\",\"urlTemplate\":\"https:\/\/www.agroruralsurf.com\/?s={search_term_string}\"},\"query-input\":\"required name=search_term_string\"}],\"inLanguage\":\"es\"},{\"@type\":\"Organization\",\"@id\":\"https:\/\/www.agroruralsurf.com\/#organization\",\"name\":\"Agro Rural Surf\",\"url\":\"https:\/\/www.agroruralsurf.com\/\",\"sameAs\":[\"https:\/\/www.instagram.com\/agroruralsurf\/\",\"https:\/\/www.youtube.com\/channel\/UCqe6P2fGcAVgk66aE8VP_kA\",\"https:\/\/www.facebook.com\/agroruralsurf\/\"],\"logo\":{\"@type\":\"ImageObject\",\"inLanguage\":\"es\",\"@id\":\"https:\/\/www.agroruralsurf.com\/#\/schema\/logo\/image\/\",\"url\":\"https:\/\/www.agroruralsurf.com\/wp-content\/uploads\/2019\/11\/cropped-Logo-rodo-negre@2x.png\",\"contentUrl\":\"https:\/\/www.agroruralsurf.com\/wp-content\/uploads\/2019\/11\/cropped-Logo-rodo-negre@2x.png\",\"width\":512,\"height\":512,\"caption\":\"Agro Rural Surf\"},\"image\":{\"@id\":\"https:\/\/www.agroruralsurf.com\/#\/schema\/logo\/image\/\"}}]}<\/script>\n<!-- \/ Yoast SEO plugin. -->","yoast_head_json":{"title":"Extraescolares de Skate - agroruralsurf","description":"Extraescolares de skate para ni\u00f1os y ni\u00f1as de Girona, y el Empord\u00e0. Aprenderemos las nociones b\u00e1sicas y tecnificaremos para ser mejores.","robots":{"index":"index","follow":"follow","max-snippet":"max-snippet:-1","max-image-preview":"max-image-preview:large","max-video-preview":"max-video-preview:-1"},"canonical":"https:\/\/www.agroruralsurf.com\/es\/extraescolares-de-skate\/","og_locale":"es_ES","og_type":"article","og_title":"Extraescolares de Skate - agroruralsurf","og_description":"Extraescolares de skate para ni\u00f1os y ni\u00f1as de Girona, y el Empord\u00e0. Aprenderemos las nociones b\u00e1sicas y tecnificaremos para ser mejores.","og_url":"https:\/\/www.agroruralsurf.com\/es\/extraescolares-de-skate\/","og_site_name":"agroruralsurf","article_publisher":"https:\/\/www.facebook.com\/agroruralsurf\/","article_modified_time":"2025-09-03T15:35:23+00:00","og_image":[{"width":2560,"height":1536,"url":"https:\/\/www.agroruralsurf.com\/wp-content\/uploads\/2021\/05\/WEB2-scaled.jpg","type":"image\/jpeg"}],"twitter_card":"summary_large_image","twitter_misc":{"Tiempo de lectura":"3 minutos"},"schema":{"@context":"https:\/\/schema.org","@graph":[{"@type":"WebPage","@id":"https:\/\/www.agroruralsurf.com\/es\/extraescolares-de-skate\/","url":"https:\/\/www.agroruralsurf.com\/es\/extraescolares-de-skate\/","name":"Extraescolares de Skate - agroruralsurf","isPartOf":{"@id":"https:\/\/www.agroruralsurf.com\/#website"},"datePublished":"2021-09-06T13:43:12+00:00","dateModified":"2025-09-03T15:35:23+00:00","description":"Extraescolares de skate para ni\u00f1os y ni\u00f1as de Girona, y el Empord\u00e0. Aprenderemos las nociones b\u00e1sicas y tecnificaremos para ser mejores.","breadcrumb":{"@id":"https:\/\/www.agroruralsurf.com\/es\/extraescolares-de-skate\/#breadcrumb"},"inLanguage":"es","potentialAction":[{"@type":"ReadAction","target":["https:\/\/www.agroruralsurf.com\/es\/extraescolares-de-skate\/"]}]},{"@type":"BreadcrumbList","@id":"https:\/\/www.agroruralsurf.com\/es\/extraescolares-de-skate\/#breadcrumb","itemListElement":[{"@type":"ListItem","position":1,"name":"Inici","item":"https:\/\/www.agroruralsurf.com\/"},{"@type":"ListItem","position":2,"name":"Extraescolares de Skate"}]},{"@type":"WebSite","@id":"https:\/\/www.agroruralsurf.com\/#website","url":"https:\/\/www.agroruralsurf.com\/","name":"agroruralsurf","description":"agroruralsurf","publisher":{"@id":"https:\/\/www.agroruralsurf.com\/#organization"},"potentialAction":[{"@type":"SearchAction","target":{"@type":"EntryPoint","urlTemplate":"https:\/\/www.agroruralsurf.com\/?s={search_term_string}"},"query-input":"required name=search_term_string"}],"inLanguage":"es"},{"@type":"Organization","@id":"https:\/\/www.agroruralsurf.com\/#organization","name":"Agro Rural Surf","url":"https:\/\/www.agroruralsurf.com\/","sameAs":["https:\/\/www.instagram.com\/agroruralsurf\/","https:\/\/www.youtube.com\/channel\/UCqe6P2fGcAVgk66aE8VP_kA","https:\/\/www.facebook.com\/agroruralsurf\/"],"logo":{"@type":"ImageObject","inLanguage":"es","@id":"https:\/\/www.agroruralsurf.com\/#\/schema\/logo\/image\/","url":"https:\/\/www.agroruralsurf.com\/wp-content\/uploads\/2019\/11\/cropped-Logo-rodo-negre@2x.png","contentUrl":"https:\/\/www.agroruralsurf.com\/wp-content\/uploads\/2019\/11\/cropped-Logo-rodo-negre@2x.png","width":512,"height":512,"caption":"Agro Rural Surf"},"image":{"@id":"https:\/\/www.agroruralsurf.com\/#\/schema\/logo\/image\/"}}]}},"_links":{"self":[{"href":"https:\/\/www.agroruralsurf.com\/es\/wp-json\/wp\/v2\/pages\/26023"}],"collection":[{"href":"https:\/\/www.agroruralsurf.com\/es\/wp-json\/wp\/v2\/pages"}],"about":[{"href":"https:\/\/www.agroruralsurf.com\/es\/wp-json\/wp\/v2\/types\/page"}],"author":[{"embeddable":true,"href":"https:\/\/www.agroruralsurf.com\/es\/wp-json\/wp\/v2\/users\/3"}],"replies":[{"embeddable":true,"href":"https:\/\/www.agroruralsurf.com\/es\/wp-json\/wp\/v2\/comments?post=26023"}],"version-history":[{"count":29,"href":"https:\/\/www.agroruralsurf.com\/es\/wp-json\/wp\/v2\/pages\/26023\/revisions"}],"predecessor-version":[{"id":31313,"href":"https:\/\/www.agroruralsurf.com\/es\/wp-json\/wp\/v2\/pages\/26023\/revisions\/31313"}],"wp:attachment":[{"href":"https:\/\/www.agroruralsurf.com\/es\/wp-json\/wp\/v2\/media?parent=26023"}],"curies":[{"name":"wp","href":"https:\/\/api.w.org\/{rel}","templated":true}]}}