{"id":26032,"date":"2020-01-16T10:38:29","date_gmt":"2020-01-16T10:38:29","guid":{"rendered":"https:\/\/www.agroruralsurf.com\/nuestra-escuela\/"},"modified":"2024-11-19T14:32:43","modified_gmt":"2024-11-19T14:32:43","slug":"escuela-de-surf-des-de-dentro","status":"publish","type":"page","link":"https:\/\/www.agroruralsurf.com\/es\/escuela-de-surf-des-de-dentro\/","title":{"rendered":"La escuela de surf des de dentro"},"content":{"rendered":"<p>[vc_row row_type=\u00bbrow\u00bb use_row_as_full_screen_section=\u00bbno\u00bb type=\u00bbfull_width\u00bb angled_section=\u00bbno\u00bb text_align=\u00bbleft\u00bb background_image_as_pattern=\u00bbwithout_pattern\u00bb z_index=\u00bb\u00bb][vc_column][rev_slider_vc alias=\u00bbbannerescola\u00bb][\/vc_column][\/vc_row][vc_row row_type=\u00bbrow\u00bb use_row_as_full_screen_section=\u00bbno\u00bb type=\u00bbfull_width\u00bb angled_section=\u00bbno\u00bb text_align=\u00bbcenter\u00bb background_image_as_pattern=\u00bbwithout_pattern\u00bb z_index=\u00bb\u00bb padding_top=\u00bb166&#8243; padding_bottom=\u00bb100&#8243; css=\u00bb.vc_custom_1588265159618{padding-top: 5% !important;padding-right: 7% !important;padding-bottom: 10% !important;padding-left: 7% !important;}\u00bb][vc_column css_animation=\u00bbfadeIn\u00bb width=\u00bb1\/2&#8243; css=\u00bb.vc_custom_1588265164675{padding-top: 10% !important;padding-left: 5% !important;}\u00bb][vc_single_image image=\u00bb18383&#8243; img_size=\u00bblarge\u00bb qode_css_animation=\u00bb\u00bb qode_hover_animation=\u00bbdarken\u00bb][vc_single_image image=\u00bb18382&#8243; img_size=\u00bblarge\u00bb qode_css_animation=\u00bb\u00bb qode_hover_animation=\u00bbdarken\u00bb css=\u00bb.vc_custom_1579890325088{padding-top: 7% !important;}\u00bb][\/vc_column][vc_column css_animation=\u00bbfadeIn\u00bb width=\u00bb1\/2&#8243; css=\u00bb.vc_custom_1588265149571{padding-top: 10% !important;padding-right: 5% !important;}\u00bb][vc_column_text css=\u00bb.vc_custom_1732026200292{padding-bottom: 35px !important;}\u00bb]<\/p>\n<h1 style=\"text-align: left;\">La escuela de surf desde dentro<\/h1>\n<p>[\/vc_column_text][vc_column_text css=\u00bb.vc_custom_1732026670954{padding-bottom: 35px !important;}\u00bb]<\/p>\n<h3 style=\"text-align: left;\">El surf m\u00e1s all\u00e1 de las olas. Una escuela de surf distinta. Una pasi\u00f3n que une a muchas personas.<\/h3>\n<p>[\/vc_column_text][vc_column_text css=\u00bb.vc_custom_1732026260771{padding-top: 20px !important;padding-bottom: 20px !important;}\u00bb]<\/p>\n<div class=\"wpb_text_column wpb_content_element vc_custom_1479383566376\">\n<div class=\"wpb_wrapper\" style=\"text-align: left;\">Aunque de aquello se alimente, el surf no es s\u00f3lo algo que sucede en las olas, ni siquiera en el mar. El surf es entender la naturaleza, saber esperarla, comprender su constante movimiento y por supuesto, aprender a disfrutarla. Un deporte que va m\u00e1s all\u00e1 del deporte, sobre todo cuando lo buscamos en un lugar donde aparentemente no hay olas, y donde con toda probabilidad de quitarnos veremos cualquier cosa menos agua de mar.<\/div>\n<\/div>\n<p>[\/vc_column_text][vc_column_text css=\u00bb.vc_custom_1732026254140{padding-top: 20px !important;padding-bottom: 30px !important;}\u00bb]<\/p>\n<div class=\"wpb_text_column wpb_content_element \">\n<div class=\"wpb_wrapper\">\n<p style=\"text-align: left;\">Nuestro principio se basa en la experimentaci\u00f3n con el mar, queremos que la gente aprenda del mar, lo conozca y as\u00ed pueda disfrutarlo desliz\u00e1ndose sobre \u00e9l.<\/p>\n<\/div>\n<\/div>\n<p>[\/vc_column_text][\/vc_column][\/vc_row][vc_row row_type=\u00bbrow\u00bb use_row_as_full_screen_section=\u00bbno\u00bb type=\u00bbfull_width\u00bb angled_section=\u00bbno\u00bb text_align=\u00bbleft\u00bb background_image_as_pattern=\u00bbwithout_pattern\u00bb css=\u00bb.vc_custom_1588265110917{padding-top: 10% !important;padding-right: 7% !important;padding-bottom: 10% !important;padding-left: 7% !important;}\u00bb z_index=\u00bb\u00bb][vc_column][vc_column_text css=\u00bb.vc_custom_1732026283402{padding-bottom: 35px !important;}\u00bb]<\/p>\n<h2 style=\"text-align: left;\">Un proyecto de surf con mucha gente<\/h2>\n<p>[\/vc_column_text][vc_column_text css=\u00bb.vc_custom_1732026307358{padding-top: 20px !important;}\u00bb]<\/p>\n<p style=\"text-align: left;\">Formamos un equipo compacto, todo el mundo opina y crea, la alegr\u00eda y la profesionalidad son el motor de un engranaje creado para ayudar a los dem\u00e1s. Apasionados del deporte y de nuestro trabajo aprendemos a disfrutar de la vida tal y como es, nos esforzamos cada d\u00eda por afrontar nuevos retos y por conseguir los objetivos que nos hemos ido marcando.<\/p>\n<p>[\/vc_column_text][\/vc_column][\/vc_row][vc_row row_type=\u00bbrow\u00bb use_row_as_full_screen_section=\u00bbno\u00bb type=\u00bbfull_width\u00bb angled_section=\u00bbno\u00bb text_align=\u00bbleft\u00bb background_image_as_pattern=\u00bbwithout_pattern\u00bb css=\u00bb.vc_custom_1579781991806{padding-right: 7% !important;padding-left: 7% !important;}\u00bb z_index=\u00bb\u00bb][vc_column width=\u00bb1\/3&#8243; css=\u00bb.vc_custom_1630486737501{padding-top: 25px !important;}\u00bb][vc_icon icon_fontawesome=\u00bbfas fa-user\u00bb color=\u00bbcustom\u00bb custom_color=\u00bb#f2dab2&#8243;][vc_column_text]<\/p>\n<h3 style=\"text-align: left;\">Tito Servitja<\/h3>\n<p>[\/vc_column_text][vc_column_text]<\/p>\n<p style=\"text-align: left;\">Fundador de la escuela.<\/p>\n<p style=\"text-align: left;\">Instructor de surf<\/p>\n<p>[\/vc_column_text][vc_single_image image=\u00bb29523&#8243; img_size=\u00bb400&#215;400&#8243; css=\u00bb.vc_custom_1682079015899{padding-top: 10px !important;padding-bottom: 3% !important;}\u00bb][\/vc_column][vc_column width=\u00bb1\/3&#8243; css=\u00bb.vc_custom_1630486706749{padding-top: 25px !important;}\u00bb][vc_icon icon_fontawesome=\u00bbfas fa-user\u00bb color=\u00bbcustom\u00bb custom_color=\u00bb#f2dab2&#8243;][vc_column_text]<\/p>\n<h3 style=\"text-align: left;\">Gerard Gim\u00e9nez<\/h3>\n<p>[\/vc_column_text][vc_column_text]<\/p>\n<p style=\"text-align: left;\">Responsable de las extraescolars.<\/p>\n<p style=\"text-align: left;\">Instructor de surf i skate<\/p>\n<p>[\/vc_column_text][vc_single_image image=\u00bb29491&#8243; img_size=\u00bb400&#215;400&#8243; css=\u00bb.vc_custom_1682078602611{padding-top: 3% !important;padding-bottom: 3% !important;}\u00bb][\/vc_column][vc_column width=\u00bb1\/3&#8243;][vc_icon icon_fontawesome=\u00bbfas fa-user\u00bb color=\u00bbcustom\u00bb custom_color=\u00bb#f2dab2&#8243;][vc_column_text]<\/p>\n<h3 style=\"text-align: left;\">Salvi Roura<\/h3>\n<p>[\/vc_column_text][vc_column_text]<\/p>\n<p style=\"text-align: left;\">Manager de la escuela<\/p>\n<p style=\"text-align: left;\">Instructor de surf i skate.<\/p>\n<p>[\/vc_column_text][vc_single_image image=\u00bb29519&#8243; img_size=\u00bb400&#215;400&#8243; css=\u00bb.vc_custom_1682079009425{padding-top: 3% !important;padding-bottom: 3% !important;}\u00bb][\/vc_column][\/vc_row][vc_row row_type=\u00bbrow\u00bb use_row_as_full_screen_section=\u00bbno\u00bb type=\u00bbfull_width\u00bb angled_section=\u00bbno\u00bb text_align=\u00bbleft\u00bb background_image_as_pattern=\u00bbwithout_pattern\u00bb css=\u00bb.vc_custom_1588187174839{padding-top: 10% !important;padding-right: 7% !important;padding-bottom: 7% !important;padding-left: 7% !important;}\u00bb z_index=\u00bb\u00bb][vc_column][vc_column_text css=\u00bb.vc_custom_1732026427204{padding-bottom: 35px !important;}\u00bb]<\/p>\n<h2 style=\"text-align: left;\">Las instalaciones<\/h2>\n<p>[\/vc_column_text][vc_column_text css=\u00bb.vc_custom_1732026445584{padding-top: 20px !important;padding-bottom: 30px !important;}\u00bb]<\/p>\n<p style=\"text-align: left;\">Las instalaciones est\u00e1n dise\u00f1adas para poder disfrutar de diferentes actividades en el mismo momento, duchas, skate area, gimnasio, aula, tienda\u2026 Adem\u00e1s disponemos de un entorno inmejorable para la pr\u00e1ctica del surf, paddle surf y skate, a s\u00f3lo 100m de la Playa del Estartit. Durante el verano disponemos de una casita en la misma Playa del Estartit.\u00a0All\u00ed tenemos todo el material necesario para realizar cualquiera de nuestras actividades.<\/p>\n<p>[\/vc_column_text][\/vc_column][\/vc_row][vc_row row_type=\u00bbrow\u00bb use_row_as_full_screen_section=\u00bbno\u00bb type=\u00bbfull_width\u00bb angled_section=\u00bbno\u00bb text_align=\u00bbleft\u00bb background_image_as_pattern=\u00bbwithout_pattern\u00bb][vc_column offset=\u00bbvc_hidden-xs\u00bb][vc_gallery type=\u00bbflexslider_slide\u00bb interval=\u00bb5&#8243; images=\u00bb29444,29078,29536,18742&#8243; img_size=\u00bbfull\u00bb][\/vc_column][\/vc_row][vc_row row_type=\u00bbrow\u00bb use_row_as_full_screen_section=\u00bbno\u00bb type=\u00bbfull_width\u00bb angled_section=\u00bbno\u00bb text_align=\u00bbcenter\u00bb background_image_as_pattern=\u00bbwithout_pattern\u00bb z_index=\u00bb\u00bb padding_top=\u00bb166&#8243; padding_bottom=\u00bb100&#8243; css=\u00bb.vc_custom_1579176415809{padding-top: 5% !important;padding-right: 7% !important;padding-bottom: 10% !important;padding-left: 7% !important;}\u00bb][vc_column css_animation=\u00bbfadeIn\u00bb width=\u00bb1\/2&#8243; css=\u00bb.vc_custom_1579104651362{padding-top: 5% !important;padding-right: 5% !important;}\u00bb][vc_column_text css=\u00bb.vc_custom_1732026460691{padding-bottom: 35px !important;}\u00bb]<\/p>\n<h2 style=\"text-align: left;\"><strong>Ubicaci\u00f3n de la Escuela<\/strong><\/h2>\n<p>[\/vc_column_text][vc_column_text css=\u00bb.vc_custom_1732026471699{padding-bottom: 35px !important;}\u00bb]<\/p>\n<h3 style=\"text-align: left;\">l&#8217;Estartit, calle Salinas 16, 17258<\/h3>\n<p>[\/vc_column_text][vc_column_text css=\u00bb.vc_custom_1732026486143{padding-top: 20px !important;padding-bottom: 30px !important;}\u00bb]<\/p>\n<p style=\"text-align: left;\">Los 365 d\u00edas del a\u00f1o estamos en Estartit, en concreto detr\u00e1s de La Pineda; entre el Puerto y Els Griells. Esta localizaci\u00f3n posee la atm\u00f3sfera ideal para la pr\u00e1ctica del deporte durante todo el a\u00f1o. Un entorno inigualable que ofrece una amplia variedad de opciones para todos aquellos que buscan practicar deportes acu\u00e1ticos y terrestres, al tiempo que desea interactuar con el mar y la naturaleza.<\/p>\n<p>[\/vc_column_text][\/vc_column][vc_column css_animation=\u00bbfadeIn\u00bb width=\u00bb1\/2&#8243; css=\u00bb.vc_custom_1579176394454{padding-top: 5% !important;padding-left: 5% !important;}\u00bb][vc_gmaps link=\u00bb#E-8_JTNDaWZyYW1lJTIwc3JjJTNEJTIyaHR0cHMlM0ElMkYlMkZ3d3cuZ29vZ2xlLmNvbSUyRm1hcHMlMkZlbWJlZCUzRnBiJTNEJTIxMW0xOCUyMTFtMTIlMjExbTMlMjExZDI5NjIuNzQ4OTk5Nzk2ODA4JTIxMmQzLjE5MzEzNzcxNTQ0NjQ1NzMlMjEzZDQyLjA0ODU2MjM3OTIwODk3JTIxMm0zJTIxMWYwJTIxMmYwJTIxM2YwJTIxM20yJTIxMWkxMDI0JTIxMmk3NjglMjE0ZjEzLjElMjEzbTMlMjExbTIlMjExczB4MTJiYTVhMTM4MDRiMWFmNSUyNTNBMHhiMmQ1NzU2YWFkZTYyMTliJTIxMnNFc2NvbGElMjUyMGRlJTI1MjBTdXJmJTI1MjBFbXBvcmQlMjVDMyUyNUEwJTIxNWUwJTIxM20yJTIxMXNlbiUyMTJzZXMlMjE0djE2MTUyODYwNzM4MTQlMjE1bTIlMjExc2VuJTIxMnNlcyUyMiUyMHdpZHRoJTNEJTIyNjAwJTIyJTIwaGVpZ2h0JTNEJTIyNDUwJTIyJTIwc3R5bGUlM0QlMjJib3JkZXIlM0EwJTNCJTIyJTIwYWxsb3dmdWxsc2NyZWVuJTNEJTIyJTIyJTIwbG9hZGluZyUzRCUyMmxhenklMjIlM0UlM0MlMkZpZnJhbWUlM0U=\u00bb size=\u00bb400&#8243; css_animation=\u00bbflipInX\u00bb][\/vc_column][\/vc_row][vc_row row_type=\u00bbrow\u00bb use_row_as_full_screen_section=\u00bbno\u00bb type=\u00bbfull_width\u00bb angled_section=\u00bbno\u00bb text_align=\u00bbcenter\u00bb background_image_as_pattern=\u00bbwithout_pattern\u00bb z_index=\u00bb\u00bb padding_top=\u00bb166&#8243; padding_bottom=\u00bb100&#8243; css=\u00bb.vc_custom_1579176415809{padding-top: 5% !important;padding-right: 7% !important;padding-bottom: 10% !important;padding-left: 7% !important;}\u00bb][vc_column css_animation=\u00bbfadeIn\u00bb width=\u00bb1\/2&#8243; css=\u00bb.vc_custom_1579104651362{padding-top: 5% !important;padding-right: 5% !important;}\u00bb][vc_column_text css=\u00bb.vc_custom_1682079335731{padding-bottom: 35px !important;}\u00bb]<\/p>\n<h2 style=\"text-align: left;\"><strong>Beach House<\/strong><\/h2>\n<p>[\/vc_column_text][vc_column_text css=\u00bb.vc_custom_1732026612413{padding-bottom: 35px !important;}\u00bb]<\/p>\n<h3 style=\"text-align: left;\"><strong>Playa del Estartit<\/strong><\/h3>\n<p>[\/vc_column_text][vc_column_text css=\u00bb.vc_custom_1732026627043{padding-top: 20px !important;padding-bottom: 30px !important;}\u00bb]<\/p>\n<p class=\"wpb_text_column wpb_content_element vc_custom_1479383566376\" style=\"text-align: left;\">Durante los meses de verano del 15 de Junio \u200b\u200bal 15 de Septiembre tambi\u00e9n nos encontrar\u00e1 en la Playa de l&#8217;Estartit. Situada dentro del Parque Natural, esta playa es una de las m\u00e1s extensas y v\u00edrgenes del Empord\u00e0 y, adem\u00e1s, se permite que lleves tu animal de compa\u00f1\u00eda. All\u00ed es d\u00f3nde tenemos nuestra Beach House con una zona de surf reservada por nosotros, donde se puede practicar este deporte con total garant\u00eda.<\/p>\n<p>[\/vc_column_text][vc_column_text css=\u00bb.vc_custom_1621852336932{padding-top: 20px !important;padding-bottom: 30px !important;}\u00bb]<\/p>\n<p class=\"wpb_text_column wpb_content_element vc_custom_1479383566376\">L&#8217;escola la trobareu oberta cada dia de<strong> 8h a 21h<\/strong>.<\/p>\n<p>[\/vc_column_text][\/vc_column][vc_column css_animation=\u00bbfadeIn\u00bb width=\u00bb1\/2&#8243; css=\u00bb.vc_custom_1579176394454{padding-top: 5% !important;padding-left: 5% !important;}\u00bb][vc_gmaps link=\u00bb#E-8_JTNDaWZyYW1lJTIwc3JjJTNEJTIyaHR0cHMlM0ElMkYlMkZ3d3cuZ29vZ2xlLmNvbSUyRm1hcHMlMkZlbWJlZCUzRnBiJTNEJTIxMW0xOCUyMTFtMTIlMjExbTMlMjExZDE4OTYxNS45MzU5MjQ5MzY1NSUyMTJkMy4wNTUyNTA3MTY0MDYyNjMlMjEzZDQyLjA0ODU2MjQwMDAwMDAxJTIxMm0zJTIxMWYwJTIxMmYwJTIxM2YwJTIxM20yJTIxMWkxMDI0JTIxMmk3NjglMjE0ZjEzLjElMjEzbTMlMjExbTIlMjExczB4MTJiYTUxNThlMDI5NDViMyUyNTNBMHg0MDdjYTIwNGUyZWQ2NGVlJTIxMnNBZ3JvcnVyYWxzdXJmJTI1MjBCZWFjaCUyNTIwSG91c2UlMjE1ZTAlMjEzbTIlMjExc2VuJTIxMnNlcyUyMTR2MTYyMTg1MjU3NDc2NiUyMTVtMiUyMTFzZW4lMjEyc2VzJTIyJTIwd2lkdGglM0QlMjI2MDAlMjIlMjBoZWlnaHQlM0QlMjI0NTAlMjIlMjBzdHlsZSUzRCUyMmJvcmRlciUzQTAlM0IlMjIlMjBhbGxvd2Z1bGxzY3JlZW4lM0QlMjIlMjIlMjBsb2FkaW5nJTNEJTIybGF6eSUyMiUzRSUzQyUyRmlmcmFtZSUzRQ==\u00bb size=\u00bb400&#8243; css_animation=\u00bbflipInX\u00bb][\/vc_column][\/vc_row]<\/p>\n","protected":false},"excerpt":{"rendered":"<p>[vc_row row_type=\u00bbrow\u00bb use_row_as_full_screen_section=\u00bbno\u00bb type=\u00bbfull_width\u00bb angled_section=\u00bbno\u00bb text_align=\u00bbleft\u00bb background_image_as_pattern=\u00bbwithout_pattern\u00bb z_index=\u00bb\u00bb][vc_column][rev_slider_vc alias=\u00bbbannerescola\u00bb][\/vc_column][\/vc_row][vc_row row_type=\u00bbrow\u00bb use_row_as_full_screen_section=\u00bbno\u00bb type=\u00bbfull_width\u00bb angled_section=\u00bbno\u00bb text_align=\u00bbcenter\u00bb background_image_as_pattern=\u00bbwithout_pattern\u00bb z_index=\u00bb\u00bb padding_top=\u00bb166&#8243; padding_bottom=\u00bb100&#8243; css=\u00bb.vc_custom_1588265159618{padding-top: 5% !important;padding-right: 7% !important;padding-bottom: 10% !important;padding-left: 7% !important;}\u00bb][vc_column css_animation=\u00bbfadeIn\u00bb width=\u00bb1\/2&#8243; css=\u00bb.vc_custom_1588265164675{padding-top:&#8230;<\/p>\n","protected":false},"author":3,"featured_media":0,"parent":0,"menu_order":0,"comment_status":"closed","ping_status":"closed","template":"full_width.php","meta":[],"yoast_head":"<!-- This site is optimized with the Yoast SEO plugin v19.6.1 - https:\/\/yoast.com\/wordpress\/plugins\/seo\/ -->\n<title>La escuela de surf des de dentro - agroruralsurf<\/title>\n<meta name=\"description\" content=\"El surf m\u00e1s all\u00e1 de las olas. Una escuela de surf distinta. Una pasi\u00f3n que une a muchas persona con un mismo deseo.\" \/>\n<meta name=\"robots\" content=\"index, follow, max-snippet:-1, max-image-preview:large, max-video-preview:-1\" \/>\n<link rel=\"canonical\" href=\"https:\/\/www.agroruralsurf.com\/es\/escuela-de-surf-des-de-dentro\/\" \/>\n<meta property=\"og:locale\" content=\"es_ES\" \/>\n<meta property=\"og:type\" content=\"article\" \/>\n<meta property=\"og:title\" content=\"La escuela de surf des de dentro - agroruralsurf\" \/>\n<meta property=\"og:description\" content=\"El surf m\u00e1s all\u00e1 de las olas. Una escuela de surf distinta. Una pasi\u00f3n que une a muchas persona con un mismo deseo.\" \/>\n<meta property=\"og:url\" content=\"https:\/\/www.agroruralsurf.com\/es\/escuela-de-surf-des-de-dentro\/\" \/>\n<meta property=\"og:site_name\" content=\"agroruralsurf\" \/>\n<meta property=\"article:publisher\" content=\"https:\/\/www.facebook.com\/agroruralsurf\/\" \/>\n<meta property=\"article:modified_time\" content=\"2024-11-19T14:32:43+00:00\" \/>\n<meta property=\"og:image\" content=\"https:\/\/www.agroruralsurf.com\/wp-content\/uploads\/2021\/05\/WEB2-scaled.jpg\" \/>\n\t<meta property=\"og:image:width\" content=\"2560\" \/>\n\t<meta property=\"og:image:height\" content=\"1536\" \/>\n\t<meta property=\"og:image:type\" content=\"image\/jpeg\" \/>\n<meta name=\"twitter:card\" content=\"summary_large_image\" \/>\n<meta name=\"twitter:label1\" content=\"Tiempo de lectura\" \/>\n\t<meta name=\"twitter:data1\" content=\"7 minutos\" \/>\n<script type=\"application\/ld+json\" class=\"yoast-schema-graph\">{\"@context\":\"https:\/\/schema.org\",\"@graph\":[{\"@type\":\"WebPage\",\"@id\":\"https:\/\/www.agroruralsurf.com\/es\/escuela-de-surf-des-de-dentro\/\",\"url\":\"https:\/\/www.agroruralsurf.com\/es\/escuela-de-surf-des-de-dentro\/\",\"name\":\"La escuela de surf des de dentro - agroruralsurf\",\"isPartOf\":{\"@id\":\"https:\/\/www.agroruralsurf.com\/#website\"},\"datePublished\":\"2020-01-16T10:38:29+00:00\",\"dateModified\":\"2024-11-19T14:32:43+00:00\",\"description\":\"El surf m\u00e1s all\u00e1 de las olas. Una escuela de surf distinta. Una pasi\u00f3n que une a muchas persona con un mismo deseo.\",\"breadcrumb\":{\"@id\":\"https:\/\/www.agroruralsurf.com\/es\/escuela-de-surf-des-de-dentro\/#breadcrumb\"},\"inLanguage\":\"es\",\"potentialAction\":[{\"@type\":\"ReadAction\",\"target\":[\"https:\/\/www.agroruralsurf.com\/es\/escuela-de-surf-des-de-dentro\/\"]}]},{\"@type\":\"BreadcrumbList\",\"@id\":\"https:\/\/www.agroruralsurf.com\/es\/escuela-de-surf-des-de-dentro\/#breadcrumb\",\"itemListElement\":[{\"@type\":\"ListItem\",\"position\":1,\"name\":\"Inici\",\"item\":\"https:\/\/www.agroruralsurf.com\/\"},{\"@type\":\"ListItem\",\"position\":2,\"name\":\"La escuela de surf des de dentro\"}]},{\"@type\":\"WebSite\",\"@id\":\"https:\/\/www.agroruralsurf.com\/#website\",\"url\":\"https:\/\/www.agroruralsurf.com\/\",\"name\":\"agroruralsurf\",\"description\":\"agroruralsurf\",\"publisher\":{\"@id\":\"https:\/\/www.agroruralsurf.com\/#organization\"},\"potentialAction\":[{\"@type\":\"SearchAction\",\"target\":{\"@type\":\"EntryPoint\",\"urlTemplate\":\"https:\/\/www.agroruralsurf.com\/?s={search_term_string}\"},\"query-input\":\"required name=search_term_string\"}],\"inLanguage\":\"es\"},{\"@type\":\"Organization\",\"@id\":\"https:\/\/www.agroruralsurf.com\/#organization\",\"name\":\"Agro Rural Surf\",\"url\":\"https:\/\/www.agroruralsurf.com\/\",\"sameAs\":[\"https:\/\/www.instagram.com\/agroruralsurf\/\",\"https:\/\/www.youtube.com\/channel\/UCqe6P2fGcAVgk66aE8VP_kA\",\"https:\/\/www.facebook.com\/agroruralsurf\/\"],\"logo\":{\"@type\":\"ImageObject\",\"inLanguage\":\"es\",\"@id\":\"https:\/\/www.agroruralsurf.com\/#\/schema\/logo\/image\/\",\"url\":\"https:\/\/www.agroruralsurf.com\/wp-content\/uploads\/2019\/11\/cropped-Logo-rodo-negre@2x.png\",\"contentUrl\":\"https:\/\/www.agroruralsurf.com\/wp-content\/uploads\/2019\/11\/cropped-Logo-rodo-negre@2x.png\",\"width\":512,\"height\":512,\"caption\":\"Agro Rural Surf\"},\"image\":{\"@id\":\"https:\/\/www.agroruralsurf.com\/#\/schema\/logo\/image\/\"}}]}<\/script>\n<!-- \/ Yoast SEO plugin. -->","yoast_head_json":{"title":"La escuela de surf des de dentro - agroruralsurf","description":"El surf m\u00e1s all\u00e1 de las olas. Una escuela de surf distinta. Una pasi\u00f3n que une a muchas persona con un mismo deseo.","robots":{"index":"index","follow":"follow","max-snippet":"max-snippet:-1","max-image-preview":"max-image-preview:large","max-video-preview":"max-video-preview:-1"},"canonical":"https:\/\/www.agroruralsurf.com\/es\/escuela-de-surf-des-de-dentro\/","og_locale":"es_ES","og_type":"article","og_title":"La escuela de surf des de dentro - agroruralsurf","og_description":"El surf m\u00e1s all\u00e1 de las olas. Una escuela de surf distinta. Una pasi\u00f3n que une a muchas persona con un mismo deseo.","og_url":"https:\/\/www.agroruralsurf.com\/es\/escuela-de-surf-des-de-dentro\/","og_site_name":"agroruralsurf","article_publisher":"https:\/\/www.facebook.com\/agroruralsurf\/","article_modified_time":"2024-11-19T14:32:43+00:00","og_image":[{"width":2560,"height":1536,"url":"https:\/\/www.agroruralsurf.com\/wp-content\/uploads\/2021\/05\/WEB2-scaled.jpg","type":"image\/jpeg"}],"twitter_card":"summary_large_image","twitter_misc":{"Tiempo de lectura":"7 minutos"},"schema":{"@context":"https:\/\/schema.org","@graph":[{"@type":"WebPage","@id":"https:\/\/www.agroruralsurf.com\/es\/escuela-de-surf-des-de-dentro\/","url":"https:\/\/www.agroruralsurf.com\/es\/escuela-de-surf-des-de-dentro\/","name":"La escuela de surf des de dentro - agroruralsurf","isPartOf":{"@id":"https:\/\/www.agroruralsurf.com\/#website"},"datePublished":"2020-01-16T10:38:29+00:00","dateModified":"2024-11-19T14:32:43+00:00","description":"El surf m\u00e1s all\u00e1 de las olas. Una escuela de surf distinta. Una pasi\u00f3n que une a muchas persona con un mismo deseo.","breadcrumb":{"@id":"https:\/\/www.agroruralsurf.com\/es\/escuela-de-surf-des-de-dentro\/#breadcrumb"},"inLanguage":"es","potentialAction":[{"@type":"ReadAction","target":["https:\/\/www.agroruralsurf.com\/es\/escuela-de-surf-des-de-dentro\/"]}]},{"@type":"BreadcrumbList","@id":"https:\/\/www.agroruralsurf.com\/es\/escuela-de-surf-des-de-dentro\/#breadcrumb","itemListElement":[{"@type":"ListItem","position":1,"name":"Inici","item":"https:\/\/www.agroruralsurf.com\/"},{"@type":"ListItem","position":2,"name":"La escuela de surf des de dentro"}]},{"@type":"WebSite","@id":"https:\/\/www.agroruralsurf.com\/#website","url":"https:\/\/www.agroruralsurf.com\/","name":"agroruralsurf","description":"agroruralsurf","publisher":{"@id":"https:\/\/www.agroruralsurf.com\/#organization"},"potentialAction":[{"@type":"SearchAction","target":{"@type":"EntryPoint","urlTemplate":"https:\/\/www.agroruralsurf.com\/?s={search_term_string}"},"query-input":"required name=search_term_string"}],"inLanguage":"es"},{"@type":"Organization","@id":"https:\/\/www.agroruralsurf.com\/#organization","name":"Agro Rural Surf","url":"https:\/\/www.agroruralsurf.com\/","sameAs":["https:\/\/www.instagram.com\/agroruralsurf\/","https:\/\/www.youtube.com\/channel\/UCqe6P2fGcAVgk66aE8VP_kA","https:\/\/www.facebook.com\/agroruralsurf\/"],"logo":{"@type":"ImageObject","inLanguage":"es","@id":"https:\/\/www.agroruralsurf.com\/#\/schema\/logo\/image\/","url":"https:\/\/www.agroruralsurf.com\/wp-content\/uploads\/2019\/11\/cropped-Logo-rodo-negre@2x.png","contentUrl":"https:\/\/www.agroruralsurf.com\/wp-content\/uploads\/2019\/11\/cropped-Logo-rodo-negre@2x.png","width":512,"height":512,"caption":"Agro Rural Surf"},"image":{"@id":"https:\/\/www.agroruralsurf.com\/#\/schema\/logo\/image\/"}}]}},"_links":{"self":[{"href":"https:\/\/www.agroruralsurf.com\/es\/wp-json\/wp\/v2\/pages\/26032"}],"collection":[{"href":"https:\/\/www.agroruralsurf.com\/es\/wp-json\/wp\/v2\/pages"}],"about":[{"href":"https:\/\/www.agroruralsurf.com\/es\/wp-json\/wp\/v2\/types\/page"}],"author":[{"embeddable":true,"href":"https:\/\/www.agroruralsurf.com\/es\/wp-json\/wp\/v2\/users\/3"}],"replies":[{"embeddable":true,"href":"https:\/\/www.agroruralsurf.com\/es\/wp-json\/wp\/v2\/comments?post=26032"}],"version-history":[{"count":53,"href":"https:\/\/www.agroruralsurf.com\/es\/wp-json\/wp\/v2\/pages\/26032\/revisions"}],"predecessor-version":[{"id":30617,"href":"https:\/\/www.agroruralsurf.com\/es\/wp-json\/wp\/v2\/pages\/26032\/revisions\/30617"}],"wp:attachment":[{"href":"https:\/\/www.agroruralsurf.com\/es\/wp-json\/wp\/v2\/media?parent=26032"}],"curies":[{"name":"wp","href":"https:\/\/api.w.org\/{rel}","templated":true}]}}