{"id":26041,"date":"2020-03-19T10:21:23","date_gmt":"2020-03-19T10:21:23","guid":{"rendered":"https:\/\/www.agroruralsurf.com\/paddle-surf-en-la-costa-brava-excursiones-islas-medas\/"},"modified":"2025-10-29T13:27:41","modified_gmt":"2025-10-29T13:27:41","slug":"paddle-surf-costa-brava","status":"publish","type":"page","link":"https:\/\/www.agroruralsurf.com\/es\/paddle-surf-costa-brava\/","title":{"rendered":"Paddle surf a la Costa brava y las islas Medas"},"content":{"rendered":"<p>[vc_row row_type=\u00bbrow\u00bb use_row_as_full_screen_section=\u00bbno\u00bb type=\u00bbfull_width\u00bb angled_section=\u00bbno\u00bb text_align=\u00bbleft\u00bb background_image_as_pattern=\u00bbwithout_pattern\u00bb z_index=\u00bb\u00bb css=\u00bb.vc_custom_1686907715290{padding-right: 7% !important;padding-left: 7% !important;}\u00bb][vc_column][vc_single_image image=\u00bb18572&#8243; img_size=\u00bbfull\u00bb qode_css_animation=\u00bb\u00bb qode_hover_animation=\u00bbdarken\u00bb][\/vc_column][\/vc_row][vc_row row_type=\u00bbrow\u00bb use_row_as_full_screen_section=\u00bbno\u00bb type=\u00bbfull_width\u00bb angled_section=\u00bbno\u00bb text_align=\u00bbcenter\u00bb background_image_as_pattern=\u00bbwithout_pattern\u00bb z_index=\u00bb\u00bb padding_top=\u00bb166&#8243; padding_bottom=\u00bb100&#8243; css=\u00bb.vc_custom_1682327079987{padding-top: 10% !important;padding-bottom: 10% !important;}\u00bb][vc_column css_animation=\u00bbfadeIn\u00bb css=\u00bb.vc_custom_1578948132899{padding-left: 20px !important;}\u00bb][vc_column_text css=\u00bb.vc_custom_1688722123424{padding-bottom: 35px !important;}\u00bb]<\/p>\n<h1 style=\"text-align: left;\">Paddle surf en la Costa Brava<\/h1>\n<p>[\/vc_column_text][vc_column_text css=\u00bb.vc_custom_1688722133556{padding-top: 20px !important;padding-bottom: 20px !important;}\u00bb]<\/p>\n<p style=\"text-align: left;\">El Paddle Surf en la Costa Brava es ya una realidad. El Stand Up Paddle surf es una modalidad de surf que permite realizar actividad f\u00edsica de forma divertida y destinada a todos los p\u00fablicos. Debido a su forma la tabla de paddle surf nos permite hacer SUP-YOGA, practicar yoga sobre la mesa mar adentro, ir de excursi\u00f3n hasta las Islas Medas, o tomar olas peque\u00f1as que rompe en la arena. Paddle Surf se acerca al mar y nos ayuda a entenderlo desde una perspectiva diferente. Todo el mundo puede practicarlo, los m\u00e1s peque\u00f1os jugar\u00e1n y saltar\u00e1n y los mayores pasear\u00e1n o ir\u00e1n a entrenar.<\/p>\n<p>[\/vc_column_text][\/vc_column][\/vc_row][vc_row css_animation=\u00bbelement_from_fade\u00bb row_type=\u00bbrow\u00bb use_row_as_full_screen_section=\u00bbno\u00bb type=\u00bbfull_width\u00bb angled_section=\u00bbno\u00bb text_align=\u00bbleft\u00bb background_image_as_pattern=\u00bbwithout_pattern\u00bb z_index=\u00bb\u00bb css=\u00bb.vc_custom_1625566732698{padding-right: 7% !important;padding-left: 7% !important;}\u00bb][vc_column css_animation=\u00bbfadeIn\u00bb][rev_slider_vc alias=\u00bbsup-banner-2&#8243;][\/vc_column][\/vc_row][vc_row row_type=\u00bbrow\u00bb use_row_as_full_screen_section=\u00bbno\u00bb type=\u00bbfull_width\u00bb angled_section=\u00bbno\u00bb text_align=\u00bbcenter\u00bb background_image_as_pattern=\u00bbwithout_pattern\u00bb z_index=\u00bb\u00bb css=\u00bb.vc_custom_1682327055697{padding-top: 5% !important;}\u00bb][vc_column css_animation=\u00bbfadeIn\u00bb width=\u00bb1\/3&#8243; css=\u00bb.vc_custom_1654865640868{padding-bottom: 10% !important;}\u00bb][vc_icon icon_fontawesome=\u00bbfas fa-user-alt\u00bb color=\u00bbcustom\u00bb size=\u00bblg\u00bb css_animation=\u00bbnone\u00bb custom_color=\u00bb#f2dab2&#8243;][vc_column_text css=\u00bb.vc_custom_1688722199813{padding-bottom: 35px !important;}\u00bb]<\/p>\n<h2 style=\"text-align: left;\">Alquileres<\/h2>\n<p>[\/vc_column_text][vc_single_image image=\u00bb25933&#8243; img_size=\u00bb400&#215;200&#8243;][vc_column_text css=\u00bb.vc_custom_1688722289840{padding-top: 25px !important;padding-bottom: 25px !important;}\u00bb]<\/p>\n<h3 style=\"text-align: left;\">Alquiler Guiado<\/h3>\n<p>[\/vc_column_text][vc_column_text]<\/p>\n<p style=\"text-align: left;\">En primer lugar, si quieres iniciarte en el Paddle Surf, ofrecemos el alquiler guiado, consiste en 15\u2032 de curso y 45\u2032 de alquiler. Tambi\u00e9n podr\u00e1s aprender a la vez que disfrutas del mar en formato alquiler. \u00a1Ideal para hacer una cata de este deporte!<\/p>\n<p>[\/vc_column_text][vc_column_text css=\u00bb.vc_custom_1688722448966{padding-top: 25px !important;padding-bottom: 25px !important;}\u00bb]<\/p>\n<h3 style=\"text-align: left;\">Alquiler B\u00e1sico<\/h3>\n<p>[\/vc_column_text][vc_column_text css=\u00bb.vc_custom_1688723641096{padding-bottom: 40px !important;}\u00bb]<\/p>\n<p style=\"text-align: left;\">Una vez aprendido a desplazarte con el Paddle Surf, puedes hacer un alquiler de 1 o 2h.<\/p>\n<p>&nbsp;<\/p>\n<p>[\/vc_column_text][na_price_listing style=\u00bbmega-price-table-5&#8243; price_title=\u00bbGuiado\u00bb price_currency=\u00bb\u20ac\u00bb price_amount=\u00bb25&#8243; price_plan=\u00bbpor persona\u00bb btn_text=\u00bbReserva\u00bb btn_url=\u00bbhttps:\/\/forms.gle\/aKWVY5CUh8F2VdMf9&#8243; top_bg=\u00bb#003e52&#8243; price_bg=\u00bb#f2dab2&#8243;]<\/p>\n<ul>\n<li>\n<h5>1 persona 25\u20ac<\/h5>\n<\/li>\n<li>\n<h5>2 personas 20\u20ac<\/h5>\n<\/li>\n<li>\n<h5>3 personas 15\u20ac<\/h5>\n<\/li>\n<\/ul>\n<p>[\/na_price_listing][vc_column_text css=\u00bb.vc_custom_1688641771479{padding-top: 25px !important;padding-bottom: 25px !important;}\u00bb]<\/p>\n<p style=\"text-align: center;\">&#8211;<\/p>\n<p>[\/vc_column_text][na_price_listing style=\u00bbmega-price-table-5&#8243; price_title=\u00bbB\u00e1sico\u00bb price_currency=\u00bb\u20ac\u00bb price_amount=\u00bb15&#8243; price_plan=\u00bbhora por persona\u00bb btn_text=\u00bbReserva\u00bb btn_url=\u00bbhttps:\/\/forms.gle\/aKWVY5CUh8F2VdMf9&#8243; top_bg=\u00bb#003e52&#8243; price_bg=\u00bb#f2dab2&#8243;]<\/p>\n<ul>\n<li>\n<h5>1 hora 15\u20ac<\/h5>\n<\/li>\n<li>\n<h5>2 horas 25\u20ac<\/h5>\n<\/li>\n<li>\n<h5>3 horas 35\u20ac<\/h5>\n<\/li>\n<\/ul>\n<p>[\/na_price_listing][\/vc_column][vc_column css_animation=\u00bbfadeIn\u00bb width=\u00bb1\/3&#8243;][vc_icon icon_fontawesome=\u00bbfas fa-user-circle\u00bb color=\u00bbcustom\u00bb size=\u00bblg\u00bb css_animation=\u00bbnone\u00bb custom_color=\u00bb#f2dab2&#8243;][vc_column_text css=\u00bb.vc_custom_1688722204368{padding-bottom: 35px !important;}\u00bb]<\/p>\n<h2 style=\"text-align: left;\"><strong>Cursos<\/strong><\/h2>\n<p>[\/vc_column_text][vc_single_image image=\u00bb18752&#8243; img_size=\u00bb400&#215;200&#8243;][vc_column_text css=\u00bb.vc_custom_1688722365184{padding-top: 25px !important;padding-bottom: 25px !important;}\u00bb]<\/p>\n<h3 style=\"text-align: left;\">Clase Privada<\/h3>\n<p>[\/vc_column_text][vc_column_text css=\u00bb.vc_custom_1688723556211{padding-bottom: 40px !important;}\u00bb]<\/p>\n<p style=\"text-align: left;\">Ofrecemos clases privadas de 2h que nos permitir\u00e1 realizar una excursi\u00f3n a las islas Medes, en caso de que las condiciones y el nivel t\u00e9cnico lo permitan.<\/p>\n<p>[\/vc_column_text][vc_column_text css=\u00bb.vc_custom_1751456934167{padding-top: 25px !important;padding-bottom: 25px !important;}\u00bb]<\/p>\n<h3 style=\"text-align: left;\">Excursi\u00f3n Islas Medas<\/h3>\n<p>[\/vc_column_text][vc_column_text]<\/p>\n<p style=\"text-align: left;\">Ofrecemos una excursi\u00f3n en Paddle suf a las Islas Medas, la reserva marina integral del Parque natural. Si la t\u00e9cnica y las condiciones lo permiten realizaremos la excursi\u00f3n hasta las islas donde podremos disfrutar de visualizar la fauna marina en estado puro con las gafas de snorkel.<\/p>\n<p>[\/vc_column_text][na_price_listing style=\u00bbmega-price-table-5&#8243; price_title=\u00bbR\u00e1pidos\u00bb price_currency=\u00bb\u20ac\u00bb price_amount=\u00bb40&#8243; price_plan=\u00bbpor persona\u00bb btn_text=\u00bbReserva\u00bb btn_url=\u00bbhttps:\/\/forms.gle\/aKWVY5CUh8F2VdMf9&#8243; top_bg=\u00bb#003e52&#8243; price_bg=\u00bb#f2dab2&#8243;]<\/p>\n<ul>\n<li>\n<h5>1 persona 40\u20ac<\/h5>\n<\/li>\n<li>\n<h5>2 personas 35\u20ac<\/h5>\n<\/li>\n<li>\n<h5>3 personas 30\u20ac<\/h5>\n<\/li>\n<\/ul>\n<p>[\/na_price_listing][vc_column_text css=\u00bb.vc_custom_1688641771479{padding-top: 25px !important;padding-bottom: 25px !important;}\u00bb]<\/p>\n<p style=\"text-align: center;\">&#8211;<\/p>\n<p>[\/vc_column_text][na_price_listing style=\u00bbmega-price-table-5&#8243; price_title=\u00bbISLAS MEDAS\u00bb price_currency=\u00bb\u20ac\u00bb price_amount=\u00bb80&#8243; price_plan=\u00bbpor persona\u00bb btn_text=\u00bbReserva\u00bb btn_url=\u00bbhttps:\/\/api.whatsapp.com\/send?phone=34660895260&amp;text=Bones!!Ens%20agradaria%20poder%20rebre%20informaci%C3%B3%20de%20quan%20hi%20haur%C3%A0%20cursos%20de%20surf.Gr%C3%A0cies\u00bb top_bg=\u00bb#003e52&#8243; price_bg=\u00bb#f2dab2&#8243;]<\/p>\n<ul>\n<li>\n<h5>1 persona 80\u20ac<\/h5>\n<\/li>\n<li>\n<h5>2 personas 45\u20ac<\/h5>\n<\/li>\n<li>\n<h5>3 personas 40\u20ac<\/h5>\n<\/li>\n<\/ul>\n<p>[\/na_price_listing][\/vc_column][vc_column width=\u00bb1\/3&#8243; css=\u00bb.vc_custom_1682327215543{padding-bottom: 7% !important;}\u00bb][vc_icon icon_fontawesome=\u00bbfas fa-users\u00bb color=\u00bbcustom\u00bb size=\u00bblg\u00bb css_animation=\u00bbnone\u00bb custom_color=\u00bb#f2dab2&#8243;][vc_column_text css=\u00bb.vc_custom_1688722308683{padding-bottom: 35px !important;}\u00bb]<\/p>\n<h2 style=\"text-align: left;\"><strong>Grupos<\/strong><\/h2>\n<p>[\/vc_column_text][vc_single_image image=\u00bb18751&#8243; img_size=\u00bb400&#215;200&#8243;][vc_column_text css=\u00bb.vc_custom_1688641138342{padding-top: 25px !important;padding-bottom: 25px !important;}\u00bb]<\/p>\n<h3 style=\"text-align: left;\">Sup and Family<\/h3>\n<p>[\/vc_column_text][vc_column_text]<\/p>\n<p style=\"text-align: left;\">Ofrecemos actividades en paddle surf adaptadas a toda la familia. Ideal para pasar un buen rato con todo el n\u00facleo familiar grandes y peque\u00f1os. SUP en familia.<\/p>\n<p>[\/vc_column_text][vc_column_text css=\u00bb.vc_custom_1688641129933{padding-top: 25px !important;padding-bottom: 25px !important;}\u00bb]<\/p>\n<h3 style=\"text-align: left;\">Sup and Friends<\/h3>\n<p>[\/vc_column_text][vc_column_text css=\u00bb.vc_custom_1688722439622{padding-bottom: 40px !important;}\u00bb]<\/p>\n<p style=\"text-align: left;\">Tambi\u00e9n realizamos fiestas de cumplea\u00f1os,\u00a0pedidos de soltero\/a,\u00a0encuentros de empresa,\u00a0Team Buildings, actividades para escuelas\u2026 Esta actividad tiene una duraci\u00f3n de 2 horas y nos adaptaremos a las condiciones del mar, ofreciendo diferentes propuestas.. SUP and FRIENDS<\/p>\n<p>[\/vc_column_text][na_price_listing style=\u00bbmega-price-table-5&#8243; price_title=\u00bbFamily\u00bb price_currency=\u00bb\u20ac\u00bb price_amount=\u00bb40&#8243; price_plan=\u00bbpor persona\u00bb btn_text=\u00bbReserva\u00bb btn_url=\u00bbhttps:\/\/api.whatsapp.com\/send?phone=34660895260&amp;text=Bones!!Ens%20agradaria%20poder%20rebre%20informaci%C3%B3%20de%20quan%20hi%20haur%C3%A0%20cursos%20de%20surf.Gr%C3%A0cies\u00bb top_bg=\u00bb#003e52&#8243; price_bg=\u00bb#f2dab2&#8243;]<\/p>\n<ul>\n<li>\n<h5>3 personas 40\u20ac<\/h5>\n<\/li>\n<li>\n<h5>4 personas 35\u20ac<\/h5>\n<\/li>\n<li>\n<h5>5 a 7 personas 30\u20ac<\/h5>\n<\/li>\n<\/ul>\n<p>[\/na_price_listing][vc_column_text css=\u00bb.vc_custom_1688641771479{padding-top: 25px !important;padding-bottom: 25px !important;}\u00bb]<\/p>\n<p style=\"text-align: center;\">&#8211;<\/p>\n<p>[\/vc_column_text][na_price_listing style=\u00bbmega-price-table-5&#8243; price_title=\u00bbFriends\u00bb price_currency=\u00bb\u20ac\u00bb price_amount=\u00bb25&#8243; price_plan=\u00bbpor persona\u00bb btn_text=\u00bbReserva\u00bb btn_url=\u00bbhttps:\/\/api.whatsapp.com\/send?phone=34660895260&amp;text=Bones!!Ens%20agradaria%20poder%20rebre%20informaci%C3%B3%20de%20quan%20hi%20haur%C3%A0%20cursos%20de%20surf.Gr%C3%A0cies\u00bb top_bg=\u00bb#003e52&#8243; price_bg=\u00bb#f2dab2&#8243;]<\/p>\n<ul>\n<li>\n<h5>8 personas 29\u20ac<\/h5>\n<\/li>\n<li>\n<h5>10 personas 25\u20ac<\/h5>\n<\/li>\n<li>\n<h5>15 personas 22\u20ac<\/h5>\n<\/li>\n<\/ul>\n<p>[\/na_price_listing][\/vc_column][\/vc_row][vc_row css_animation=\u00bbelement_from_fade\u00bb row_type=\u00bbrow\u00bb use_row_as_full_screen_section=\u00bbno\u00bb type=\u00bbfull_width\u00bb angled_section=\u00bbno\u00bb text_align=\u00bbleft\u00bb background_image_as_pattern=\u00bbwithout_pattern\u00bb z_index=\u00bb\u00bb css=\u00bb.vc_custom_1751463320075{padding-top: 5% !important;}\u00bb][vc_column css_animation=\u00bbfadeIn\u00bb][vc_column_text]<\/p>\n<h3 style=\"text-align: left;\">SUP IOGA<\/h3>\n<p>[\/vc_column_text][vc_column_text css=\u00bb.vc_custom_1751463269295{padding-top: 35px !important;}\u00bb]<\/p>\n<p style=\"text-align: left;\">Sesi\u00f3n de 1 hora de Yoga en el agua sobre una taula de paddle surf. La combinaci\u00f3n del agua, la brisa marina y la pr\u00e1ctica del yoga ayudan a reducir los niveles de estr\u00e9s y ansiedad. Es una forma de desconectar de la rutina diaria y trobar un momento de paz y serenidad. Les session ser\u00e1n cada diumenge.<\/p>\n<p>[\/vc_column_text][vc_btn title=\u00bbReserva\u00bb style=\u00bbcustom\u00bb custom_background=\u00bb#f2dab2&#8243; custom_text=\u00bb#003e52&#8243; align=\u00bbleft\u00bb link=\u00bburl:https%3A%2F%2Fforms.gle%2FuT25CWzx2o31vnML9&#8243; css=\u00bb.vc_custom_1751463290085{padding-top: 5% !important;}\u00bb][\/vc_column][\/vc_row][vc_row css_animation=\u00bbelement_from_fade\u00bb row_type=\u00bbrow\u00bb use_row_as_full_screen_section=\u00bbno\u00bb type=\u00bbfull_width\u00bb angled_section=\u00bbno\u00bb text_align=\u00bbleft\u00bb background_image_as_pattern=\u00bbwithout_pattern\u00bb z_index=\u00bb\u00bb css=\u00bb.vc_custom_1682327070087{padding-top: 5% !important;}\u00bb][vc_column css_animation=\u00bbfadeIn\u00bb][vc_column_text]<\/p>\n<h3 style=\"text-align: left;\">Paddle Surf en las Islas Medas, l&#8217;Estartit<\/h3>\n<p>[\/vc_column_text][vc_column_text css=\u00bb.vc_custom_1688722181148{padding-top: 35px !important;}\u00bb]<\/p>\n<p style=\"text-align: left;\">Explora la Costa Brava desde la perspectiva diferente con nuestros cursos de Paddle Surf. Aprovecha la belleza del litoral catal\u00e1n para experimentar la emoci\u00f3n de un deporte emergente. Nuestra escuela de Paddle Surf ofrece cursos adaptados para todos los niveles y edades, desde el principiante hasta el m\u00e1s aventajado. Queremos que todos nuestros alumnos disfruten de la experiencia de remar por las costas de Catalu\u00f1a, sea por la aventura, la sensaci\u00f3n de libertad o simplemente por mantenerse en forma mientras admiran la belleza de los paisajes.<\/p>\n<p style=\"text-align: left;\">Adem\u00e1s, tenemos la mejor flota de tablas hinchables y r\u00edgidas, adaptadas a las preferencias y necesidades de cada persona. Ya sea que busques una mesa estable para los principiantes o una mesa m\u00e1s ligera para los m\u00e1s experimentados, tienes garantizado el mejor equipamiento para explorar las aguas de la Costa Brava.<\/p>\n<p style=\"text-align: left;\">No nos olvidemos de la partida m\u00e1s espectacular: las Islas Medas. Nuestras excursiones guiadas incluyen todo el material necesario y una ruta que le llevar\u00e1 a descubrir los rincones m\u00e1s bonitos de las costas de Catalu\u00f1a, hasta llegar a las Islas Medas, donde querr\u00e1 hacer un paro para explorar su riqueza natural.<\/p>\n<p style=\"text-align: left;\">Despu\u00e9s de terminar la ruta, podr\u00e1 relajarse en la playa y admirar la vista panor\u00e1mica del Estartit, en la Costa Brava. Y si te gusta, puede hacer de Paddle Surf una actividad permanente y convertirse en un experto en llegar a las costas del Mediterr\u00e1neo.<\/p>\n<p style=\"text-align: left;\">Con la escuela de Paddle Surf, vivir\u00e1s una experiencia \u00fanica y emocionante, que te ayudar\u00e1 a conectar con la naturaleza y descubrir todo lo que este para\u00edso mediterr\u00e1neo tiene por ofrecer. \u00a1No lo dudes m\u00e1s y ven a disfrutar de los encantos del Paddle Surf en la Costa Brava!<\/p>\n<p>[\/vc_column_text][vc_btn title=\u00bbReserva\u00bb style=\u00bbcustom\u00bb custom_background=\u00bb#f2dab2&#8243; custom_text=\u00bb#003e52&#8243; align=\u00bbleft\u00bb link=\u00bburl:https%3A%2F%2Fwww.agroruralsurf.com%2Freserves-cursos-lloguers-surf%2F\u00bb css=\u00bb.vc_custom_1686912329339{padding-top: 5% !important;}\u00bb][\/vc_column][\/vc_row]<\/p>\n","protected":false},"excerpt":{"rendered":"<p>[vc_row row_type=\u00bbrow\u00bb use_row_as_full_screen_section=\u00bbno\u00bb type=\u00bbfull_width\u00bb angled_section=\u00bbno\u00bb text_align=\u00bbleft\u00bb background_image_as_pattern=\u00bbwithout_pattern\u00bb z_index=\u00bb\u00bb css=\u00bb.vc_custom_1686907715290{padding-right: 7% !important;padding-left: 7% !important;}\u00bb][vc_column][vc_single_image image=\u00bb18572&#8243; img_size=\u00bbfull\u00bb qode_css_animation=\u00bb\u00bb qode_hover_animation=\u00bbdarken\u00bb][\/vc_column][\/vc_row][vc_row row_type=\u00bbrow\u00bb use_row_as_full_screen_section=\u00bbno\u00bb type=\u00bbfull_width\u00bb angled_section=\u00bbno\u00bb text_align=\u00bbcenter\u00bb background_image_as_pattern=\u00bbwithout_pattern\u00bb z_index=\u00bb\u00bb padding_top=\u00bb166&#8243; padding_bottom=\u00bb100&#8243; css=\u00bb.vc_custom_1682327079987{padding-top: 10% !important;padding-bottom: 10%&#8230;<\/p>\n","protected":false},"author":3,"featured_media":0,"parent":0,"menu_order":0,"comment_status":"closed","ping_status":"closed","template":"","meta":[],"yoast_head":"<!-- This site is optimized with the Yoast SEO plugin v19.6.1 - https:\/\/yoast.com\/wordpress\/plugins\/seo\/ -->\n<title>Paddle surf a la Costa brava y las islas Medas - agroruralsurf<\/title>\n<meta name=\"description\" content=\"Nuestra escuela de Paddle Surf costa brava ofrece cursos adaptados para todos los niveles, desde el principiante hasta el m\u00e1s aventajado.\" \/>\n<meta name=\"robots\" content=\"index, follow, max-snippet:-1, max-image-preview:large, max-video-preview:-1\" \/>\n<link rel=\"canonical\" href=\"https:\/\/www.agroruralsurf.com\/es\/paddle-surf-costa-brava\/\" \/>\n<meta property=\"og:locale\" content=\"es_ES\" \/>\n<meta property=\"og:type\" content=\"article\" \/>\n<meta property=\"og:title\" content=\"Paddle surf a la Costa brava y las islas Medas - agroruralsurf\" \/>\n<meta property=\"og:description\" content=\"Nuestra escuela de Paddle Surf costa brava ofrece cursos adaptados para todos los niveles, desde el principiante hasta el m\u00e1s aventajado.\" \/>\n<meta property=\"og:url\" content=\"https:\/\/www.agroruralsurf.com\/es\/paddle-surf-costa-brava\/\" \/>\n<meta property=\"og:site_name\" content=\"agroruralsurf\" \/>\n<meta property=\"article:publisher\" content=\"https:\/\/www.facebook.com\/agroruralsurf\/\" \/>\n<meta property=\"article:modified_time\" content=\"2025-10-29T13:27:41+00:00\" \/>\n<meta property=\"og:image\" content=\"https:\/\/www.agroruralsurf.com\/wp-content\/uploads\/2021\/05\/WEB2-scaled.jpg\" \/>\n\t<meta property=\"og:image:width\" content=\"2560\" \/>\n\t<meta property=\"og:image:height\" content=\"1536\" \/>\n\t<meta property=\"og:image:type\" content=\"image\/jpeg\" \/>\n<meta name=\"twitter:card\" content=\"summary_large_image\" \/>\n<meta name=\"twitter:label1\" content=\"Tiempo de lectura\" \/>\n\t<meta name=\"twitter:data1\" content=\"4 minutos\" \/>\n<script type=\"application\/ld+json\" class=\"yoast-schema-graph\">{\"@context\":\"https:\/\/schema.org\",\"@graph\":[{\"@type\":\"WebPage\",\"@id\":\"https:\/\/www.agroruralsurf.com\/es\/paddle-surf-costa-brava\/\",\"url\":\"https:\/\/www.agroruralsurf.com\/es\/paddle-surf-costa-brava\/\",\"name\":\"Paddle surf a la Costa brava y las islas Medas - agroruralsurf\",\"isPartOf\":{\"@id\":\"https:\/\/www.agroruralsurf.com\/#website\"},\"datePublished\":\"2020-03-19T10:21:23+00:00\",\"dateModified\":\"2025-10-29T13:27:41+00:00\",\"description\":\"Nuestra escuela de Paddle Surf costa brava ofrece cursos adaptados para todos los niveles, desde el principiante hasta el m\u00e1s aventajado.\",\"breadcrumb\":{\"@id\":\"https:\/\/www.agroruralsurf.com\/es\/paddle-surf-costa-brava\/#breadcrumb\"},\"inLanguage\":\"es\",\"potentialAction\":[{\"@type\":\"ReadAction\",\"target\":[\"https:\/\/www.agroruralsurf.com\/es\/paddle-surf-costa-brava\/\"]}]},{\"@type\":\"BreadcrumbList\",\"@id\":\"https:\/\/www.agroruralsurf.com\/es\/paddle-surf-costa-brava\/#breadcrumb\",\"itemListElement\":[{\"@type\":\"ListItem\",\"position\":1,\"name\":\"Inici\",\"item\":\"https:\/\/www.agroruralsurf.com\/\"},{\"@type\":\"ListItem\",\"position\":2,\"name\":\"Paddle surf a la Costa brava y las islas Medas\"}]},{\"@type\":\"WebSite\",\"@id\":\"https:\/\/www.agroruralsurf.com\/#website\",\"url\":\"https:\/\/www.agroruralsurf.com\/\",\"name\":\"agroruralsurf\",\"description\":\"agroruralsurf\",\"publisher\":{\"@id\":\"https:\/\/www.agroruralsurf.com\/#organization\"},\"potentialAction\":[{\"@type\":\"SearchAction\",\"target\":{\"@type\":\"EntryPoint\",\"urlTemplate\":\"https:\/\/www.agroruralsurf.com\/?s={search_term_string}\"},\"query-input\":\"required name=search_term_string\"}],\"inLanguage\":\"es\"},{\"@type\":\"Organization\",\"@id\":\"https:\/\/www.agroruralsurf.com\/#organization\",\"name\":\"Agro Rural Surf\",\"url\":\"https:\/\/www.agroruralsurf.com\/\",\"sameAs\":[\"https:\/\/www.instagram.com\/agroruralsurf\/\",\"https:\/\/www.youtube.com\/channel\/UCqe6P2fGcAVgk66aE8VP_kA\",\"https:\/\/www.facebook.com\/agroruralsurf\/\"],\"logo\":{\"@type\":\"ImageObject\",\"inLanguage\":\"es\",\"@id\":\"https:\/\/www.agroruralsurf.com\/#\/schema\/logo\/image\/\",\"url\":\"https:\/\/www.agroruralsurf.com\/wp-content\/uploads\/2019\/11\/cropped-Logo-rodo-negre@2x.png\",\"contentUrl\":\"https:\/\/www.agroruralsurf.com\/wp-content\/uploads\/2019\/11\/cropped-Logo-rodo-negre@2x.png\",\"width\":512,\"height\":512,\"caption\":\"Agro Rural Surf\"},\"image\":{\"@id\":\"https:\/\/www.agroruralsurf.com\/#\/schema\/logo\/image\/\"}}]}<\/script>\n<!-- \/ Yoast SEO plugin. -->","yoast_head_json":{"title":"Paddle surf a la Costa brava y las islas Medas - agroruralsurf","description":"Nuestra escuela de Paddle Surf costa brava ofrece cursos adaptados para todos los niveles, desde el principiante hasta el m\u00e1s aventajado.","robots":{"index":"index","follow":"follow","max-snippet":"max-snippet:-1","max-image-preview":"max-image-preview:large","max-video-preview":"max-video-preview:-1"},"canonical":"https:\/\/www.agroruralsurf.com\/es\/paddle-surf-costa-brava\/","og_locale":"es_ES","og_type":"article","og_title":"Paddle surf a la Costa brava y las islas Medas - agroruralsurf","og_description":"Nuestra escuela de Paddle Surf costa brava ofrece cursos adaptados para todos los niveles, desde el principiante hasta el m\u00e1s aventajado.","og_url":"https:\/\/www.agroruralsurf.com\/es\/paddle-surf-costa-brava\/","og_site_name":"agroruralsurf","article_publisher":"https:\/\/www.facebook.com\/agroruralsurf\/","article_modified_time":"2025-10-29T13:27:41+00:00","og_image":[{"width":2560,"height":1536,"url":"https:\/\/www.agroruralsurf.com\/wp-content\/uploads\/2021\/05\/WEB2-scaled.jpg","type":"image\/jpeg"}],"twitter_card":"summary_large_image","twitter_misc":{"Tiempo de lectura":"4 minutos"},"schema":{"@context":"https:\/\/schema.org","@graph":[{"@type":"WebPage","@id":"https:\/\/www.agroruralsurf.com\/es\/paddle-surf-costa-brava\/","url":"https:\/\/www.agroruralsurf.com\/es\/paddle-surf-costa-brava\/","name":"Paddle surf a la Costa brava y las islas Medas - agroruralsurf","isPartOf":{"@id":"https:\/\/www.agroruralsurf.com\/#website"},"datePublished":"2020-03-19T10:21:23+00:00","dateModified":"2025-10-29T13:27:41+00:00","description":"Nuestra escuela de Paddle Surf costa brava ofrece cursos adaptados para todos los niveles, desde el principiante hasta el m\u00e1s aventajado.","breadcrumb":{"@id":"https:\/\/www.agroruralsurf.com\/es\/paddle-surf-costa-brava\/#breadcrumb"},"inLanguage":"es","potentialAction":[{"@type":"ReadAction","target":["https:\/\/www.agroruralsurf.com\/es\/paddle-surf-costa-brava\/"]}]},{"@type":"BreadcrumbList","@id":"https:\/\/www.agroruralsurf.com\/es\/paddle-surf-costa-brava\/#breadcrumb","itemListElement":[{"@type":"ListItem","position":1,"name":"Inici","item":"https:\/\/www.agroruralsurf.com\/"},{"@type":"ListItem","position":2,"name":"Paddle surf a la Costa brava y las islas Medas"}]},{"@type":"WebSite","@id":"https:\/\/www.agroruralsurf.com\/#website","url":"https:\/\/www.agroruralsurf.com\/","name":"agroruralsurf","description":"agroruralsurf","publisher":{"@id":"https:\/\/www.agroruralsurf.com\/#organization"},"potentialAction":[{"@type":"SearchAction","target":{"@type":"EntryPoint","urlTemplate":"https:\/\/www.agroruralsurf.com\/?s={search_term_string}"},"query-input":"required name=search_term_string"}],"inLanguage":"es"},{"@type":"Organization","@id":"https:\/\/www.agroruralsurf.com\/#organization","name":"Agro Rural Surf","url":"https:\/\/www.agroruralsurf.com\/","sameAs":["https:\/\/www.instagram.com\/agroruralsurf\/","https:\/\/www.youtube.com\/channel\/UCqe6P2fGcAVgk66aE8VP_kA","https:\/\/www.facebook.com\/agroruralsurf\/"],"logo":{"@type":"ImageObject","inLanguage":"es","@id":"https:\/\/www.agroruralsurf.com\/#\/schema\/logo\/image\/","url":"https:\/\/www.agroruralsurf.com\/wp-content\/uploads\/2019\/11\/cropped-Logo-rodo-negre@2x.png","contentUrl":"https:\/\/www.agroruralsurf.com\/wp-content\/uploads\/2019\/11\/cropped-Logo-rodo-negre@2x.png","width":512,"height":512,"caption":"Agro Rural Surf"},"image":{"@id":"https:\/\/www.agroruralsurf.com\/#\/schema\/logo\/image\/"}}]}},"_links":{"self":[{"href":"https:\/\/www.agroruralsurf.com\/es\/wp-json\/wp\/v2\/pages\/26041"}],"collection":[{"href":"https:\/\/www.agroruralsurf.com\/es\/wp-json\/wp\/v2\/pages"}],"about":[{"href":"https:\/\/www.agroruralsurf.com\/es\/wp-json\/wp\/v2\/types\/page"}],"author":[{"embeddable":true,"href":"https:\/\/www.agroruralsurf.com\/es\/wp-json\/wp\/v2\/users\/3"}],"replies":[{"embeddable":true,"href":"https:\/\/www.agroruralsurf.com\/es\/wp-json\/wp\/v2\/comments?post=26041"}],"version-history":[{"count":60,"href":"https:\/\/www.agroruralsurf.com\/es\/wp-json\/wp\/v2\/pages\/26041\/revisions"}],"predecessor-version":[{"id":31275,"href":"https:\/\/www.agroruralsurf.com\/es\/wp-json\/wp\/v2\/pages\/26041\/revisions\/31275"}],"wp:attachment":[{"href":"https:\/\/www.agroruralsurf.com\/es\/wp-json\/wp\/v2\/media?parent=26041"}],"curies":[{"name":"wp","href":"https:\/\/api.w.org\/{rel}","templated":true}]}}