{"id":26050,"date":"2020-04-13T10:41:29","date_gmt":"2020-04-13T10:41:29","guid":{"rendered":"https:\/\/www.agroruralsurf.com\/previsiones-surf-estartit-costa-brava\/"},"modified":"2023-12-04T13:24:44","modified_gmt":"2023-12-04T13:24:44","slug":"previsions-surf-estartit","status":"publish","type":"page","link":"https:\/\/www.agroruralsurf.com\/es\/previsions-surf-estartit\/","title":{"rendered":"Previsions Surf Estartit &#8211; Costa Brava"},"content":{"rendered":"<p>[vc_row row_type=\u00bbrow\u00bb use_row_as_full_screen_section=\u00bbno\u00bb type=\u00bbfull_width\u00bb angled_section=\u00bbno\u00bb text_align=\u00bbleft\u00bb background_image_as_pattern=\u00bbwithout_pattern\u00bb z_index=\u00bb\u00bb][vc_column][rev_slider_vc alias=\u00bbprevisions\u00bb][\/vc_column][\/vc_row][vc_row row_type=\u00bbrow\u00bb use_row_as_full_screen_section=\u00bbno\u00bb type=\u00bbfull_width\u00bb angled_section=\u00bbno\u00bb text_align=\u00bbleft\u00bb background_image_as_pattern=\u00bbwithout_pattern\u00bb z_index=\u00bb\u00bb][vc_column parallax=\u00bbcontent-moving-fade\u00bb css_animation=\u00bbfadeIn\u00bb css=\u00bb.vc_custom_1579023678511{padding-top: 5% !important;padding-right: 7% !important;padding-bottom: 5% !important;padding-left: 7% !important;}\u00bb][vc_column_text css=\u00bb.vc_custom_1701696132509{padding-bottom: 35px !important;}\u00bb]<\/p>\n<h2 style=\"text-align: left;\"><strong>Webcam costa brava<\/strong><\/h2>\n<h3 style=\"text-align: left;\">Previsiones de surf en el Estartit<\/h3>\n<p>[\/vc_column_text][vc_column_text css=\u00bb.vc_custom_1701696158550{padding-bottom: 35px !important;}\u00bb]<\/p>\n<p style=\"text-align: left;\">Para conocer las previsiones de surf en Estartit podemos observar diferentes elementos. lo primero es saber en directo si hay olas en la playa. \u00c9sta ser\u00e1 la acci\u00f3n definitiva despu\u00e9s de haber visto que posiblemente hoy hab\u00eda oleadas. Es importante entender que en ocasiones que haya oleadas no significa que sean buenas para mi nivel.<\/p>\n<p style=\"text-align: left;\">Podemos saber si ha saltado o no el viento y ver el estado del mar. Visite la web \u00abWebcam Estartit\u00bb. (https:\/\/webcam-costabrava.com\/)<\/p>\n<p>[\/vc_column_text][\/vc_column][\/vc_row][vc_row row_type=\u00bbrow\u00bb use_row_as_full_screen_section=\u00bbno\u00bb type=\u00bbfull_width\u00bb angled_section=\u00bbno\u00bb text_align=\u00bbleft\u00bb background_image_as_pattern=\u00bbwithout_pattern\u00bb z_index=\u00bb\u00bb css=\u00bb.vc_custom_1701691310854{padding-right: 7% !important;padding-left: 7% !important;}\u00bb][vc_column][vc_raw_html]JTNDaW1nJTIwbG9hZGluZyUzRCUyMmxhenklMjIlMjBzcmMlM0QlMjJodHRwcyUzQSUyRiUyRndlYmNhbS1jb3N0YWJyYXZhLmNvbSUyRmZvdG9zLXdlYmNhbSUyRmZvdG8yLmpwZyUyMiUyMGFsdCUzRCUyMiUyMiUyMHdpZHRoJTNEJTIyMTAwJTI1JTIyJTIwaGVpZ2h0JTNEJTIyMTAwJTI1JTIyJTNFJTBB[\/vc_raw_html][\/vc_column][\/vc_row][vc_row row_type=\u00bbrow\u00bb use_row_as_full_screen_section=\u00bbno\u00bb type=\u00bbfull_width\u00bb angled_section=\u00bbno\u00bb text_align=\u00bbleft\u00bb background_image_as_pattern=\u00bbwithout_pattern\u00bb z_index=\u00bb\u00bb css=\u00bb.vc_custom_1701691315990{padding-right: 7% !important;padding-left: 7% !important;}\u00bb][vc_column css=\u00bb.vc_custom_1586793044659{padding-top: 10% !important;}\u00bb][vc_column_text css=\u00bb.vc_custom_1701696230171{padding-top: 20px !important;padding-bottom: 35px !important;}\u00bb]<\/p>\n<h2 style=\"text-align: left;\"><strong>WISUKI<\/strong><\/h2>\n<h3 style=\"text-align: left;\">Tabla de valores para saber el viento y la ola para los pr\u00f3ximos d\u00edas<\/h3>\n<p>[\/vc_column_text][vc_column_text css=\u00bb.vc_custom_1701696220663{padding-bottom: 35px !important;}\u00bb]En esta tabla podemos encontrar distintos \u00edtems a destacar. Lo primero y m\u00e1s importante es el tama\u00f1o de las olas que nos indicar\u00e1 si hay posibilidad de surf o no. Despu\u00e9s miramos la direcci\u00f3n de estas olas, la mejor es la sudeste, este, noreste. El viento es el que terminar\u00e1 de completar esta b\u00fasqueda ya que el viento provoca ola pero tambi\u00e9n hace que las condiciones no sean las mejores.<\/p>\n<p>Una vez visto todo esto podemos destacar elementos como el per\u00edodo que lo m\u00e1s alto posible, la temperatura del agua, o las mareas que en el mediterr\u00e1neo no tienen pr\u00e1cticamente importancia.<\/p>\n<p>Si desea saber m\u00e1s puede apuntarse a uno de nuestros cursos de surf donde hablamos entre otros contenidos la formaci\u00f3n de las olas.[\/vc_column_text][vc_raw_html css=\u00bb.vc_custom_1586774797889{padding-top: 20px !important;padding-bottom: 35px !important;}\u00bb]JTNDaWZyYW1lJTIwc3JjJTNEJTIyaHR0cHMlM0ElMkYlMkZ3aXN1a2kuY29tJTJGd2lkZ2V0LWRldGFpbHMlM0ZzcG90JTNEMjYwNCUyNmxhbmclM0RlcyUyNnNwb3RpbmZvJTNEMSUyMiUyMHN0eWxlJTNEJTIyYm9yZGVyJTNBJTIwMCUzQiUyMHdpZHRoJTNBJTIwMTAwJTI1JTNCJTIwaGVpZ2h0JTNBJTIwNTMwcHglM0IlMjIlMjBmcmFtZWJvcmRlciUzRCUyMjAlMjIlM0UlM0MlMkZpZnJhbWUlM0U=[\/vc_raw_html][vc_btn title=\u00bbAP\u00daNTATE A LOS CURSOS\u00bb style=\u00bbcustom\u00bb custom_background=\u00bb#003e52&#8243; custom_text=\u00bb#f2dab2&#8243; align=\u00bbleft\u00bb link=\u00bburl:https%3A%2F%2Fwww.agroruralsurf.com%2Fcursos-de-surf-a-la-costa-brava-per-a-tots-els-nivells%2F\u00bb][\/vc_column][\/vc_row][vc_row row_type=\u00bbrow\u00bb use_row_as_full_screen_section=\u00bbno\u00bb type=\u00bbfull_width\u00bb angled_section=\u00bbno\u00bb text_align=\u00bbleft\u00bb background_image_as_pattern=\u00bbwithout_pattern\u00bb][vc_column css=\u00bb.vc_custom_1701691346242{padding-right: 7% !important;padding-left: 7% !important;}\u00bb][vc_column_text css=\u00bb.vc_custom_1701696275874{padding-top: 20px !important;padding-bottom: 35px !important;}\u00bb]<\/p>\n<h2 style=\"text-align: left;\"><strong>WINDFINDER<\/strong><\/h2>\n<h3 style=\"text-align: left;\">Isobaras, vientos, olas, y previsi\u00f3n a trav\u00e9s de mapas meteorol\u00f3gicos<\/h3>\n<p>[\/vc_column_text][vc_column_text css=\u00bb.vc_custom_1701696294047{padding-bottom: 35px !important;}\u00bb]<\/p>\n<p style=\"text-align: left;\">Windfinder es una aplicaci\u00f3n que nos permite leer cualquier tipo de mapa y \u00e9ste est\u00e1 interactivo durante unos d\u00edas y se puede prever su evoluci\u00f3n.<\/p>\n<p style=\"text-align: left;\">Lo m\u00e1s interesante es el mapa de isobaras donde se muestran los cambios de presi\u00f3n y donde se encuentra la depresi\u00f3n. Se puede intuir la fuerza del viento por la diferencia de presi\u00f3n, en funci\u00f3n de donde est\u00e9 la borrasca habr\u00e1 mayor distancia hasta la playa y podremos tener mejores olas.<\/p>\n<p>[\/vc_column_text][vc_raw_html]JTNDaWZyYW1lJTIwd2lkdGglM0QlMjIxMDAlMjUlMjIlMjBoZWlnaHQlM0QlMjI3MDBweCUyMiUyMHNyYyUzRCUyMmh0dHBzJTNBJTJGJTJGZW1iZWQud2luZHkuY29tJTJGZW1iZWQyLmh0bWwlM0ZsYXQlM0Q0MS4yNDUlMjZsb24lM0QxLjQ1MCUyNnpvb20lM0Q1JTI2bGV2ZWwlM0RzdXJmYWNlJTI2b3ZlcmxheSUzRHdpbmQlMjZtZW51JTNEJTI2bWVzc2FnZSUzRCUyNm1hcmtlciUzRHRydWUlMjZjYWxlbmRhciUzRCUyNnByZXNzdXJlJTNEdHJ1ZSUyNnR5cGUlM0RtYXAlMjZsb2NhdGlvbiUzRGNvb3JkaW5hdGVzJTI2ZGV0YWlsJTNEJTI2ZGV0YWlsTGF0JTNENDEuMjU3JTI2ZGV0YWlsTG9uJTNEMS40MzclMjZtZXRyaWNXaW5kJTNEa20lMjUyRmglMjZtZXRyaWNUZW1wJTNEJTI1QzIlMjVCMEMlMjZyYWRhclJhbmdlJTNELTElMjIlMjBmcmFtZWJvcmRlciUzRCUyMjAlMjIlM0UlM0MlMkZpZnJhbWUlM0U=[\/vc_raw_html][\/vc_column][\/vc_row]<\/p>\n","protected":false},"excerpt":{"rendered":"<p>[vc_row row_type=\u00bbrow\u00bb use_row_as_full_screen_section=\u00bbno\u00bb type=\u00bbfull_width\u00bb angled_section=\u00bbno\u00bb text_align=\u00bbleft\u00bb background_image_as_pattern=\u00bbwithout_pattern\u00bb z_index=\u00bb\u00bb][vc_column][rev_slider_vc alias=\u00bbprevisions\u00bb][\/vc_column][\/vc_row][vc_row row_type=\u00bbrow\u00bb use_row_as_full_screen_section=\u00bbno\u00bb type=\u00bbfull_width\u00bb angled_section=\u00bbno\u00bb text_align=\u00bbleft\u00bb background_image_as_pattern=\u00bbwithout_pattern\u00bb z_index=\u00bb\u00bb][vc_column parallax=\u00bbcontent-moving-fade\u00bb css_animation=\u00bbfadeIn\u00bb css=\u00bb.vc_custom_1579023678511{padding-top: 5% !important;padding-right: 7% !important;padding-bottom: 5% !important;padding-left: 7% !important;}\u00bb][vc_column_text css=\u00bb.vc_custom_1701696132509{padding-bottom: 35px !important;}\u00bb]&#8230;<\/p>\n","protected":false},"author":3,"featured_media":0,"parent":0,"menu_order":0,"comment_status":"closed","ping_status":"closed","template":"full_width.php","meta":[],"yoast_head":"<!-- This site is optimized with the Yoast SEO plugin v19.6.1 - https:\/\/yoast.com\/wordpress\/plugins\/seo\/ -->\n<title>Previsions Surf Estartit - Costa Brava - agroruralsurf<\/title>\n<meta name=\"description\" content=\"Previsiones de surf en el Estartit. Altura de las olas, la direcci\u00f3n, i como saber si hay olas en el estartit, web cam del Estartit.\" \/>\n<meta name=\"robots\" content=\"index, follow, max-snippet:-1, max-image-preview:large, max-video-preview:-1\" \/>\n<link rel=\"canonical\" href=\"https:\/\/www.agroruralsurf.com\/es\/previsions-surf-estartit\/\" \/>\n<meta property=\"og:locale\" content=\"es_ES\" \/>\n<meta property=\"og:type\" content=\"article\" \/>\n<meta property=\"og:title\" content=\"Previsions Surf Estartit - Costa Brava - agroruralsurf\" \/>\n<meta property=\"og:description\" content=\"Previsiones de surf en el Estartit. Altura de las olas, la direcci\u00f3n, i como saber si hay olas en el estartit, web cam del Estartit.\" \/>\n<meta property=\"og:url\" content=\"https:\/\/www.agroruralsurf.com\/es\/previsions-surf-estartit\/\" \/>\n<meta property=\"og:site_name\" content=\"agroruralsurf\" \/>\n<meta property=\"article:publisher\" content=\"https:\/\/www.facebook.com\/agroruralsurf\/\" \/>\n<meta property=\"article:modified_time\" content=\"2023-12-04T13:24:44+00:00\" \/>\n<meta property=\"og:image\" content=\"https:\/\/www.agroruralsurf.com\/wp-content\/uploads\/2021\/05\/WEB2-scaled.jpg\" \/>\n\t<meta property=\"og:image:width\" content=\"2560\" \/>\n\t<meta property=\"og:image:height\" content=\"1536\" \/>\n\t<meta property=\"og:image:type\" content=\"image\/jpeg\" \/>\n<meta name=\"twitter:card\" content=\"summary_large_image\" \/>\n<meta name=\"twitter:label1\" content=\"Tiempo de lectura\" \/>\n\t<meta name=\"twitter:data1\" content=\"4 minutos\" \/>\n<script type=\"application\/ld+json\" class=\"yoast-schema-graph\">{\"@context\":\"https:\/\/schema.org\",\"@graph\":[{\"@type\":\"WebPage\",\"@id\":\"https:\/\/www.agroruralsurf.com\/es\/previsions-surf-estartit\/\",\"url\":\"https:\/\/www.agroruralsurf.com\/es\/previsions-surf-estartit\/\",\"name\":\"Previsions Surf Estartit - Costa Brava - agroruralsurf\",\"isPartOf\":{\"@id\":\"https:\/\/www.agroruralsurf.com\/#website\"},\"datePublished\":\"2020-04-13T10:41:29+00:00\",\"dateModified\":\"2023-12-04T13:24:44+00:00\",\"description\":\"Previsiones de surf en el Estartit. Altura de las olas, la direcci\u00f3n, i como saber si hay olas en el estartit, web cam del Estartit.\",\"breadcrumb\":{\"@id\":\"https:\/\/www.agroruralsurf.com\/es\/previsions-surf-estartit\/#breadcrumb\"},\"inLanguage\":\"es\",\"potentialAction\":[{\"@type\":\"ReadAction\",\"target\":[\"https:\/\/www.agroruralsurf.com\/es\/previsions-surf-estartit\/\"]}]},{\"@type\":\"BreadcrumbList\",\"@id\":\"https:\/\/www.agroruralsurf.com\/es\/previsions-surf-estartit\/#breadcrumb\",\"itemListElement\":[{\"@type\":\"ListItem\",\"position\":1,\"name\":\"Inici\",\"item\":\"https:\/\/www.agroruralsurf.com\/\"},{\"@type\":\"ListItem\",\"position\":2,\"name\":\"Previsions Surf Estartit &#8211; Costa Brava\"}]},{\"@type\":\"WebSite\",\"@id\":\"https:\/\/www.agroruralsurf.com\/#website\",\"url\":\"https:\/\/www.agroruralsurf.com\/\",\"name\":\"agroruralsurf\",\"description\":\"agroruralsurf\",\"publisher\":{\"@id\":\"https:\/\/www.agroruralsurf.com\/#organization\"},\"potentialAction\":[{\"@type\":\"SearchAction\",\"target\":{\"@type\":\"EntryPoint\",\"urlTemplate\":\"https:\/\/www.agroruralsurf.com\/?s={search_term_string}\"},\"query-input\":\"required name=search_term_string\"}],\"inLanguage\":\"es\"},{\"@type\":\"Organization\",\"@id\":\"https:\/\/www.agroruralsurf.com\/#organization\",\"name\":\"Agro Rural Surf\",\"url\":\"https:\/\/www.agroruralsurf.com\/\",\"sameAs\":[\"https:\/\/www.instagram.com\/agroruralsurf\/\",\"https:\/\/www.youtube.com\/channel\/UCqe6P2fGcAVgk66aE8VP_kA\",\"https:\/\/www.facebook.com\/agroruralsurf\/\"],\"logo\":{\"@type\":\"ImageObject\",\"inLanguage\":\"es\",\"@id\":\"https:\/\/www.agroruralsurf.com\/#\/schema\/logo\/image\/\",\"url\":\"https:\/\/www.agroruralsurf.com\/wp-content\/uploads\/2019\/11\/cropped-Logo-rodo-negre@2x.png\",\"contentUrl\":\"https:\/\/www.agroruralsurf.com\/wp-content\/uploads\/2019\/11\/cropped-Logo-rodo-negre@2x.png\",\"width\":512,\"height\":512,\"caption\":\"Agro Rural Surf\"},\"image\":{\"@id\":\"https:\/\/www.agroruralsurf.com\/#\/schema\/logo\/image\/\"}}]}<\/script>\n<!-- \/ Yoast SEO plugin. -->","yoast_head_json":{"title":"Previsions Surf Estartit - Costa Brava - agroruralsurf","description":"Previsiones de surf en el Estartit. Altura de las olas, la direcci\u00f3n, i como saber si hay olas en el estartit, web cam del Estartit.","robots":{"index":"index","follow":"follow","max-snippet":"max-snippet:-1","max-image-preview":"max-image-preview:large","max-video-preview":"max-video-preview:-1"},"canonical":"https:\/\/www.agroruralsurf.com\/es\/previsions-surf-estartit\/","og_locale":"es_ES","og_type":"article","og_title":"Previsions Surf Estartit - Costa Brava - agroruralsurf","og_description":"Previsiones de surf en el Estartit. Altura de las olas, la direcci\u00f3n, i como saber si hay olas en el estartit, web cam del Estartit.","og_url":"https:\/\/www.agroruralsurf.com\/es\/previsions-surf-estartit\/","og_site_name":"agroruralsurf","article_publisher":"https:\/\/www.facebook.com\/agroruralsurf\/","article_modified_time":"2023-12-04T13:24:44+00:00","og_image":[{"width":2560,"height":1536,"url":"https:\/\/www.agroruralsurf.com\/wp-content\/uploads\/2021\/05\/WEB2-scaled.jpg","type":"image\/jpeg"}],"twitter_card":"summary_large_image","twitter_misc":{"Tiempo de lectura":"4 minutos"},"schema":{"@context":"https:\/\/schema.org","@graph":[{"@type":"WebPage","@id":"https:\/\/www.agroruralsurf.com\/es\/previsions-surf-estartit\/","url":"https:\/\/www.agroruralsurf.com\/es\/previsions-surf-estartit\/","name":"Previsions Surf Estartit - Costa Brava - agroruralsurf","isPartOf":{"@id":"https:\/\/www.agroruralsurf.com\/#website"},"datePublished":"2020-04-13T10:41:29+00:00","dateModified":"2023-12-04T13:24:44+00:00","description":"Previsiones de surf en el Estartit. Altura de las olas, la direcci\u00f3n, i como saber si hay olas en el estartit, web cam del Estartit.","breadcrumb":{"@id":"https:\/\/www.agroruralsurf.com\/es\/previsions-surf-estartit\/#breadcrumb"},"inLanguage":"es","potentialAction":[{"@type":"ReadAction","target":["https:\/\/www.agroruralsurf.com\/es\/previsions-surf-estartit\/"]}]},{"@type":"BreadcrumbList","@id":"https:\/\/www.agroruralsurf.com\/es\/previsions-surf-estartit\/#breadcrumb","itemListElement":[{"@type":"ListItem","position":1,"name":"Inici","item":"https:\/\/www.agroruralsurf.com\/"},{"@type":"ListItem","position":2,"name":"Previsions Surf Estartit &#8211; Costa Brava"}]},{"@type":"WebSite","@id":"https:\/\/www.agroruralsurf.com\/#website","url":"https:\/\/www.agroruralsurf.com\/","name":"agroruralsurf","description":"agroruralsurf","publisher":{"@id":"https:\/\/www.agroruralsurf.com\/#organization"},"potentialAction":[{"@type":"SearchAction","target":{"@type":"EntryPoint","urlTemplate":"https:\/\/www.agroruralsurf.com\/?s={search_term_string}"},"query-input":"required name=search_term_string"}],"inLanguage":"es"},{"@type":"Organization","@id":"https:\/\/www.agroruralsurf.com\/#organization","name":"Agro Rural Surf","url":"https:\/\/www.agroruralsurf.com\/","sameAs":["https:\/\/www.instagram.com\/agroruralsurf\/","https:\/\/www.youtube.com\/channel\/UCqe6P2fGcAVgk66aE8VP_kA","https:\/\/www.facebook.com\/agroruralsurf\/"],"logo":{"@type":"ImageObject","inLanguage":"es","@id":"https:\/\/www.agroruralsurf.com\/#\/schema\/logo\/image\/","url":"https:\/\/www.agroruralsurf.com\/wp-content\/uploads\/2019\/11\/cropped-Logo-rodo-negre@2x.png","contentUrl":"https:\/\/www.agroruralsurf.com\/wp-content\/uploads\/2019\/11\/cropped-Logo-rodo-negre@2x.png","width":512,"height":512,"caption":"Agro Rural Surf"},"image":{"@id":"https:\/\/www.agroruralsurf.com\/#\/schema\/logo\/image\/"}}]}},"_links":{"self":[{"href":"https:\/\/www.agroruralsurf.com\/es\/wp-json\/wp\/v2\/pages\/26050"}],"collection":[{"href":"https:\/\/www.agroruralsurf.com\/es\/wp-json\/wp\/v2\/pages"}],"about":[{"href":"https:\/\/www.agroruralsurf.com\/es\/wp-json\/wp\/v2\/types\/page"}],"author":[{"embeddable":true,"href":"https:\/\/www.agroruralsurf.com\/es\/wp-json\/wp\/v2\/users\/3"}],"replies":[{"embeddable":true,"href":"https:\/\/www.agroruralsurf.com\/es\/wp-json\/wp\/v2\/comments?post=26050"}],"version-history":[{"count":12,"href":"https:\/\/www.agroruralsurf.com\/es\/wp-json\/wp\/v2\/pages\/26050\/revisions"}],"predecessor-version":[{"id":29996,"href":"https:\/\/www.agroruralsurf.com\/es\/wp-json\/wp\/v2\/pages\/26050\/revisions\/29996"}],"wp:attachment":[{"href":"https:\/\/www.agroruralsurf.com\/es\/wp-json\/wp\/v2\/media?parent=26050"}],"curies":[{"name":"wp","href":"https:\/\/api.w.org\/{rel}","templated":true}]}}