{"id":30631,"date":"2024-11-21T11:32:17","date_gmt":"2024-11-21T11:32:17","guid":{"rendered":"https:\/\/www.agroruralsurf.com\/?page_id=30631"},"modified":"2025-09-03T14:25:41","modified_gmt":"2025-09-03T14:25:41","slug":"surf-club","status":"publish","type":"page","link":"https:\/\/www.agroruralsurf.com\/es\/surf-club\/","title":{"rendered":"SURF CLUB"},"content":{"rendered":"<p>[vc_row row_type=\u00bbrow\u00bb use_row_as_full_screen_section=\u00bbno\u00bb type=\u00bbfull_width\u00bb angled_section=\u00bbno\u00bb text_align=\u00bbleft\u00bb background_image_as_pattern=\u00bbwithout_pattern\u00bb z_index=\u00bb\u00bb css=\u00bb.vc_custom_1732199792864{padding-top: 3% !important;padding-right: 7% !important;padding-bottom: 5% !important;padding-left: 7% !important;background-color: #eae5dc !important;}\u00bb][vc_column width=\u00bb5\/12&#8243; css=\u00bb.vc_custom_1733917730640{padding-top: 230px !important;}\u00bb][vc_column_text]<\/p>\n<h1 style=\"text-align: right;\">SURF CLUB<\/h1>\n<p>[\/vc_column_text][vc_column_text]<\/p>\n<h3 style=\"text-align: right;\">Cada s\u00e1bado de 10h a 13h<br \/>\nde octubre a junio<\/h3>\n<p>[\/vc_column_text][\/vc_column][vc_column width=\u00bb1\/4&#8243;][vc_single_image image=\u00bb30880&#8243; img_size=\u00bb400&#215;480&#8243;][\/vc_column][vc_column width=\u00bb1\/4&#8243;][vc_single_image image=\u00bb19668&#8243; img_size=\u00bb400&#215;480&#8243;][\/vc_column][\/vc_row][vc_row row_type=\u00bbrow\u00bb use_row_as_full_screen_section=\u00bbno\u00bb type=\u00bbfull_width\u00bb angled_section=\u00bbno\u00bb text_align=\u00bbcenter\u00bb background_image_as_pattern=\u00bbwithout_pattern\u00bb z_index=\u00bb\u00bb padding_top=\u00bb166&#8243; padding_bottom=\u00bb100&#8243; css=\u00bb.vc_custom_1732538742566{padding-top: 5% !important;padding-right: 10% !important;padding-bottom: 5% !important;padding-left: 10% !important;background-color: #003e52 !important;}\u00bb][vc_column css_animation=\u00bbfadeIn\u00bb css=\u00bb.vc_custom_1732199815926{padding-top: 5% !important;padding-bottom: 5% !important;}\u00bb][vc_custom_heading text=\u00bbAprende a surfear con un contenido m\u00e1s espec\u00edfico, detallado y preciso para conseguir tus objetivos\u00bb font_container=\u00bbtag:h3|text_align:left|color:%23ffffff\u00bb use_theme_fonts=\u00bbyes\u00bb][vc_custom_heading text=\u00bbSi ya has superado los primeros pasos y quieres crear una experiencia m\u00e1s completa en torno a tu surf, el Agrorural Surf Club es para ti. Hablaremos de la formaci\u00f3n de las olas, de las corrientes, de la meteorolog\u00eda tambi\u00e9n pasando por elementos t\u00e1cticos como la comprensi\u00f3n de recorridos o la posici\u00f3n ideal en el agua. Ven a las sesiones de entrenamiento para aprender conceptos de mejora de la fuerza, la movilidad o la resistencia.\u00bb font_container=\u00bbtag:p|text_align:left|color:%23ffffff\u00bb use_theme_fonts=\u00bbyes\u00bb css=\u00bb.vc_custom_1756909931910{padding-top: 3% !important;}\u00bb][\/vc_column][\/vc_row][vc_row row_type=\u00bbrow\u00bb use_row_as_full_screen_section=\u00bbno\u00bb type=\u00bbfull_width\u00bb angled_section=\u00bbno\u00bb text_align=\u00bbcenter\u00bb background_image_as_pattern=\u00bbwithout_pattern\u00bb z_index=\u00bb\u00bb padding_top=\u00bb166&#8243; padding_bottom=\u00bb100&#8243; css=\u00bb.vc_custom_1732197664475{padding-top: 5% !important;padding-right: 7% !important;padding-bottom: 5% !important;padding-left: 7% !important;}\u00bb][vc_column css_animation=\u00bbnone\u00bb width=\u00bb1\/3&#8243; css=\u00bb.vc_custom_1732538762642{padding-top: 20px !important;}\u00bb][vc_single_image image=\u00bb18583&#8243; img_size=\u00bb400&#8243;][\/vc_column][vc_column width=\u00bb2\/3&#8243; css=\u00bb.vc_custom_1587990784673{padding-top: 20px !important;}\u00bb][vc_column_text]<\/p>\n<h1 style=\"text-align: left;\"><strong>SURF CLUB<\/strong><\/h1>\n<p>[\/vc_column_text][vc_column_text]<\/p>\n<h2 style=\"text-align: left;\">Programa de abonados<\/h2>\n<p>[\/vc_column_text][vc_column_text css=\u00bb.vc_custom_1741869656020{padding-top: 20px !important;}\u00bb]<\/p>\n<p style=\"text-align: left;\">El Surf Club es un programa de abonados creado por aquellos amantes del mar que quieren profundizar en su aprendizaje.<\/p>\n<p style=\"text-align: left;\">Hemos dise\u00f1ado un programa anual enfocado en el aprendizaje de todos aquellos contenidos que debemos adquirir (t\u00e9cnicos, te\u00f3ricos, f\u00edsicos) por la mejora de nuestro surfing.<\/p>\n<p style=\"text-align: left;\">Basados \u200b\u200ben la plataforma de aprendizaje y perfeccionamiento del surf PAPS. Establecemos una periodizaci\u00f3n de los contenidos a trabajar adaptadas a cada uno de los niveles.<\/p>\n<p>[\/vc_column_text][vc_column_text css=\u00bb.vc_custom_1741869667513{padding-top: 20px !important;}\u00bb]<\/p>\n<h3 style=\"text-align: left;\">Te descontamos 5\u20ac en cada curso de surf<\/h3>\n<p>[\/vc_column_text][\/vc_column][\/vc_row][vc_row row_type=\u00bbparallax\u00bb parallax_content_width=\u00bbfull_width\u00bb text_align=\u00bbcenter\u00bb full_screen_section_height=\u00bbno\u00bb css=\u00bb.vc_custom_1732196093794{padding-top: 5% !important;padding-right: 7% !important;padding-bottom: 5% !important;padding-left: 7% !important;background-color: #ad5153 !important;}\u00bb][vc_column css_animation=\u00bbfadeIn\u00bb][vc_custom_heading text=\u00bbCONTENIDO\u00bb font_container=\u00bbtag:h2|text_align:left|color:%23ffffff\u00bb google_fonts=\u00bbfont_family:Montserrat%3Aregular%2C700|font_style:700%20bold%20regular%3A700%3Anormal\u00bb][vc_row_inner css=\u00bb.vc_custom_1732196793261{padding-top: 5% !important;padding-bottom: 5% !important;}\u00bb][vc_column_inner][vc_custom_heading text=\u00bbLos contenidos del Surf Club est\u00e1n dise\u00f1ados a trav\u00e9s de las Cards del programa de las PAPS.\u00bb font_container=\u00bbtag:p|text_align:left|color:%23ffffff\u00bb use_theme_fonts=\u00bbyes\u00bb css=\u00bb.vc_custom_1741869689370{padding-bottom: 20px !important;}\u00bb][vc_custom_heading text=\u00bbCon las PAPS organizamos estos elementos en 4 tarjetas que equivalen a 4 fases de aprendizaje: White Water Surfer, Green Wave Surfer, Blue Wall Surfer, Red Line Surfer.\u00bb font_container=\u00bbtag:p|text_align:left|color:%23ffffff\u00bb use_theme_fonts=\u00bbyes\u00bb css=\u00bb.vc_custom_1741869703409{padding-bottom: 20px !important;}\u00bb][vc_custom_heading text=\u00bbSe organizan los elementos de aprendizaje de cada curso en seis ejes principales que conforman el Diagrama del buen Surfista:\u00bb font_container=\u00bbtag:p|text_align:left|color:%23ffffff\u00bb use_theme_fonts=\u00bbyes\u00bb css=\u00bb.vc_custom_1741869714968{padding-bottom: 20px !important;}\u00bb][vc_single_image image=\u00bb30659&#8243; img_size=\u00bbfull\u00bb css=\u00bb.vc_custom_1732199697995{padding-top: 5% !important;}\u00bb][\/vc_column_inner][\/vc_row_inner][vc_custom_heading text=\u00bbCada uno de los seis ejes tiene elementos clasificables y organizables en distintos niveles de dificultad.\u00bb font_container=\u00bbtag:p|text_align:left|color:%23ffffff\u00bb use_theme_fonts=\u00bbyes\u00bb][vc_row_inner css=\u00bb.vc_custom_1732198714691{padding-bottom: 5% !important;padding-left: 5% !important;}\u00bb][vc_column_inner width=\u00bb1\/2&#8243;][vc_custom_heading text=\u00bbConocimiento te\u00f3rico:\u00bb font_container=\u00bbtag:p|text_align:left|color:%23ffffff\u00bb google_fonts=\u00bbfont_family:Montserrat%3Aregular%2C700|font_style:700%20bold%20regular%3A700%3Anormal\u00bb css=\u00bb.vc_custom_1741869763211{padding-top: 5% !important;}\u00bb][vc_custom_heading text=\u00bbEncontrar\u00e1s el conjunto de nomenclatura, definiciones y tecnicismos que te permiten entender un lenguaje adecuado para un mejor aprendizaje de otros elementos.\u00bb font_container=\u00bbtag:p|text_align:left|color:%23ffffff\u00bb][vc_custom_heading text=\u00bbT\u00e9cnica:\u00bb font_container=\u00bbtag:p|text_align:left|color:%23ffffff\u00bb google_fonts=\u00bbfont_family:Montserrat%3Aregular%2C700|font_style:700%20bold%20regular%3A700%3Anormal\u00bb css=\u00bb.vc_custom_1741869782922{padding-top: 5% !important;}\u00bb][vc_custom_heading text=\u00bbEs el movimiento, o conjunto de movimientos, que permite resolver una situaci\u00f3n de la forma m\u00e1s efectiva posible para obtener el resultado esperado.\u00bb font_container=\u00bbtag:p|text_align:left|color:%23ffffff\u00bb][vc_custom_heading text=\u00bbT\u00e1ctica:\u00bb font_container=\u00bbtag:p|text_align:left|color:%23ffffff\u00bb google_fonts=\u00bbfont_family:Montserrat%3Aregular%2C700|font_style:700%20bold%20regular%3A700%3Anormal\u00bb css=\u00bb.vc_custom_1741869799949{padding-top: 5% !important;}\u00bb][vc_custom_heading text=\u00bbEs la capacidad de analizar una informaci\u00f3n referente a un problema y ejecutar las t\u00e9cnicas necesarias para resolverlo.\u00bb font_container=\u00bbtag:p|text_align:left|color:%23ffffff\u00bb][\/vc_column_inner][vc_column_inner width=\u00bb1\/2&#8243;][vc_custom_heading text=\u00bbElementos f\u00edsicos:\u00bb font_container=\u00bbtag:p|text_align:left|color:%23ffffff\u00bb google_fonts=\u00bbfont_family:Montserrat%3Aregular%2C700|font_style:700%20bold%20regular%3A700%3Anormal\u00bb css=\u00bb.vc_custom_1741869830784{padding-top: 5% !important;}\u00bb][vc_custom_heading text=\u00bbComo en cualquier actividad f\u00edsica, un cuerpo adecuadamente adaptado es sin\u00f3nimo de resultados. Hablaremos de las capacidades f\u00edsicas necesarias para el surf y c\u00f3mo mejorarlas.\u00bb font_container=\u00bbtag:p|text_align:left|color:%23ffffff\u00bb][vc_custom_heading text=\u00bbElementos psicol\u00f3gicos:\u00bb font_container=\u00bbtag:p|text_align:left|color:%23ffffff\u00bb google_fonts=\u00bbfont_family:Montserrat%3Aregular%2C700|font_style:700%20bold%20regular%3A700%3Anormal\u00bb css=\u00bb.vc_custom_1741869856247{padding-top: 5% !important;}\u00bb][vc_custom_heading text=\u00bbTrabajaremos todos los procesos mentales comunes en los y las surfistas para utilizarlos de forma positiva en nuestro aprendizaje.\u00bb font_container=\u00bbtag:p|text_align:left|color:%23ffffff\u00bb][vc_custom_heading text=\u00bbExperi\u00e9ncia:\u00bb font_container=\u00bbtag:p|text_align:left|color:%23ffffff\u00bb google_fonts=\u00bbfont_family:Montserrat%3Aregular%2C700|font_style:700%20bold%20regular%3A700%3Anormal\u00bb css=\u00bb.vc_custom_1741869885216{padding-top: 5% !important;}\u00bb][vc_custom_heading text=\u00bbLas horas, lo que observamos, las situaciones distintas en las que nos encontramos, ya sea en el surf o en cualquier otro deporte complementario.\u00bb font_container=\u00bbtag:p|text_align:left|color:%23ffffff\u00bb][\/vc_column_inner][\/vc_row_inner][\/vc_column][\/vc_row][vc_row row_type=\u00bbparallax\u00bb parallax_content_width=\u00bbfull_width\u00bb text_align=\u00bbcenter\u00bb full_screen_section_height=\u00bbno\u00bb css=\u00bb.vc_custom_1732197848781{padding-top: 5% !important;padding-right: 7% !important;padding-bottom: 5% !important;padding-left: 7% !important;}\u00bb][vc_column css_animation=\u00bbfadeIn\u00bb][vc_row_inner css=\u00bb.vc_custom_1732196260227{padding-bottom: 5% !important;}\u00bb][vc_column_inner][vc_column_text css=\u00bb.vc_custom_1741869913331{padding-bottom: 5% !important;}\u00bb]<\/p>\n<h2 style=\"text-align: left;\">INSCR\u00cdBETE AL NUEVO PROGRAMA DEL SURF CLUB 2025<\/h2>\n<p>[\/vc_column_text][\/vc_column_inner][\/vc_row_inner][vc_row_inner][vc_column_inner width=\u00bb1\/2&#8243;][vc_toggle title=\u00bbQu\u00e9 incluye\u00bb custom_font_container=\u00bbtag:h3|text_align:left\u00bb custom_use_theme_fonts=\u00bbyes\u00bb use_custom_heading=\u00bbtrue\u00bb]<\/p>\n<p style=\"text-align: left;\">Participaci\u00f3n en las sesiones del Surf Club<\/p>\n<p style=\"text-align: left;\">Todos los s\u00e1bados de 10h a 13h.<\/p>\n<p style=\"text-align: left;\">Tarjeta PAPS<\/p>\n<p style=\"text-align: left;\">Blog te\u00f3rico PAPS<\/p>\n<p style=\"text-align: left;\">Camiseta 10 a\u00f1os Agroruralsurf<\/p>\n<p style=\"text-align: left;\">Material incluido durante las sesiones<\/p>\n<p style=\"text-align: left;\">Descuentos con los cursos de surf (12,5%) en caso de no tener bono<\/p>\n<p>[\/vc_toggle][\/vc_column_inner][vc_column_inner width=\u00bb1\/2&#8243;][vc_toggle title=\u00bbCalendario de contenido\u00bb custom_font_container=\u00bbtag:h3|text_align:left\u00bb custom_use_theme_fonts=\u00bbyes\u00bb use_custom_heading=\u00bbtrue\u00bb][\/vc_toggle][\/vc_column_inner][\/vc_row_inner][vc_row_inner][vc_column_inner width=\u00bb1\/3&#8243; css=\u00bb.vc_custom_1732538821415{padding-top: 5% !important;}\u00bb][na_price_listing style=\u00bbmega-price-table-5&#8243; price_title=\u00bbQUOTA ANUAL\u00bb price_amount=\u00bb576\u20ac\u00bb price_plan=\u00bb522\u20ac socis\u00bb btn_text=\u00bbINSCR\u00cdBETE\u00bb top_bg=\u00bb#003e52&#8243; price_bg=\u00bb#f2dab2&#8243; btn_url=\u00bbhttps:\/\/forms.gle\/8CknFteb6qQRqeZz9&#8243;]<\/p>\n<ul>\n<li style=\"text-align: center;\">AL MES 64\u20ac \/ SOCIOS 56\u20ac<\/li>\n<li style=\"text-align: center;\">Matr\u00edcula gratuita<\/li>\n<li style=\"text-align: center;\">No hay permanencia<\/li>\n<li style=\"text-align: center;\">Ahorra 144\u20ac al a\u00f1o<\/li>\n<\/ul>\n<p>[\/na_price_listing][\/vc_column_inner][vc_column_inner width=\u00bb1\/3&#8243; css=\u00bb.vc_custom_1732538826895{padding-top: 5% !important;}\u00bb][na_price_listing style=\u00bbmega-price-table-5&#8243; price_title=\u00bbQUOTA TRIMESTRE\u00bb price_amount=\u00bb216\u20ac\u00bb price_plan=\u00bb199\u20ac socis\u00bb btn_text=\u00bbINSCR\u00cdBETE\u00bb top_bg=\u00bb#003e52&#8243; price_bg=\u00bb#f2dab2&#8243; btn_url=\u00bbhttps:\/\/forms.gle\/8CknFteb6qQRqeZz9&#8243;]<\/p>\n<ul>\n<li style=\"text-align: center;\">AL MES 72\u20ac \/ SOCIO 66,3\u20ac<\/li>\n<li style=\"text-align: center;\">Matr\u00edcula de 25\u20ac<\/li>\n<li style=\"text-align: center;\">No hay permanencia<\/li>\n<li style=\"text-align: center;\">ahorra 24\u20ac el trimestre<\/li>\n<\/ul>\n<p>[\/na_price_listing][\/vc_column_inner][vc_column_inner width=\u00bb1\/3&#8243; css=\u00bb.vc_custom_1732538833007{padding-top: 5% !important;}\u00bb][na_price_listing style=\u00bbmega-price-table-5&#8243; price_title=\u00bbQUOTA MES\u00bb price_amount=\u00bb80\u20ac\u00bb btn_text=\u00bbINSCR\u00cdBETE\u00bb top_bg=\u00bb#003e52&#8243; price_bg=\u00bb#f2dab2&#8243; btn_url=\u00bbhttps:\/\/forms.gle\/8CknFteb6qQRqeZz9&#8243; price_plan=\u00bb75\u20ac socis\u00bb]<\/p>\n<ul>\n<li style=\"text-align: center;\">TOTAL 6 MESES 720\u20ac \/ SOCIOS 675\u20ac<\/li>\n<li style=\"text-align: center;\">Matr\u00edcula de 35\u20ac<\/li>\n<li style=\"text-align: center;\">Permanencia de 2 meses<\/li>\n<li style=\"text-align: center;\">Ahorra 144\u20ac si pagas de una vez todo el a\u00f1o<\/li>\n<\/ul>\n<p>[\/na_price_listing][\/vc_column_inner][\/vc_row_inner][\/vc_column][\/vc_row][vc_row row_type=\u00bbrow\u00bb use_row_as_full_screen_section=\u00bbno\u00bb type=\u00bbfull_width\u00bb angled_section=\u00bbno\u00bb text_align=\u00bbcenter\u00bb background_image_as_pattern=\u00bbwithout_pattern\u00bb z_index=\u00bb\u00bb padding_top=\u00bb166&#8243; padding_bottom=\u00bb100&#8243; css=\u00bb.vc_custom_1732538186849{padding-top: 5% !important;padding-right: 7% !important;padding-bottom: 5% !important;padding-left: 7% !important;background-color: #f2dab2 !important;}\u00bb][vc_column css_animation=\u00bbnone\u00bb width=\u00bb1\/3&#8243; css=\u00bb.vc_custom_1732538773579{padding-top: 20px !important;}\u00bb][vc_single_image image=\u00bb30461&#8243; img_size=\u00bb400&#215;400&#8243;][\/vc_column][vc_column width=\u00bb1\/2&#8243; css=\u00bb.vc_custom_1587990784673{padding-top: 20px !important;}\u00bb][vc_column_text]<\/p>\n<h1 style=\"text-align: left;\"><strong>SOCIO ARS<\/strong><\/h1>\n<p>[\/vc_column_text][vc_column_text]<\/p>\n<h2 style=\"text-align: left;\">Uso de instalaciones i material<\/h2>\n<p>[\/vc_column_text][vc_column_text css=\u00bb.vc_custom_1741870145002{padding-top: 20px !important;}\u00bb]<\/p>\n<p style=\"text-align: left;\">Si desea beneficiarse de descuentos en el Surf club, cursos de surf, en extraescolares de sus hijos\/as, los casales o material de la tienda, no dude y h\u00e1gase socios por s\u00f3lo<strong> 25\u20ac<\/strong> mensuales<\/p>\n<p style=\"text-align: left;\">Tambi\u00e9n podr\u00e1 utilizar el material como tablas de surf, neoprenos, surfskates y hacer uso de las instalaciones de la escuela como las duchas, el indoor y el coowork.<\/p>\n<p>[\/vc_column_text][vc_btn title=\u00bbAP\u00daNTATE\u00bb style=\u00bbcustom\u00bb custom_background=\u00bb#003e52&#8243; custom_text=\u00bb#f2dab2&#8243; align=\u00bbleft\u00bb link=\u00bburl:https%3A%2F%2Fwww.agroruralsurf.com%2Fsoci-ars%2F\u00bb css=\u00bb.vc_custom_1741870159466{padding-top: 10% !important;}\u00bb][\/vc_column][\/vc_row][vc_row css=\u00bb.vc_custom_1732197889166{padding-top: 5% !important;padding-right: 7% !important;padding-bottom: 5% !important;padding-left: 7% !important;}\u00bb][vc_column width=\u00bb1\/2&#8243;][vc_gmaps link=\u00bb#E-8_JTNDaWZyYW1lJTIwc3JjJTNEJTIyaHR0cHMlM0ElMkYlMkZ3d3cuZ29vZ2xlLmNvbSUyRm1hcHMlMkZlbWJlZCUzRnBiJTNEJTIxMW0xOCUyMTFtMTIlMjExbTMlMjExZDU5MjUuNDk4MTg4NDMzNTc5JTIxMmQzLjE5Mjc5NDM3NDk5MzQxMTYlMjEzZDQyLjA0ODU2MDM1NDcyNjEwNiUyMTJtMyUyMTFmMCUyMTJmMCUyMTNmMCUyMTNtMiUyMTFpMTAyNCUyMTJpNzY4JTIxNGYxMy4xJTIxM20zJTIxMW0yJTIxMXMweDEyYmE1YTEzODA0YjFhZjUlMjUzQTB4YjJkNTc1NmFhZGU2MjE5YiUyMTJzQWdyb1J1cmFsU3VyZiUyNTIwc2Nob29sJTI1MjAtJTI1MjBFc3RhcnRpdCUyMTVlMCUyMTNtMiUyMTFzZXMlMjEyc2VzJTIxNHYxNzMyMTk4MTI1NDI4JTIxNW0yJTIxMXNlcyUyMTJzZXMlMjIlMjB3aWR0aCUzRCUyMjQwMCUyMiUyMGhlaWdodCUzRCUyMjMwMCUyMiUyMHN0eWxlJTNEJTIyYm9yZGVyJTNBMCUzQiUyMiUyMGFsbG93ZnVsbHNjcmVlbiUzRCUyMiUyMiUyMGxvYWRpbmclM0QlMjJsYXp5JTIyJTIwcmVmZXJyZXJwb2xpY3klM0QlMjJuby1yZWZlcnJlci13aGVuLWRvd25ncmFkZSUyMiUzRSUzQyUyRmlmcmFtZSUzRQ==\u00bb][\/vc_column][vc_column width=\u00bb1\/3&#8243;][vc_column_text]<\/p>\n<h2 style=\"text-align: left;\"><strong>UBICACI\u00d3N<\/strong><\/h2>\n<p>[\/vc_column_text][vc_column_text css=\u00bb.vc_custom_1741870177657{padding-top: 5% !important;}\u00bb]<\/p>\n<p style=\"text-align: left;\">Las sesiones se realizar\u00e1n en la escuela de surf situada en la calle salinas 16 de l&#8217;Estartit. Disponemos de instalaciones ideales, vestuarios, aula, skatepark, zona de entrenamiento funcional. A 100 metros de la playa.<\/p>\n<p>[\/vc_column_text][\/vc_column][\/vc_row]<\/p>\n","protected":false},"excerpt":{"rendered":"<p>[vc_row row_type=\u00bbrow\u00bb use_row_as_full_screen_section=\u00bbno\u00bb type=\u00bbfull_width\u00bb angled_section=\u00bbno\u00bb text_align=\u00bbleft\u00bb background_image_as_pattern=\u00bbwithout_pattern\u00bb z_index=\u00bb\u00bb css=\u00bb.vc_custom_1732199792864{padding-top: 3% !important;padding-right: 7% !important;padding-bottom: 5% !important;padding-left: 7% !important;background-color: #eae5dc !important;}\u00bb][vc_column width=\u00bb5\/12&#8243; css=\u00bb.vc_custom_1733917730640{padding-top: 230px !important;}\u00bb][vc_column_text] SURF CLUB [\/vc_column_text][vc_column_text] Cada s\u00e1bado de 10h&#8230;<\/p>\n","protected":false},"author":3,"featured_media":0,"parent":0,"menu_order":0,"comment_status":"closed","ping_status":"closed","template":"full_width.php","meta":[],"yoast_head":"<!-- This site is optimized with the Yoast SEO plugin v19.6.1 - https:\/\/yoast.com\/wordpress\/plugins\/seo\/ -->\n<title>SURF CLUB - agroruralsurf<\/title>\n<meta name=\"description\" content=\"El Surf Club \u00e9s un programa d&#039;abonats creat per aquells amants del mar que volen aprofundir en el seu aprenentatge.\" \/>\n<meta name=\"robots\" content=\"index, follow, max-snippet:-1, max-image-preview:large, max-video-preview:-1\" \/>\n<link rel=\"canonical\" href=\"https:\/\/www.agroruralsurf.com\/es\/surf-club\/\" \/>\n<meta property=\"og:locale\" content=\"es_ES\" \/>\n<meta property=\"og:type\" content=\"article\" \/>\n<meta property=\"og:title\" content=\"SURF CLUB - agroruralsurf\" \/>\n<meta property=\"og:description\" content=\"El Surf Club \u00e9s un programa d&#039;abonats creat per aquells amants del mar que volen aprofundir en el seu aprenentatge.\" \/>\n<meta property=\"og:url\" content=\"https:\/\/www.agroruralsurf.com\/es\/surf-club\/\" \/>\n<meta property=\"og:site_name\" content=\"agroruralsurf\" \/>\n<meta property=\"article:publisher\" content=\"https:\/\/www.facebook.com\/agroruralsurf\/\" \/>\n<meta property=\"article:modified_time\" content=\"2025-09-03T14:25:41+00:00\" \/>\n<meta property=\"og:image\" content=\"https:\/\/www.agroruralsurf.com\/wp-content\/uploads\/2021\/05\/WEB2-scaled.jpg\" \/>\n\t<meta property=\"og:image:width\" content=\"2560\" \/>\n\t<meta property=\"og:image:height\" content=\"1536\" \/>\n\t<meta property=\"og:image:type\" content=\"image\/jpeg\" \/>\n<meta name=\"twitter:card\" content=\"summary_large_image\" \/>\n<meta name=\"twitter:label1\" content=\"Tiempo de lectura\" \/>\n\t<meta name=\"twitter:data1\" content=\"6 minutos\" \/>\n<script type=\"application\/ld+json\" class=\"yoast-schema-graph\">{\"@context\":\"https:\/\/schema.org\",\"@graph\":[{\"@type\":\"WebPage\",\"@id\":\"https:\/\/www.agroruralsurf.com\/es\/surf-club\/\",\"url\":\"https:\/\/www.agroruralsurf.com\/es\/surf-club\/\",\"name\":\"SURF CLUB - agroruralsurf\",\"isPartOf\":{\"@id\":\"https:\/\/www.agroruralsurf.com\/#website\"},\"datePublished\":\"2024-11-21T11:32:17+00:00\",\"dateModified\":\"2025-09-03T14:25:41+00:00\",\"description\":\"El Surf Club \u00e9s un programa d'abonats creat per aquells amants del mar que volen aprofundir en el seu aprenentatge.\",\"breadcrumb\":{\"@id\":\"https:\/\/www.agroruralsurf.com\/es\/surf-club\/#breadcrumb\"},\"inLanguage\":\"es\",\"potentialAction\":[{\"@type\":\"ReadAction\",\"target\":[\"https:\/\/www.agroruralsurf.com\/es\/surf-club\/\"]}]},{\"@type\":\"BreadcrumbList\",\"@id\":\"https:\/\/www.agroruralsurf.com\/es\/surf-club\/#breadcrumb\",\"itemListElement\":[{\"@type\":\"ListItem\",\"position\":1,\"name\":\"Inici\",\"item\":\"https:\/\/www.agroruralsurf.com\/\"},{\"@type\":\"ListItem\",\"position\":2,\"name\":\"SURF CLUB\"}]},{\"@type\":\"WebSite\",\"@id\":\"https:\/\/www.agroruralsurf.com\/#website\",\"url\":\"https:\/\/www.agroruralsurf.com\/\",\"name\":\"agroruralsurf\",\"description\":\"agroruralsurf\",\"publisher\":{\"@id\":\"https:\/\/www.agroruralsurf.com\/#organization\"},\"potentialAction\":[{\"@type\":\"SearchAction\",\"target\":{\"@type\":\"EntryPoint\",\"urlTemplate\":\"https:\/\/www.agroruralsurf.com\/?s={search_term_string}\"},\"query-input\":\"required name=search_term_string\"}],\"inLanguage\":\"es\"},{\"@type\":\"Organization\",\"@id\":\"https:\/\/www.agroruralsurf.com\/#organization\",\"name\":\"Agro Rural Surf\",\"url\":\"https:\/\/www.agroruralsurf.com\/\",\"sameAs\":[\"https:\/\/www.instagram.com\/agroruralsurf\/\",\"https:\/\/www.youtube.com\/channel\/UCqe6P2fGcAVgk66aE8VP_kA\",\"https:\/\/www.facebook.com\/agroruralsurf\/\"],\"logo\":{\"@type\":\"ImageObject\",\"inLanguage\":\"es\",\"@id\":\"https:\/\/www.agroruralsurf.com\/#\/schema\/logo\/image\/\",\"url\":\"https:\/\/www.agroruralsurf.com\/wp-content\/uploads\/2019\/11\/cropped-Logo-rodo-negre@2x.png\",\"contentUrl\":\"https:\/\/www.agroruralsurf.com\/wp-content\/uploads\/2019\/11\/cropped-Logo-rodo-negre@2x.png\",\"width\":512,\"height\":512,\"caption\":\"Agro Rural Surf\"},\"image\":{\"@id\":\"https:\/\/www.agroruralsurf.com\/#\/schema\/logo\/image\/\"}}]}<\/script>\n<!-- \/ Yoast SEO plugin. -->","yoast_head_json":{"title":"SURF CLUB - agroruralsurf","description":"El Surf Club \u00e9s un programa d'abonats creat per aquells amants del mar que volen aprofundir en el seu aprenentatge.","robots":{"index":"index","follow":"follow","max-snippet":"max-snippet:-1","max-image-preview":"max-image-preview:large","max-video-preview":"max-video-preview:-1"},"canonical":"https:\/\/www.agroruralsurf.com\/es\/surf-club\/","og_locale":"es_ES","og_type":"article","og_title":"SURF CLUB - agroruralsurf","og_description":"El Surf Club \u00e9s un programa d'abonats creat per aquells amants del mar que volen aprofundir en el seu aprenentatge.","og_url":"https:\/\/www.agroruralsurf.com\/es\/surf-club\/","og_site_name":"agroruralsurf","article_publisher":"https:\/\/www.facebook.com\/agroruralsurf\/","article_modified_time":"2025-09-03T14:25:41+00:00","og_image":[{"width":2560,"height":1536,"url":"https:\/\/www.agroruralsurf.com\/wp-content\/uploads\/2021\/05\/WEB2-scaled.jpg","type":"image\/jpeg"}],"twitter_card":"summary_large_image","twitter_misc":{"Tiempo de lectura":"6 minutos"},"schema":{"@context":"https:\/\/schema.org","@graph":[{"@type":"WebPage","@id":"https:\/\/www.agroruralsurf.com\/es\/surf-club\/","url":"https:\/\/www.agroruralsurf.com\/es\/surf-club\/","name":"SURF CLUB - agroruralsurf","isPartOf":{"@id":"https:\/\/www.agroruralsurf.com\/#website"},"datePublished":"2024-11-21T11:32:17+00:00","dateModified":"2025-09-03T14:25:41+00:00","description":"El Surf Club \u00e9s un programa d'abonats creat per aquells amants del mar que volen aprofundir en el seu aprenentatge.","breadcrumb":{"@id":"https:\/\/www.agroruralsurf.com\/es\/surf-club\/#breadcrumb"},"inLanguage":"es","potentialAction":[{"@type":"ReadAction","target":["https:\/\/www.agroruralsurf.com\/es\/surf-club\/"]}]},{"@type":"BreadcrumbList","@id":"https:\/\/www.agroruralsurf.com\/es\/surf-club\/#breadcrumb","itemListElement":[{"@type":"ListItem","position":1,"name":"Inici","item":"https:\/\/www.agroruralsurf.com\/"},{"@type":"ListItem","position":2,"name":"SURF CLUB"}]},{"@type":"WebSite","@id":"https:\/\/www.agroruralsurf.com\/#website","url":"https:\/\/www.agroruralsurf.com\/","name":"agroruralsurf","description":"agroruralsurf","publisher":{"@id":"https:\/\/www.agroruralsurf.com\/#organization"},"potentialAction":[{"@type":"SearchAction","target":{"@type":"EntryPoint","urlTemplate":"https:\/\/www.agroruralsurf.com\/?s={search_term_string}"},"query-input":"required name=search_term_string"}],"inLanguage":"es"},{"@type":"Organization","@id":"https:\/\/www.agroruralsurf.com\/#organization","name":"Agro Rural Surf","url":"https:\/\/www.agroruralsurf.com\/","sameAs":["https:\/\/www.instagram.com\/agroruralsurf\/","https:\/\/www.youtube.com\/channel\/UCqe6P2fGcAVgk66aE8VP_kA","https:\/\/www.facebook.com\/agroruralsurf\/"],"logo":{"@type":"ImageObject","inLanguage":"es","@id":"https:\/\/www.agroruralsurf.com\/#\/schema\/logo\/image\/","url":"https:\/\/www.agroruralsurf.com\/wp-content\/uploads\/2019\/11\/cropped-Logo-rodo-negre@2x.png","contentUrl":"https:\/\/www.agroruralsurf.com\/wp-content\/uploads\/2019\/11\/cropped-Logo-rodo-negre@2x.png","width":512,"height":512,"caption":"Agro Rural Surf"},"image":{"@id":"https:\/\/www.agroruralsurf.com\/#\/schema\/logo\/image\/"}}]}},"_links":{"self":[{"href":"https:\/\/www.agroruralsurf.com\/es\/wp-json\/wp\/v2\/pages\/30631"}],"collection":[{"href":"https:\/\/www.agroruralsurf.com\/es\/wp-json\/wp\/v2\/pages"}],"about":[{"href":"https:\/\/www.agroruralsurf.com\/es\/wp-json\/wp\/v2\/types\/page"}],"author":[{"embeddable":true,"href":"https:\/\/www.agroruralsurf.com\/es\/wp-json\/wp\/v2\/users\/3"}],"replies":[{"embeddable":true,"href":"https:\/\/www.agroruralsurf.com\/es\/wp-json\/wp\/v2\/comments?post=30631"}],"version-history":[{"count":6,"href":"https:\/\/www.agroruralsurf.com\/es\/wp-json\/wp\/v2\/pages\/30631\/revisions"}],"predecessor-version":[{"id":31302,"href":"https:\/\/www.agroruralsurf.com\/es\/wp-json\/wp\/v2\/pages\/30631\/revisions\/31302"}],"wp:attachment":[{"href":"https:\/\/www.agroruralsurf.com\/es\/wp-json\/wp\/v2\/media?parent=30631"}],"curies":[{"name":"wp","href":"https:\/\/api.w.org\/{rel}","templated":true}]}}